{"id":2101,"date":"2013-12-03T20:51:50","date_gmt":"2013-12-03T20:51:50","guid":{"rendered":"http:\/\/www.buscroatia.com\/de\/?page_id=2101"},"modified":"2013-12-11T14:05:34","modified_gmt":"2013-12-11T14:05:34","slug":"busreise-umag","status":"publish","type":"page","link":"https:\/\/www.buscroatia.com\/de\/busreise-umag\/","title":{"rendered":"Busreise Umag"},"content":{"rendered":"<p><b>Umag liegt idyllisch<\/b> in einer hufeisenf\u00f6rmigen Bucht <b>im Nordwesten der Halbinsel Istriens<\/b>, nur wenige Kilometer von Slowenien entfernt. Ein 5 km langer, felsiger und flacher Strand mit Badeplateaus, Liegewiesen und Buchten bietet den idealen Ort f\u00fcr einen entspannten Erholungsurlaub.<\/p>\n<p><b>Busreisen von Deutschland oder \u00d6sterreich an die Umag Riviera sind sehr beliebt<\/b>, das Angebot variiert je nach Jahreszeit. Eine beliebte Tour ist die Saisoner\u00f6ffnungsreise im Fr\u00fchling, die 8 Tage dauert und <b>7 \u00dcbernachtungen in Umag bietet<\/b>. Das Programm, das angeboten wird, ist sehr interessant, man <b>besucht viele verschiedene St\u00e4dte<\/b>, wie beispielsweise Porec, Rovinj, Labin, Pazin, Buzet und Motovun. Jeden Tag werden Ausfl\u00fcge in mindestens zwei St\u00e4de in Istrien unternommen, <b>das Ausflugsprogramm ist im Reisepreis enthalten<\/b>. <a title=\"Busreisekatalog Kroatien\" href=\"https:\/\/www.buscroatia.com\/de\/busreisekatalog-kroatien\/\">Weitere Angebote f\u00fcr Busreisen nach Umag k\u00f6nnen Sie hier finden<\/a>:<\/p>\n<p><b>Eine weitere interessante Busreise nach Umag w\u00e4re eine Busrundreise<\/b>. F\u00fcr diejenigen, die im Urlaub so viel wie m\u00f6glich sehen, und m\u00f6glichst viele verschiedene St\u00e4dte besichtigen m\u00f6chten, sind <a title=\"Busrundreisen und Busurlaubsreisen nach Kroatien\" href=\"https:\/\/www.buscroatia.com\/de\/busreise-kroatien\/\"><strong>Bus<\/strong>r<b>undreisen die ideale Option<\/b>. <\/a>Es gibt mehr und mehr Rundreisen durch Istrien oder durch ganz Kroatien. Es werden immer mehr Rundreisen, in denen Umag besucht wird, angeboten. <a title=\"Busreisekatalog Kroatien\" href=\"https:\/\/www.buscroatia.com\/de\/busreisekatalog-kroatien\/\">Aktuelle Angebote an Busrundreisen nach Kroatien k\u00f6nnen Sie hier finden<\/a>.<\/p>\n<p style=\"text-align: center;\"><a href=\"https:\/\/www.buscroatia.com\/de\/wp-content\/uploads\/2013\/12\/Busreise-umag.jpg\" rel=\"lightbox[2101]\"><img decoding=\"async\" class=\".aligncenter\" title=\"Busreise Umag\" alt=\"Busreise Umag\" src=\"https:\/\/www.buscroatia.com\/de\/wp-content\/uploads\/2013\/12\/Busreise-umag.jpg\" width=\"100%\" \/><\/a><\/p>\n<p>Traditionelle Linienbusse nach Umag gibt es nat\u00fcrlich auch. <b>Ganzj\u00e4hrlich erreicht man die Umag Riviera via Rijeka mit dem Linienbus<\/b> aus vielen deutschen und \u00f6sterreichschen St\u00e4dten. W\u00e4hrend der Sommersaison vergr\u00f6\u00dfert sich die Anzahl von w\u00f6chentlichen Busverbindungen. <b>Die Anreise mit dem Linienbus<\/b> ist ideal f\u00fcr diejenigen, die ihre Unterkunft in einer Feriewohnung oder Hotel Vorort\u00a0 gestalten m\u00f6chten.<\/p>\n<p style=\"text-align: right;\">Beitrag von <a href=\"https:\/\/plus.google.com\/109378476266658110512?\" rel=\"author\">Ines Sucic<\/a><\/p>\n","protected":false},"excerpt":{"rendered":"<p>Umag liegt idyllisch in einer hufeisenf\u00f6rmigen Bucht im Nordwesten der Halbinsel Istriens, nur wenige Kilometer von Slowenien entfernt. Ein 5 km langer, felsiger und flacher Strand mit Badeplateaus, Liegewiesen und Buchten bietet den idealen Ort f\u00fcr einen entspannten Erholungsurlaub. Busreisen von Deutschland oder \u00d6sterreich an die Umag Riviera sind sehr beliebt, das Angebot variiert je [&hellip;]<\/p>\n","protected":false},"author":2,"featured_media":2104,"parent":0,"menu_order":0,"comment_status":"open","ping_status":"open","template":"","meta":[],"aioseo_notices":[],"_links":{"self":[{"href":"https:\/\/www.buscroatia.com\/de\/wp-json\/wp\/v2\/pages\/2101"}],"collection":[{"href":"https:\/\/www.buscroatia.com\/de\/wp-json\/wp\/v2\/pages"}],"about":[{"href":"https:\/\/www.buscroatia.com\/de\/wp-json\/wp\/v2\/types\/page"}],"author":[{"embeddable":true,"href":"https:\/\/www.buscroatia.com\/de\/wp-json\/wp\/v2\/users\/2"}],"replies":[{"embeddable":true,"href":"https:\/\/www.buscroatia.com\/de\/wp-json\/wp\/v2\/comments?post=2101"}],"version-history":[{"count":5,"href":"https:\/\/www.buscroatia.com\/de\/wp-json\/wp\/v2\/pages\/2101\/revisions"}],"predecessor-version":[{"id":2211,"href":"https:\/\/www.buscroatia.com\/de\/wp-json\/wp\/v2\/pages\/2101\/revisions\/2211"}],"wp:featuredmedia":[{"embeddable":true,"href":"https:\/\/www.buscroatia.com\/de\/wp-json\/wp\/v2\/media\/2104"}],"wp:attachment":[{"href":"https:\/\/www.buscroatia.com\/de\/wp-json\/wp\/v2\/media?parent=2101"}],"curies":[{"name":"wp","href":"https:\/\/api.w.org\/{rel}","templated":true}]}}