{"id":2095,"date":"2013-12-03T20:47:44","date_gmt":"2013-12-03T20:47:44","guid":{"rendered":"http:\/\/www.buscroatia.com\/de\/?page_id=2095"},"modified":"2013-12-11T14:17:40","modified_gmt":"2013-12-11T14:17:40","slug":"busreise-novi-vinodolski","status":"publish","type":"page","link":"https:\/\/www.buscroatia.com\/de\/busreise-novi-vinodolski\/","title":{"rendered":"Busreise Novi Vinodolski"},"content":{"rendered":"<p>Wegen seines angenehmen Klimas und seinem guten touristischen Angebot, hat <b>Novi Vinodolski bereist 1906 den Status eines Seebads und eines Luftkurorts erhalten<\/b>. Heute hat sich das Angebot nat\u00fcrlich verbessert, es wird mit Hotels, Feriensiedlungen und Campingpl\u00e4tzen vervollst\u00e4ndigt. Die N\u00e4he des kristallklaren Meeres, mit sch\u00f6nen, eingerichteten und leicht <b>zug\u00e4nglichen Str\u00e4nden macht Novi Vinodolski zum idealen Urlaubsort<\/b>.<\/p>\n<p><a title=\"Busreise Kroatien\" href=\"https:\/\/www.buscroatia.com\/de\/busreise-kroatien\/\">Busreisen von Deutschland und \u00d6sterreich<\/a> an <b>die Riviera von Novi Vinodolski<\/b> sind sehr beliebt, das Angebot variiert je nach Jahreszeit. <b>Eine beliebte Option ist der Badeurlaub in Novi Vinodolski<\/b>, die 10 Tage lange Reise bietet 7 \u00dcbernachtungen im gew\u00e4hlten Hotel. Man verbringt <b>7 Tage in einer wundersch\u00f6nen Hotelanlage<\/b>, die direkt am Strand von Novi Vinodolski liegt. Man kann entweder an diesem, oder einem anderen der sch\u00f6nen Str\u00e4nde die Sonne und das kristallklare Meer genie\u00dfen, die Seele baumeln lassen und so einen <b>wunderbaren Erholungsurlaub<\/b> verbringen.\u00a0 <a title=\"Busreisekatalog Kroatien\" href=\"https:\/\/www.buscroatia.com\/de\/busreisekatalog-kroatien\/\">Weitere Angebote f\u00fcr Busreisen nach Novi Vinodolski k\u00f6nnen Sie hier<\/a> finden:<\/p>\n<p>Alternativ zu einer <b>Busreise nach Novi Vinodolski<\/b> bietet sich die M\u00f6glichkeit <b>Kroatien mit einer Busrundreise zu erkundigen<\/b>. F\u00fcr alle, die im Urlaub so viel wie m\u00f6glich sehen m\u00f6chten, und die m\u00f6glichst viele verschiedene St\u00e4dte besichtigen m\u00f6chten, sind Rundreisen die ideale Wahl. Es gibt immer mehr Rundreisen durch Istrien, aber auch <b>durch ganz Kroatien. Dalmatien mit ihrer wundersch\u00f6nen K\u00fcste<\/b> und ihren vielen Inseln ist ebenfalls eine beliebte Option. <a title=\"Busreisekatalog Kroatien\" href=\"https:\/\/www.buscroatia.com\/de\/busreisekatalog-kroatien\/\">Aktuelle Angebote f\u00fcr Busrundreisen nach Kroatien k\u00f6nnen Sie hier finden<\/a>.<\/p>\n<p style=\"text-align: center;\"><a href=\"https:\/\/www.buscroatia.com\/de\/wp-content\/uploads\/2013\/12\/Busreise-novi-vinodolski.jpg\" rel=\"lightbox[2095]\"><img decoding=\"async\" class=\".aligncenter\" title=\"Busreise Novi Vinodolski\" alt=\"Busreise Novi Vinodolski\" src=\"https:\/\/www.buscroatia.com\/de\/wp-content\/uploads\/2013\/12\/Busreise-novi-vinodolski.jpg\" width=\"100%\" \/><\/a><\/p>\n<p>Eine andere <b>Option f\u00fcr einen Novi Vinodolski Urlaub <\/b>sind traditionelle Linienbusse. Die Anreise mit einem Linienbus ist ideal geeignet f\u00fcr alle, die ihre <b>Unterkunft in einem Hotel oder einer Ferienwohnung<\/b>, aber auch ihren Tagesablauf selber organisieren m\u00f6chten. Novi Vinodolski kann man das ganze Jahr \u00fcber via Rijeka und via Zagreb erreichen, <b>es gibt Busverbindungen aus vielen verschiedenen deutschen und \u00f6sterreichischen St\u00e4dten<\/b>. W\u00e4hrend der Sommersaison vergr\u00f6\u00dfert sich das Angebot und die Anzahl von w\u00f6chentlichen Busverbindungen steigt an.<\/p>\n<p style=\"text-align: right;\">Beitrag von <a href=\"https:\/\/plus.google.com\/109378476266658110512?\" rel=\"author\">Ines Sucic<\/a><\/p>\n","protected":false},"excerpt":{"rendered":"<p>Wegen seines angenehmen Klimas und seinem guten touristischen Angebot, hat Novi Vinodolski bereist 1906 den Status eines Seebads und eines Luftkurorts erhalten. Heute hat sich das Angebot nat\u00fcrlich verbessert, es wird mit Hotels, Feriensiedlungen und Campingpl\u00e4tzen vervollst\u00e4ndigt. Die N\u00e4he des kristallklaren Meeres, mit sch\u00f6nen, eingerichteten und leicht zug\u00e4nglichen Str\u00e4nden macht Novi Vinodolski zum idealen Urlaubsort. [&hellip;]<\/p>\n","protected":false},"author":2,"featured_media":2098,"parent":0,"menu_order":0,"comment_status":"open","ping_status":"open","template":"","meta":[],"aioseo_notices":[],"_links":{"self":[{"href":"https:\/\/www.buscroatia.com\/de\/wp-json\/wp\/v2\/pages\/2095"}],"collection":[{"href":"https:\/\/www.buscroatia.com\/de\/wp-json\/wp\/v2\/pages"}],"about":[{"href":"https:\/\/www.buscroatia.com\/de\/wp-json\/wp\/v2\/types\/page"}],"author":[{"embeddable":true,"href":"https:\/\/www.buscroatia.com\/de\/wp-json\/wp\/v2\/users\/2"}],"replies":[{"embeddable":true,"href":"https:\/\/www.buscroatia.com\/de\/wp-json\/wp\/v2\/comments?post=2095"}],"version-history":[{"count":5,"href":"https:\/\/www.buscroatia.com\/de\/wp-json\/wp\/v2\/pages\/2095\/revisions"}],"predecessor-version":[{"id":2222,"href":"https:\/\/www.buscroatia.com\/de\/wp-json\/wp\/v2\/pages\/2095\/revisions\/2222"}],"wp:featuredmedia":[{"embeddable":true,"href":"https:\/\/www.buscroatia.com\/de\/wp-json\/wp\/v2\/media\/2098"}],"wp:attachment":[{"href":"https:\/\/www.buscroatia.com\/de\/wp-json\/wp\/v2\/media?parent=2095"}],"curies":[{"name":"wp","href":"https:\/\/api.w.org\/{rel}","templated":true}]}}