{"id":2091,"date":"2013-12-03T20:46:35","date_gmt":"2013-12-03T20:46:35","guid":{"rendered":"http:\/\/www.buscroatia.com\/de\/?page_id=2091"},"modified":"2013-12-11T14:17:16","modified_gmt":"2013-12-11T14:17:16","slug":"busreise-losinj","status":"publish","type":"page","link":"https:\/\/www.buscroatia.com\/de\/busreise-losinj\/","title":{"rendered":"Busreise Losinj"},"content":{"rendered":"<p>Die <b>Geschichte der Insel Losinj<\/b> und seiner Bewohner ist seit jeher mit dem Meer verbunden. Zahlreiche Matrosen und Kapit\u00e4ne haben ihre Spuren auf der malerischen Insel hinterlassen, sie haben aus fernen L\u00e4ndern exotische Pflanzen, D\u00fcfte und Formen mitgebracht, und auf diese Weise die <b>Vegetation der Insel gepr\u00e4gt<\/b>. Das kristallklare Meer und die von H\u00f6hlen durchzogenen Meerestiefen faszinieren jeder Mann.<\/p>\n<p>Busreisen von Deutschland und \u00d6sterreich auf die Insel sind sehr belieb, das Angebot variiert je nach Jahreszeit. <b>Eine beliebte Tour ist die Erkundung der Inselwelt der Adria mit 7 \u00dcbernachtungen auf der Insel Losinj<\/b> und mit jeweils einer \u00dcbernachtung im S\u00fcdtirol und in Salzburg. Das Programm ist sehr interessant und bietet unter anderem <b>eine Inselrundfahrt<\/b>, <b>einen Besuch der Insel Cres<\/b>, einen gef\u00fchrten Spaziergang und einen Besuch des \u201eBlue World Center&#8217;s\u201c.\u00a0 <a title=\"Busreisekatalog Kroatien\" href=\"https:\/\/www.buscroatia.com\/de\/busreisekatalog-kroatien\/\">Weitere Angebote f\u00fcr Busreisen nach Losinj k\u00f6nnen Sie hier finden<\/a>:<\/p>\n<p>Eine andere <b>interessante Option f\u00fcr eine Busreise nach Losinj w\u00e4re <a title=\"Busreise Kroatien\" href=\"https:\/\/www.buscroatia.com\/de\/busreise-kroatien\/\">eine Busrundreise<\/a><\/b>. F\u00fcr alle, die im Urlaub so viel wie m\u00f6glich sehen, und m\u00f6glichst viele verschiedene St\u00e4dte besuchen m\u00f6chten, sind Rundreisen die richtige Wahl. Es gibt immer mehr Rundreisen durch Istrien, aber auch durch ganz Kroatien. <b>Die kroatische K\u00fcste und die vielen Inseln werden ebenfalls immer beliebter<\/b>. Es werden immer mehr Rundreisen, in denen die Insel Losinj besucht wird, angeboten. <a title=\"Busreisekatalog Kroatien\" href=\"https:\/\/www.buscroatia.com\/de\/busreisekatalog-kroatien\/\">Aktuelle Angebote f\u00fcr Busrundreisen nach Kroatien k\u00f6nnen Sie hier finden<\/a>.<\/p>\n<p style=\"text-align: center;\"><a href=\"https:\/\/www.buscroatia.com\/de\/wp-content\/uploads\/2013\/12\/Busreise-losinj.jpg\" rel=\"lightbox[2091]\"><img decoding=\"async\" class=\".aligncenter\" title=\"Busreise Insel losinj\" alt=\"Busreise Insel losinj\" src=\"https:\/\/www.buscroatia.com\/de\/wp-content\/uploads\/2013\/12\/Busreise-losinj.jpg\" width=\"100%\" \/><\/a><\/p>\n<p>Eine andere Option sind <b>traditionelle Linienbusse, die nach Losinj fahren<\/b>. Ganzj\u00e4hrlich kann man die Insel via Rijeka oder via Zagreb, nat\u00fcrlich in Kombination mit einer F\u00e4hrenfahrt erreichen. <b>Es gibt Busverbindungen aus vielen deutschen und \u00f6sterreichischen St\u00e4dten<\/b>. W\u00e4hrend der Sommersaison vergr\u00f6\u00dfert sich die Anzahl von w\u00f6chentlichen Busverbindungen. Die Anreise mit dem Linienbus ist ideal f\u00fcr alle, die ihre <b>Unterkunft in einem Hotel oder einer Ferienwohnung<\/b> selber Vorort gestalten m\u00f6chten.<\/p>\n<p style=\"text-align: right;\">Beitrag von <a href=\"https:\/\/plus.google.com\/109378476266658110512?\" rel=\"author\">Ines Sucic<\/a><\/p>\n","protected":false},"excerpt":{"rendered":"<p>Die Geschichte der Insel Losinj und seiner Bewohner ist seit jeher mit dem Meer verbunden. Zahlreiche Matrosen und Kapit\u00e4ne haben ihre Spuren auf der malerischen Insel hinterlassen, sie haben aus fernen L\u00e4ndern exotische Pflanzen, D\u00fcfte und Formen mitgebracht, und auf diese Weise die Vegetation der Insel gepr\u00e4gt. Das kristallklare Meer und die von H\u00f6hlen durchzogenen [&hellip;]<\/p>\n","protected":false},"author":2,"featured_media":2093,"parent":0,"menu_order":0,"comment_status":"open","ping_status":"open","template":"","meta":[],"aioseo_notices":[],"_links":{"self":[{"href":"https:\/\/www.buscroatia.com\/de\/wp-json\/wp\/v2\/pages\/2091"}],"collection":[{"href":"https:\/\/www.buscroatia.com\/de\/wp-json\/wp\/v2\/pages"}],"about":[{"href":"https:\/\/www.buscroatia.com\/de\/wp-json\/wp\/v2\/types\/page"}],"author":[{"embeddable":true,"href":"https:\/\/www.buscroatia.com\/de\/wp-json\/wp\/v2\/users\/2"}],"replies":[{"embeddable":true,"href":"https:\/\/www.buscroatia.com\/de\/wp-json\/wp\/v2\/comments?post=2091"}],"version-history":[{"count":3,"href":"https:\/\/www.buscroatia.com\/de\/wp-json\/wp\/v2\/pages\/2091\/revisions"}],"predecessor-version":[{"id":2221,"href":"https:\/\/www.buscroatia.com\/de\/wp-json\/wp\/v2\/pages\/2091\/revisions\/2221"}],"wp:featuredmedia":[{"embeddable":true,"href":"https:\/\/www.buscroatia.com\/de\/wp-json\/wp\/v2\/media\/2093"}],"wp:attachment":[{"href":"https:\/\/www.buscroatia.com\/de\/wp-json\/wp\/v2\/media?parent=2091"}],"curies":[{"name":"wp","href":"https:\/\/api.w.org\/{rel}","templated":true}]}}