{"id":2035,"date":"2013-12-03T07:38:42","date_gmt":"2013-12-03T07:38:42","guid":{"rendered":"http:\/\/www.buscroatia.com\/de\/?page_id=2035"},"modified":"2013-12-11T14:04:42","modified_gmt":"2013-12-11T14:04:42","slug":"busreise-porec","status":"publish","type":"page","link":"https:\/\/www.buscroatia.com\/de\/busreise-porec\/","title":{"rendered":"Busreise Porec"},"content":{"rendered":"<p>Porec hat sich in den letzten Jahren zum absoluten Geheimtipp in Kroatien entwickelt. <b>Die Stadt an der westlichen K\u00fcste Istriens<\/b> bezaubert mit einer wundersch\u00f6nen, romantischen Altstadt, mit wundersch\u00f6nen Str\u00e4nden, aber auch mit einem tollen Partyangebot. Das abwechslungsreiche Angebot garantiert jedem einen angenehmen und abwechslungsreichen Urlaub.<\/p>\n<p><b><a title=\"Busreise Kroatien\" href=\"https:\/\/www.buscroatia.com\/de\/busreise-kroatien\/\">Busreisen von Deutschland und \u00d6sterreich<\/a> nach Porec sind sehr beliebt<\/b>, das Angebot variiert je nach Jahreszeit. Eine beliebte Tour ist die 10 Tage Reise mit 7 \u00dcbernachtungen im gew\u00e4hlten Hotel. <b>Das Unterhaltungsangebot in Porec ist sehr abwechslungsreich<\/b> und man kann etwas f\u00fcr jeden Geschmack finden. Man kann aber auch einfach nur entspannen und seinen Urlaub an einem der <b>wundersch\u00f6nen Str\u00e4nde in Porec<\/b> verbringen und sich beim stundenlangen Sonnenbaden erholen. Abends kann man eine der vielen Restaurants, Bars und Tavernen besuchen. <a title=\"Busreisekatalog Kroatien\" href=\"https:\/\/www.buscroatia.com\/de\/busreisekatalog-kroatien\/\">Weitere Angebote f\u00fcr Busreisen nach Porec k\u00f6nnen Sie hier finden<\/a>.<\/p>\n<p>Eine weitere <b>interessante Busreise nach Porec<\/b> w\u00e4re eine Busrundreise. F\u00fcr diejenigen, die im Urlaub so viel wie m\u00f6glich sehen, und <b>m\u00f6glichst viele St\u00e4dte besichtigen<\/b> <b>m\u00f6chten<\/b>, sind <b>Rundreisen die ideale Option<\/b>. Es gibt mehr und mehr Rundreisen durch Istrien oder durch ganz Kroatien. Es werden immer mehr Rundreisen, in denen Porec besucht wird, angeboten. <a title=\"Busreisekatalog Kroatien\" href=\"https:\/\/www.buscroatia.com\/de\/busreisekatalog-kroatien\/\">Aktuelle Angebote an Busrundreisen nach Kroatien k\u00f6nnen Sie hier finden<\/a>:<\/p>\n<p style=\"text-align: center;\"><a href=\"https:\/\/www.buscroatia.com\/de\/wp-content\/uploads\/2013\/12\/Busreisen-porec.jpg\" rel=\"lightbox[2035]\"><img decoding=\"async\" class=\".aligncenter\" title=\"Busreisen Porec\" alt=\"Busreisen Porec\" src=\"https:\/\/www.buscroatia.com\/de\/wp-content\/uploads\/2013\/12\/Busreisen-porec.jpg\" width=\"100%\" \/><\/a><\/p>\n<p><b>Traditionelle Linienbusse nach Porec<\/b> gibt es nat\u00fcrlich auch. Ganzj\u00e4hrlich erreicht man die Porec Riviera via Rijeka mit dem Linienbus aus vielen deutschen und \u00f6sterreichschen St\u00e4dten. W\u00e4hrend der Sommersaison vergr\u00f6\u00dfert sich die Anzahl von w\u00f6chentlichen Busverbindungen. Die <b>Anreise mit dem Linienbus<\/b> ist ideal f\u00fcr diejenigen, die ihre <b>Unterkunft in einer Feriewohnung oder Hotel<\/b> Vorort\u00a0 gestalten m\u00f6chten.<\/p>\n<p style=\"text-align: right;\">Beitrag von <a href=\"https:\/\/plus.google.com\/109378476266658110512?\" rel=\"author\">Ines Sucic<\/a><\/p>\n","protected":false},"excerpt":{"rendered":"<p>Porec hat sich in den letzten Jahren zum absoluten Geheimtipp in Kroatien entwickelt. Die Stadt an der westlichen K\u00fcste Istriens bezaubert mit einer wundersch\u00f6nen, romantischen Altstadt, mit wundersch\u00f6nen Str\u00e4nden, aber auch mit einem tollen Partyangebot. Das abwechslungsreiche Angebot garantiert jedem einen angenehmen und abwechslungsreichen Urlaub. Busreisen von Deutschland und \u00d6sterreich nach Porec sind sehr beliebt, [&hellip;]<\/p>\n","protected":false},"author":2,"featured_media":2037,"parent":0,"menu_order":0,"comment_status":"open","ping_status":"open","template":"","meta":[],"aioseo_notices":[],"_links":{"self":[{"href":"https:\/\/www.buscroatia.com\/de\/wp-json\/wp\/v2\/pages\/2035"}],"collection":[{"href":"https:\/\/www.buscroatia.com\/de\/wp-json\/wp\/v2\/pages"}],"about":[{"href":"https:\/\/www.buscroatia.com\/de\/wp-json\/wp\/v2\/types\/page"}],"author":[{"embeddable":true,"href":"https:\/\/www.buscroatia.com\/de\/wp-json\/wp\/v2\/users\/2"}],"replies":[{"embeddable":true,"href":"https:\/\/www.buscroatia.com\/de\/wp-json\/wp\/v2\/comments?post=2035"}],"version-history":[{"count":8,"href":"https:\/\/www.buscroatia.com\/de\/wp-json\/wp\/v2\/pages\/2035\/revisions"}],"predecessor-version":[{"id":2209,"href":"https:\/\/www.buscroatia.com\/de\/wp-json\/wp\/v2\/pages\/2035\/revisions\/2209"}],"wp:featuredmedia":[{"embeddable":true,"href":"https:\/\/www.buscroatia.com\/de\/wp-json\/wp\/v2\/media\/2037"}],"wp:attachment":[{"href":"https:\/\/www.buscroatia.com\/de\/wp-json\/wp\/v2\/media?parent=2035"}],"curies":[{"name":"wp","href":"https:\/\/api.w.org\/{rel}","templated":true}]}}