{"id":2030,"date":"2013-12-03T07:06:20","date_gmt":"2013-12-03T07:06:20","guid":{"rendered":"http:\/\/www.buscroatia.com\/de\/?page_id=2030"},"modified":"2013-12-11T14:16:03","modified_gmt":"2013-12-11T14:16:03","slug":"busreise-opatija","status":"publish","type":"page","link":"https:\/\/www.buscroatia.com\/de\/busreise-opatija\/","title":{"rendered":"Busreise Opatija"},"content":{"rendered":"<p><b>Opatija liegt im Norden der Kvarner Bucht<\/b> und wird oft als Perle des Tourismus bezeichnet. Die wundersch\u00f6ne Stadt hat f\u00fcr jeden Gast etwas zu bieten, man findet <b>viele Sehensw\u00fcrdigkeiten, ausgezeichnetes Essen<\/b> und die Str\u00e4nde and der Riviera von Opatija sind ebenfalls atemberaubend.<\/p>\n<p><b>Busreisen von Deutschland und \u00d6sterreich nach Opatija sind sehr beliebt<\/b>, das Angebot variiert je nach Jahreszeit. Weihnachten und Silvester im milden Klima der Kvarner Bucht sind besonders beliebt. <b>Eine beliebte Option ist eine Seebad Reise die 11 Tage dauert<\/b>. Das Programm bietet 10 \u00dcbernachtungen, eine Stadtf\u00fchrung durch Opatija, einen Ausflug auf die Insel Krk, einen Ausflug ins Hinterland und eine Tagesfahrt an die K\u00fcste Istriens. <b>An Weihnachten bietet das Hotel ein festliches Abendessen<\/b> und an Silvester wird im Hotel eine gro\u00dfe Silvester Gala mit Musik organisiert.<\/p>\n<p>Opatija ist nat\u00fcrlich auch im Sommer einen Besuch wert. <b>Im Sommer werden vor allem\u00a0 Badereisen angeboten<\/b>. Im Sommerangebot wird Opatija meistens innerhalb einer Busrundreise angeboten. F\u00fcr diejenigen, die im Urlaub so viel wie m\u00f6glich sehen, und m\u00f6glichst viele verschiedene St\u00e4dte besichtigen m\u00f6chten, sind <b>Rundreisen die ideale Option<\/b>. <a title=\"Busreise Kroatien\" href=\"https:\/\/www.buscroatia.com\/de\/busreise-kroatien\/\">Es gibt mehrere Rundreisen durch Istrien oder ganz Kroatien<\/a>. Die kroatische K\u00fcste ist auch immer eine beliebte Destination. Es werden immer mehr <b>Rundreisen angebotenen, in denen Opatija besucht wird<\/b>. <a title=\"Busreisekatalog Kroatien\" href=\"https:\/\/www.buscroatia.com\/de\/busreisekatalog-kroatien\/\">Aktuelle Angebote f\u00fcr Busrundreisen nach Opatija und Kroatien k\u00f6nnen Sie hier finden<\/a>:<\/p>\n<p style=\"text-align: center;\"><a href=\"https:\/\/www.buscroatia.com\/de\/wp-content\/uploads\/2013\/12\/Opatija.jpg\" rel=\"lightbox[2030]\"><img decoding=\"async\" class=\".aligncenter\" title=\"Opatija\" alt=\"Opatija\" src=\"https:\/\/www.buscroatia.com\/de\/wp-content\/uploads\/2013\/12\/Opatija.jpg\" width=\"100%\" \/><\/a><\/p>\n<p>Nat\u00fcrlich kann man auch immer traditionelle <b>Linienbusse, die nach Opatija fahren finden<\/b>. Ganzj\u00e4hrlich kann Opatija aus vielen deutschen und \u00f6sterreichischen St\u00e4dten via Rijeka oder Zagreb erreicht werden. In der Sommersaison vergr\u00f6\u00dfert sich die Anzahl der Linienbusse und der w\u00f6chentlichen Busverbindungen. <b>Eine Anreise mit dem Linienbus ist ideal<\/b> f\u00fcr alle, die ihre Unterkunft in einer Ferienwohnung oder einem Hotel Vorort gestalten m\u00f6chten.<\/p>\n<p style=\"text-align: right;\">Beitrag von <a href=\"https:\/\/plus.google.com\/109378476266658110512?\" rel=\"author\">Ines Sucic<\/a><\/p>\n","protected":false},"excerpt":{"rendered":"<p>Opatija liegt im Norden der Kvarner Bucht und wird oft als Perle des Tourismus bezeichnet. Die wundersch\u00f6ne Stadt hat f\u00fcr jeden Gast etwas zu bieten, man findet viele Sehensw\u00fcrdigkeiten, ausgezeichnetes Essen und die Str\u00e4nde and der Riviera von Opatija sind ebenfalls atemberaubend. Busreisen von Deutschland und \u00d6sterreich nach Opatija sind sehr beliebt, das Angebot variiert [&hellip;]<\/p>\n","protected":false},"author":2,"featured_media":2033,"parent":0,"menu_order":0,"comment_status":"open","ping_status":"open","template":"","meta":[],"aioseo_notices":[],"_links":{"self":[{"href":"https:\/\/www.buscroatia.com\/de\/wp-json\/wp\/v2\/pages\/2030"}],"collection":[{"href":"https:\/\/www.buscroatia.com\/de\/wp-json\/wp\/v2\/pages"}],"about":[{"href":"https:\/\/www.buscroatia.com\/de\/wp-json\/wp\/v2\/types\/page"}],"author":[{"embeddable":true,"href":"https:\/\/www.buscroatia.com\/de\/wp-json\/wp\/v2\/users\/2"}],"replies":[{"embeddable":true,"href":"https:\/\/www.buscroatia.com\/de\/wp-json\/wp\/v2\/comments?post=2030"}],"version-history":[{"count":8,"href":"https:\/\/www.buscroatia.com\/de\/wp-json\/wp\/v2\/pages\/2030\/revisions"}],"predecessor-version":[{"id":2218,"href":"https:\/\/www.buscroatia.com\/de\/wp-json\/wp\/v2\/pages\/2030\/revisions\/2218"}],"wp:featuredmedia":[{"embeddable":true,"href":"https:\/\/www.buscroatia.com\/de\/wp-json\/wp\/v2\/media\/2033"}],"wp:attachment":[{"href":"https:\/\/www.buscroatia.com\/de\/wp-json\/wp\/v2\/media?parent=2030"}],"curies":[{"name":"wp","href":"https:\/\/api.w.org\/{rel}","templated":true}]}}