{"id":2024,"date":"2013-12-02T20:23:42","date_gmt":"2013-12-02T20:23:42","guid":{"rendered":"http:\/\/www.buscroatia.com\/de\/?page_id=2024"},"modified":"2013-12-11T14:16:28","modified_gmt":"2013-12-11T14:16:28","slug":"busreise-krk","status":"publish","type":"page","link":"https:\/\/www.buscroatia.com\/de\/busreise-krk\/","title":{"rendered":"Busreise Krk"},"content":{"rendered":"<p>Die Insel Krk ist die <b>n\u00f6rdlichste und gr\u00f6\u00dfte Insel Kroatien<\/b>, die mit ihrer start zergliederten K\u00fcste, den vielen Inselchen und dem kristallklaren Meer alle begeistert. <b>Das mediterrane Klima, die wundersch\u00f6ne Vegetation<\/b>, aber ach die Olivenhaine und Weing\u00e4rten bieten alles was man f\u00fcr einen Erholungsurlaub braucht.<\/p>\n<p><b>Busreisen von Deutschland oder \u00d6sterreich auf die Insel Krk sind sehr beliebt<\/b>, das Angebot variiert je nach Jahreszeit. Eine beliebte Tour nach Krk ist die im Fr\u00fchling, denn das <b>Fr\u00fchjahrserwachen auf Krk ist atemberaubend<\/b>. Dies ist eine beliebte 7 Tage lange Reise, die 4 \u00dcbernachtungen auf Krk und 2 \u00dcbernachtungen im S\u00fcdtirol bietet. Das Programm ist sehr interessant, <b>man unternimmt eine Istrien Rundfahrt<\/b>, eine Inselrundfahrt mit Weinprobe und einen <b>Tagesausflug in den Nationalpark Plitvicer Seen<\/b>. <a title=\"Busreisekatalog Kroatien\" href=\"https:\/\/www.buscroatia.com\/de\/busreisekatalog-kroatien\/\">Weitere Angebote f\u00fcr Busreisen auf die Insel Krk k\u00f6nnen Sie hier finden<\/a>.<\/p>\n<p>Eine weitere <b>interessante Busreise auf die Insel Krk w\u00e4re eine Busrundreise<\/b>. F\u00fcr diejenigen, die im Urlaub so viel wie m\u00f6glich sehen, und m\u00f6glichst viele St\u00e4dte besichtigen m\u00f6chten, <a title=\"Busreise Kroatien\" href=\"https:\/\/www.buscroatia.com\/de\/busreise-kroatien\/\">sind Rundreisen die ideale Option<\/a>. <b>Es gibt mehr und mehr Rundreisen durch Istrien oder auch durch ganz Kroatien<\/b>. Es werden immer mehr Rundreisen, in denen die Insel Krk besucht wird, angeboten. <a title=\"Busreisekatalog Kroatien\" href=\"https:\/\/www.buscroatia.com\/de\/busreisekatalog-kroatien\/\">Aktuelle Angebote f\u00fcr Busrundreisen in Kroatien k\u00f6nnen Sie hier finden<\/a>.<\/p>\n<p style=\"text-align: center;\"><a href=\"https:\/\/www.buscroatia.com\/de\/wp-content\/uploads\/2013\/12\/Busreisen-Krk.jpg\" rel=\"lightbox[2024]\"><img decoding=\"async\" class=\".aligncenter\" title=\"Busreisen Krk\" alt=\"Busreisen Krk\" src=\"https:\/\/www.buscroatia.com\/de\/wp-content\/uploads\/2013\/12\/Busreisen-Krk.jpg\" width=\"100%\" \/><\/a><\/p>\n<p><b>Traditionelle Linienbusse nach Krk<\/b> gibt es nat\u00fcrlich auch. Man kann die Insel Krk ganzj\u00e4hrlich mit Linienbussen aus vielen verschiedenen deutschen und \u00f6sterreichischen St\u00e4dten erreichen, <b>die Reisen f\u00fchren meistens via Rijeka<\/b>. Eine Anreise mit dem Linienbus ist ideal f\u00fcr diejenigen, die ihre Unterkunft in einer Ferienwohnung oder Hotel Vorort gestalten m\u00f6chten.<\/p>\n<p style=\"text-align: right;\">Beitrag von <a href=\"https:\/\/plus.google.com\/109378476266658110512?\" rel=\"author\">Ines Sucic<\/a><\/p>\n","protected":false},"excerpt":{"rendered":"<p>Die Insel Krk ist die n\u00f6rdlichste und gr\u00f6\u00dfte Insel Kroatien, die mit ihrer start zergliederten K\u00fcste, den vielen Inselchen und dem kristallklaren Meer alle begeistert. Das mediterrane Klima, die wundersch\u00f6ne Vegetation, aber ach die Olivenhaine und Weing\u00e4rten bieten alles was man f\u00fcr einen Erholungsurlaub braucht. Busreisen von Deutschland oder \u00d6sterreich auf die Insel Krk sind [&hellip;]<\/p>\n","protected":false},"author":2,"featured_media":2027,"parent":0,"menu_order":0,"comment_status":"open","ping_status":"open","template":"","meta":[],"aioseo_notices":[],"_links":{"self":[{"href":"https:\/\/www.buscroatia.com\/de\/wp-json\/wp\/v2\/pages\/2024"}],"collection":[{"href":"https:\/\/www.buscroatia.com\/de\/wp-json\/wp\/v2\/pages"}],"about":[{"href":"https:\/\/www.buscroatia.com\/de\/wp-json\/wp\/v2\/types\/page"}],"author":[{"embeddable":true,"href":"https:\/\/www.buscroatia.com\/de\/wp-json\/wp\/v2\/users\/2"}],"replies":[{"embeddable":true,"href":"https:\/\/www.buscroatia.com\/de\/wp-json\/wp\/v2\/comments?post=2024"}],"version-history":[{"count":9,"href":"https:\/\/www.buscroatia.com\/de\/wp-json\/wp\/v2\/pages\/2024\/revisions"}],"predecessor-version":[{"id":2219,"href":"https:\/\/www.buscroatia.com\/de\/wp-json\/wp\/v2\/pages\/2024\/revisions\/2219"}],"wp:featuredmedia":[{"embeddable":true,"href":"https:\/\/www.buscroatia.com\/de\/wp-json\/wp\/v2\/media\/2027"}],"wp:attachment":[{"href":"https:\/\/www.buscroatia.com\/de\/wp-json\/wp\/v2\/media?parent=2024"}],"curies":[{"name":"wp","href":"https:\/\/api.w.org\/{rel}","templated":true}]}}