{"id":2016,"date":"2013-12-02T20:07:11","date_gmt":"2013-12-02T20:07:11","guid":{"rendered":"http:\/\/www.buscroatia.com\/de\/?page_id=2016"},"modified":"2013-12-11T14:16:51","modified_gmt":"2013-12-11T14:16:51","slug":"busreise-crikvenica","status":"publish","type":"page","link":"https:\/\/www.buscroatia.com\/de\/busreise-crikvenica\/","title":{"rendered":"Busreise Crikvenica"},"content":{"rendered":"<p>Die <strong>Crikvenica Riviera<\/strong> liegt an einem der sch\u00f6nsten K\u00fcstenabschnitte der kroatischen K\u00fcste, der Kvarner Bucht. Besonders bekannt ist die Stadt Crikvenica f\u00fcr ihren langen, grobk\u00f6rnigen Sandstrand, der in dieser Form einmalig in ganz Kroatien ist.<\/p>\n<p><strong><a title=\"Busreise Kroatien\" href=\"https:\/\/www.buscroatia.com\/de\/busreise-kroatien\/\">Busreisen von Deutschland oder \u00d6sterreich<\/a> an die Crikvenica Riviera sind sehr beliebt<\/strong>, das Angebot variiert je nach Jahreszeit. Eine beleibte Tour ist die 5 Tage lange Kroatische Adria Reise mit 4 \u00dcbernachtungen an der Crikvenica Riviera. Das Programm <strong>bietet 3 interessante Tagesausfl\u00fcge<\/strong>, jeweils einen Tagsausflug auf Insel Krk, eine Rundfahrt an die Kvarner Bucht und einen Tagesausflug an die Plitvicer Seen. <a title=\"Busreisekatalog Kroatien\" href=\"https:\/\/www.buscroatia.com\/de\/busreisekatalog-kroatien\/\">Weitere Angebote f\u00fcr Busreisen nach Crikvenica finden Sie hier<\/a>:<\/p>\n<p>Eine weitere interessante Busreise nach Crikvenica w\u00e4re <strong>eine Busrundreise<\/strong>. F\u00fcr diejenigen, die im Urlaub so viel wie m\u00f6glich sehen, und m\u00f6glichst viele verschiedene St\u00e4dte besichtigen m\u00f6chten, sind <b>Rundreisen<\/b> die ideale Option. Es gibt mehr und mehr <strong>Rundreisen durch Istrien oder ganz Kroatien<\/strong>. Es werden immer mehr Rundreisen, in denen Crikvenica besucht wird, angeboten. <a title=\"Busreisekatalog Kroatien\" href=\"https:\/\/www.buscroatia.com\/de\/busreisekatalog-kroatien\/\">Aktuelle Angebote an Busrundreisen nach Kroatien k\u00f6nnen Sie hier finden<\/a><\/p>\n<p style=\"text-align: center;\"><a href=\"https:\/\/www.buscroatia.com\/de\/wp-content\/uploads\/2013\/12\/Crikvenica-riviera.jpg\" rel=\"lightbox[2016]\"><img decoding=\"async\" class=\".aligncenter\" title=\"Crikvenica Riviera\" alt=\"Crikvenica Riviera\" src=\"https:\/\/www.buscroatia.com\/de\/wp-content\/uploads\/2013\/12\/Crikvenica-riviera.jpg\" width=\"100%\" \/><\/a><\/p>\n<p>Traditionelle <strong>Linienbusse nach Crikvenica<\/strong> gibt es nat\u00fcrlich auch. Ganzj\u00e4hrlich erreicht man die Crikvenica Riviera via Rijeka oder Zagreb mit dem Linienbus aus vielen deutschen und \u00f6sterreichschen St\u00e4dten. W\u00e4hrend der Sommersaison vergr\u00f6\u00dfert sich die <strong>Anzahl von w\u00f6chentlichen Busverbindungen<\/strong>. Die Anreise mit dem Linienbus ist ideal f\u00fcr diejenigen, die ihre <strong>Unterkunft in einer Feriewohnung oder Hotel Vorort\u00a0<\/strong> gestalten m\u00f6chten.<\/p>\n<p style=\"text-align: right;\">Beitrag von <a href=\"https:\/\/plus.google.com\/109378476266658110512?\" rel=\"author\">Ines Sucic<\/a><\/p>\n","protected":false},"excerpt":{"rendered":"<p>Die Crikvenica Riviera liegt an einem der sch\u00f6nsten K\u00fcstenabschnitte der kroatischen K\u00fcste, der Kvarner Bucht. Besonders bekannt ist die Stadt Crikvenica f\u00fcr ihren langen, grobk\u00f6rnigen Sandstrand, der in dieser Form einmalig in ganz Kroatien ist. Busreisen von Deutschland oder \u00d6sterreich an die Crikvenica Riviera sind sehr beliebt, das Angebot variiert je nach Jahreszeit. Eine beleibte [&hellip;]<\/p>\n","protected":false},"author":2,"featured_media":2019,"parent":0,"menu_order":0,"comment_status":"open","ping_status":"open","template":"","meta":[],"aioseo_notices":[],"_links":{"self":[{"href":"https:\/\/www.buscroatia.com\/de\/wp-json\/wp\/v2\/pages\/2016"}],"collection":[{"href":"https:\/\/www.buscroatia.com\/de\/wp-json\/wp\/v2\/pages"}],"about":[{"href":"https:\/\/www.buscroatia.com\/de\/wp-json\/wp\/v2\/types\/page"}],"author":[{"embeddable":true,"href":"https:\/\/www.buscroatia.com\/de\/wp-json\/wp\/v2\/users\/2"}],"replies":[{"embeddable":true,"href":"https:\/\/www.buscroatia.com\/de\/wp-json\/wp\/v2\/comments?post=2016"}],"version-history":[{"count":11,"href":"https:\/\/www.buscroatia.com\/de\/wp-json\/wp\/v2\/pages\/2016\/revisions"}],"predecessor-version":[{"id":2220,"href":"https:\/\/www.buscroatia.com\/de\/wp-json\/wp\/v2\/pages\/2016\/revisions\/2220"}],"wp:featuredmedia":[{"embeddable":true,"href":"https:\/\/www.buscroatia.com\/de\/wp-json\/wp\/v2\/media\/2019"}],"wp:attachment":[{"href":"https:\/\/www.buscroatia.com\/de\/wp-json\/wp\/v2\/media?parent=2016"}],"curies":[{"name":"wp","href":"https:\/\/api.w.org\/{rel}","templated":true}]}}