{"id":20,"date":"2012-01-05T13:38:40","date_gmt":"2012-01-05T13:38:40","guid":{"rendered":"http:\/\/www.buscroatia.com\/de\/?page_id=20"},"modified":"2024-05-13T11:08:42","modified_gmt":"2024-05-13T11:08:42","slug":"busbahnhof-split","status":"publish","type":"page","link":"https:\/\/www.buscroatia.com\/de\/busbahnhof-split\/","title":{"rendered":"Split Busbahnhof"},"content":{"rendered":"\n<figure class=\"wp-block-image size-full\"><a href=\"https:\/\/www.buscroatia.com\/de\/wp-content\/uploads\/2024\/05\/Split-Busbahnhof.jpeg\" rel=\"lightbox[20]\"><img decoding=\"async\" loading=\"lazy\" width=\"1024\" height=\"768\" src=\"https:\/\/www.buscroatia.com\/de\/wp-content\/uploads\/2024\/05\/Split-Busbahnhof.jpeg\" alt=\"Split Busbahnhof\" class=\"wp-image-178978\" srcset=\"https:\/\/www.buscroatia.com\/de\/wp-content\/uploads\/2024\/05\/Split-Busbahnhof.jpeg 1024w, https:\/\/www.buscroatia.com\/de\/wp-content\/uploads\/2024\/05\/Split-Busbahnhof-300x225.jpeg 300w, https:\/\/www.buscroatia.com\/de\/wp-content\/uploads\/2024\/05\/Split-Busbahnhof-768x576.jpeg 768w\" sizes=\"(max-width: 1024px) 100vw, 1024px\" \/><\/a><figcaption class=\"wp-element-caption\">Split Busbahnhof<\/figcaption><\/figure>\n\n\n\n<p>Split Busbahnhof befindet sich g\u00fcnstig im Stadtzentrum, direkt neben dem F\u00e4hrhafen und dem Hauptbahnhof. Dies erleichtert Reisenden den Wechsel zwischen verschiedenen Verkehrsmitteln.<\/p>\n\n\n\n<p>Da Split die zweitgr\u00f6\u00dfte Stadt Kroatiens ist, kann der Busbahnhof ziemlich belebt sein. Es ist ratsam, zus\u00e4tzliche Zeit f\u00fcr den Kauf von Tickets einzuplanen oder diese vorab online zu kaufen.<\/p>\n\n\n\n<p>Sie k\u00f6nnen das obige Suchformular verwenden, um Abfahrten vom Busbahnhof Split zu finden.<\/p>\n\n\n\n<h2>Einrichtungen am Split Busbahnhof<\/h2>\n\n\n\n<p>Am Busbahnhof Split finden Sie ein Ticketverkaufsb\u00fcro, einen kleineren Wartesaal, einen Kiosk, kostenpflichtige Toiletten, eine Gep\u00e4ckaufbewahrung, eine Kaffeebar und mehrere Schnellimbisse. Au\u00dferdem gibt es einen angemessen gro\u00dfen Wartesaal. Hinter dem Busbahnhof befindet sich ein gro\u00dfes kostenpflichtiges Parkplatzgebiet.<\/p>\n\n\n\n<p>In der N\u00e4he des Bahnhofs gibt es zus\u00e4tzliche Kaffeebars, B\u00e4ckereien und Schnellimbisse, die Pizzast\u00fccke, Sandwiches und andere schnelle Snacks anbieten.<\/p>\n\n\n\n<p>Unten k\u00f6nnen Sie mein Video anschauen, um zu sehen, wie der Busbahnhof aussieht.<\/p>\n\n\n\n<h2>Vom Split Busbahnhof zur Altstadt<\/h2>\n\n\n\n<p>Der Busbahnhof liegt nur 600 Meter von der Riva und dem Beginn der Altstadt in Split entfernt, daher ist der beste Weg dorthin zu Fu\u00df. Die Riva und die Altstadt sind eine autofreie Zone, daher w\u00e4re ein Taxi nicht hilfreich.<\/p>\n\n\n\n<p>100 Meter vom Busbahnhof entfernt (vor dem F\u00e4hrterminal) befindet sich eine Bushaltestelle, an der Sie die Buslinien 2a, 9, 10 und 15 erreichen k\u00f6nnen. Die Stadtbuslinien fahren zu den folgenden Gebieten:<\/p>\n\n\n\n<ul>\n<li>Linie 2a f\u00e4hrt nach Ka\u0161tel Su\u0107urac (Strinje)<\/li>\n\n\n\n<li>Linie 9 f\u00e4hrt nach Ravne Njive<\/li>\n\n\n\n<li>Linie 10 f\u00e4hrt nach Bilice und Japirko<\/li>\n\n\n\n<li>Linie 15 f\u00e4hrt nach Duilovo und Znjan<\/li>\n<\/ul>\n\n\n\n<p>Neben dem Stari Pazar (500 Meter vom zentralen Busbahnhof entfernt) finden Sie einen Knotenpunkt, an dem Sie die meisten Stadtbuslinien von Split erreichen k\u00f6nnen.<\/p>\n\n\n\n<h2>FAQ &#8211; Split Busbahnhof<\/h2>\n\n\n\n<h3>Wie hei\u00dft der Busbahnhof in Split?<\/h3>\n\n\n\n<p>Der zentrale Fernbusbahnhof in Split hei\u00dft Autobusni Kolodvor Split oder AK Split. Manchmal wird er auch als Split Bus Terminal bezeichnet. Wenn jemand von Sukoi\u0161an als Busbahnhof spricht, beziehen sie sich auf den Stadtbusbahnhof, der 1,5 km vom Hauptbusbahnhof entfernt liegt.<\/p>\n\n\n\n<h3>Wann f\u00e4hrt der Bus nach Zagreb vom Busbahnhof ab?<\/h3>\n\n\n\n<p>Vom Busbahnhof Split nach Zagreb gibt es sehr h\u00e4ufige Abfahrten. Die einfachste M\u00f6glichkeit, die passendste Abfahrtszeit zu finden, ist die Nutzung des oben genannten Suchformulars, das Ihnen alle Abfahrten an einem bestimmten Datum anzeigt.<\/p>\n\n\n\n<h3>Wo befindet sich der Busbahnhof in Split?<\/h3>\n\n\n\n<p>Der Busbahnhof Split befindet sich unter der Adresse: Obala Kneza Domagoja br.12, 51000 Split, nur 600 Meter von der Altstadt entfernt. Er liegt neben dem <a href=\"https:\/\/www.ferrycroatia.com\/de\/fahrhafen-split\/\">F\u00e4hrhafen<\/a> von Split und dem Bahnhof.<\/p>\n\n\n\n<h3>Gibt es eine Gep\u00e4ckaufbewahrung am Split Busbahnhof?<\/h3>\n\n\n\n<p>Ja, es gibt direkt am Busbahnhof eine Gep\u00e4ckaufbewahrung.<\/p>\n\n\n\n<h3>Gibt es einen Bus zum Flughafen Split vom Busbahnhof?<\/h3>\n\n\n\n<p>Ja, der offizielle Shuttlebus zum Flughafen f\u00e4hrt hier ab, normalerweise vom Bahnsteig Nr. 1, aber es ist ratsam, dies am Bahnhof zu best\u00e4tigen.<\/p>\n\n\n\n<p>Als Alternative zum Flughafenshuttle k\u00f6nnen Sie den Stadtbus Nr. 37 vom Stadtbusbahnhof Sukoisan nehmen. Beachten Sie jedoch, dass der Bus Nr. 37 nicht geeignet ist, wenn Sie gro\u00dfe Gep\u00e4ckst\u00fccke mitf\u00fchren.<\/p>\n\n\n\n<h3>Wie komme ich vom Busbahnhof zur Altstadt in Split?<\/h3>\n\n\n\n<p>Zu Fu\u00df sind es nur 600 Meter bis zur Altstadt. Da das Zentrum der Altstadt eine autofreie Zone ist, w\u00e4re ein Taxi oder Uber hier nicht hilfreich.<\/p>\n\n\n\n<h3>Ist der F\u00e4hrhafen von Split nahe am Busbahnhof?<\/h3>\n\n\n\n<p>Ja, der Hafen befindet sich direkt vor dem Busbahnhof. Wenn Sie mit der Schnellf\u00e4hre <a href=\"https:\/\/www.ferrycroatia.com\/de\/split-hvar\/\">nach Hvar weiterfahren<\/a>, sollten Sie nach rechts gehen, wenn Sie mit der Autof\u00e4hre z.B. nach Brac, Vis oder Korcula weiterfahren, sollten Sie zum Hauptf\u00e4hrterminal gehen, vertrauen Sie mir, Sie k\u00f6nnen es nicht verfehlen!<\/p>\n\n\n\n<h3>Ist der Bahnhof von Split nah am Busbahnhof?<\/h3>\n\n\n\n<p>Ja, vom Busbahnhof aus sind es weniger als 50 Meter zu Fu\u00df zum Hauptbahnhof in Split.<\/p>\n\n\n\n<h3>Mein Video vom Busbahnhof Split<\/h3>\n\n\n\n<iframe loading=\"lazy\" width=\"315\" height=\"560\" src=\"https:\/\/www.youtube.com\/embed\/VAHa7NvWSZk\" title=\"YouTube video player\" frameborder=\"0\" allow=\"accelerometer; autoplay; clipboard-write; encrypted-media; gyroscope; picture-in-picture; web-share\" allowfullscreen=\"\"><\/iframe>\n\n\n\n<div style=\"position: relative; overflow: hidden; padding-top: 56.25%; width: 100%;\">\n    <iframe src=\"https:\/\/www.youtube.com\/embed\/TFjI0AlhgHI?si=7Rlv26DqGycb-igM\" title=\"YouTube video player\" frameborder=\"0\" style=\"position: absolute; top: 0; left: 0; width: 100%; height: 100%;\" allow=\"accelerometer; autoplay; clipboard-write; encrypted-media; gyroscope; picture-in-picture; web-share\" allowfullscreen=\"\"><\/iframe>\n<\/div>\n\n\n\n<h2>Beliebte Routen vom Split Busbahnhof<\/h2>\n\n\n\n<p>Von Split aus k\u00f6nnen die meisten Ziele in Kroatien erreicht werden; hier haben wir einige der beliebtesten Ziele aufgelistet:<\/p>\n\n\n\n<figure class=\"wp-block-table\"><table><tbody><tr><td><span style=\"color: #0000ff; text-decoration: underline;\">Intercity busse<\/span><\/td><td><span style=\"color: #0000ff; text-decoration: underline;\">Regionale busverbindungen<\/span><\/td><td><span style=\"text-decoration: underline;\"><span style=\"color: #0000ff; text-decoration: underline;\">Internationale buslinien<\/span><\/span><\/td><\/tr><tr><td><a title=\"Bus Split Zagreb\" href=\"https:\/\/www.buscroatia.com\/de\/bus-split-zagreb\/\">Split &#8211; Zagreb<\/a><\/td><td><a title=\"Bus Split Trogir\" href=\"https:\/\/www.buscroatia.com\/de\/bus-split-trogir\/\">Split &#8211; Trogir<\/a><\/td><td><a title=\"Bus Split Mostar\" href=\"https:\/\/www.buscroatia.com\/de\/bus-split-mostar\/\">Split &#8211; Mostar<\/a><\/td><\/tr><tr><td><a title=\"Bus Split Zadar\" href=\"https:\/\/www.buscroatia.com\/de\/bus-split-zadar\/\">Split &#8211; Zadar<\/a><\/td><td><a title=\"Bus Split Omis\" href=\"https:\/\/www.buscroatia.com\/de\/bus-split-omis\/\">Split &#8211; Omis<\/a><\/td><td><a title=\"Bus Split Medjugorje\" href=\"https:\/\/www.buscroatia.com\/de\/bus-split-medjugorje\/\">Split &#8211; Medjogorje<\/a><\/td><\/tr><tr><td><a title=\"Bus Split Dubrovnik\" href=\"https:\/\/www.buscroatia.com\/de\/bus-split-dubrovnik\/\">Split &#8211; Dubrovnik<\/a><\/td><td><a title=\"Bus Split Brela\" href=\"https:\/\/www.buscroatia.com\/de\/bus-split-brela\/\">Split &#8211; Brela<\/a><\/td><td><a title=\"Bus Split Sarajevo\" href=\"https:\/\/www.buscroatia.com\/de\/bus-split-sarajevo\/\">Split &#8211; Sarajevo<\/a><\/td><\/tr><tr><td><a title=\"Bus Split Pula\" href=\"https:\/\/www.buscroatia.com\/de\/bus-split-pula\/\">Split &#8211; Pula<\/a><\/td><td><a title=\"Bus Split Makarska\" href=\"https:\/\/www.buscroatia.com\/de\/bus-split-makarska\/\">Split &#8211; Makarska<\/a><\/td><td><a title=\"Von Split nach Belgrad\" href=\"https:\/\/www.buscroatia.com\/de\/von-split-nach-belgrad\/\">Split &#8211; Belgrad<\/a><\/td><\/tr><tr><td><a title=\"Bus Split Plitvicer Seen\" href=\"https:\/\/www.buscroatia.com\/de\/bus-split-plitvicer-seen\/\">Split \u2013 Plitvicer Seen<\/a><\/td><td><a title=\"Bus Split Flughafen\" href=\"https:\/\/www.buscroatia.com\/de\/bus-split-flughafen\/\">Split &#8211; Flughafen Split <\/a><\/td><td>Split &#8211; Deutschland<\/td><\/tr><tr><td><a title=\"Bus Split Krka\" href=\"https:\/\/www.buscroatia.com\/de\/bus-split-krka\/\">Split &#8211; Krka<\/a><\/td><td><a title=\"Stadtbusse Split\" href=\"https:\/\/www.buscroatia.com\/de\/stadtbusse-split\/\">Stadtbusse Split <\/a><\/td><td><a title=\"Split nach Kotor\" href=\"https:\/\/www.buscroatia.com\/de\/split-nach-kotor\/\">Split &#8211; Kotor (ME)<\/a><\/td><\/tr><tr><td><a title=\"Bus Split Novalja\" href=\"https:\/\/www.buscroatia.com\/de\/bus-split-novalja\/\">Split &#8211; Novalja<\/a><\/td><td><a title=\"Bus Split Sibenik\" href=\"https:\/\/www.buscroatia.com\/de\/bus-split-sibenik\/\">Split &#8211; Sibenik <\/a><\/td><td>&nbsp;<a title=\"Split nach Budva\" href=\"https:\/\/www.buscroatia.com\/de\/split-nach-budva\/\">Split &#8211; Budva (ME)<\/a><\/td><\/tr><tr><td>&nbsp;<a title=\"Bus Split Rovinj\" href=\"https:\/\/www.buscroatia.com\/de\/bus-split-rovinj\/\">Split &#8211; Rovinj<\/a><\/td><td><a title=\"Bus Split Primosten\" href=\"https:\/\/www.buscroatia.com\/de\/bus-split-primosten\/\">Split &#8211; Primosten<\/a><\/td><td>&nbsp;<\/td><\/tr><tr><td><a title=\"Bus Split Rijeka\" href=\"https:\/\/www.buscroatia.com\/de\/bus-split-rijeka\/\">Split &#8211; Rijeka <\/a><\/td><td><a title=\"Bus Split Ciovo\" href=\"https:\/\/www.buscroatia.com\/de\/bus-split-ciovo\/\">Split &#8211; Insel Ciovo<\/a><\/td><td>&nbsp;<\/td><\/tr><\/tbody><\/table><\/figure>\n\n\n\n<p><\/p>\n\n\n\n<h2>Standort Busbahnhof \u2013 Karte Split Busbahnhof<\/h2>\n\n\n\n<p><iframe loading=\"lazy\" src=\"https:\/\/maps.google.co.uk\/maps\/ms?msid=208501521610253693382.0004b04ee9982a6ac290f&amp;msa=0&amp;ie=UTF8&amp;t=h&amp;ll=43.505328,16.441298&amp;spn=0.007004,0.012853&amp;z=16&amp;output=embed\" width=\"700\" height=\"450\" frameborder=\"0\" marginwidth=\"0\" marginheight=\"0\" scrolling=\"no\"><\/iframe><br><small>View <a style=\"color: #0000ff; text-align: left;\" href=\"https:\/\/maps.google.co.uk\/maps\/ms?msid=208501521610253693382.0004b04ee9982a6ac290f&amp;msa=0&amp;ie=UTF8&amp;t=h&amp;ll=43.505328,16.441298&amp;spn=0.007004,0.012853&amp;z=16&amp;source=embed\">Bus station Split<\/a> in a larger map<\/small><\/p>\n\n\n\n<h2>Adresse:<\/h2>\n\n\n\n<p>Obala Kneza Domagoja br.12<br>21000 Split<br>Republika Hrvatska<\/p>\n\n\n\n<p>Telefon (Zentrale): +385 (0) 21 329-180<br>Fax: +385 (0) 21 329-182<br>Info-Telefon (Inlandsverkehr): +385 (0) 60 327-777&nbsp; &#8211; Zentrale<br>Info-Telefon (Auslandsverkehr): +385 (0) 21 329-199<\/p>\n\n\n\n<p>E-Mail (Information): info@ak-split.hr<\/p>\n","protected":false},"excerpt":{"rendered":"<p>Split Busbahnhof befindet sich g\u00fcnstig im Stadtzentrum, direkt neben dem F\u00e4hrhafen und dem Hauptbahnhof. Dies erleichtert Reisenden den Wechsel zwischen verschiedenen Verkehrsmitteln. Da Split die zweitgr\u00f6\u00dfte Stadt Kroatiens ist, kann der Busbahnhof ziemlich belebt sein. Es ist ratsam, zus\u00e4tzliche Zeit f\u00fcr den Kauf von Tickets einzuplanen oder diese vorab online zu kaufen. Sie k\u00f6nnen das [&hellip;]<\/p>\n","protected":false},"author":1,"featured_media":607,"parent":0,"menu_order":0,"comment_status":"open","ping_status":"open","template":"pages-templates\/bus-station.php","meta":[],"aioseo_notices":[],"_links":{"self":[{"href":"https:\/\/www.buscroatia.com\/de\/wp-json\/wp\/v2\/pages\/20"}],"collection":[{"href":"https:\/\/www.buscroatia.com\/de\/wp-json\/wp\/v2\/pages"}],"about":[{"href":"https:\/\/www.buscroatia.com\/de\/wp-json\/wp\/v2\/types\/page"}],"author":[{"embeddable":true,"href":"https:\/\/www.buscroatia.com\/de\/wp-json\/wp\/v2\/users\/1"}],"replies":[{"embeddable":true,"href":"https:\/\/www.buscroatia.com\/de\/wp-json\/wp\/v2\/comments?post=20"}],"version-history":[{"count":26,"href":"https:\/\/www.buscroatia.com\/de\/wp-json\/wp\/v2\/pages\/20\/revisions"}],"predecessor-version":[{"id":179040,"href":"https:\/\/www.buscroatia.com\/de\/wp-json\/wp\/v2\/pages\/20\/revisions\/179040"}],"wp:featuredmedia":[{"embeddable":true,"href":"https:\/\/www.buscroatia.com\/de\/wp-json\/wp\/v2\/media\/607"}],"wp:attachment":[{"href":"https:\/\/www.buscroatia.com\/de\/wp-json\/wp\/v2\/media?parent=20"}],"curies":[{"name":"wp","href":"https:\/\/api.w.org\/{rel}","templated":true}]}}