{"id":1923,"date":"2013-11-04T20:50:35","date_gmt":"2013-11-04T20:50:35","guid":{"rendered":"http:\/\/www.buscroatia.com\/de\/?page_id=1923"},"modified":"2014-01-12T12:59:53","modified_gmt":"2014-01-12T12:59:53","slug":"bus-umag","status":"publish","type":"page","link":"https:\/\/www.buscroatia.com\/de\/bus-umag\/","title":{"rendered":"Busbahnhof Umag"},"content":{"rendered":"<p><b>Der Busbahnhof in Umag<\/b> befindet sich direkt am Stadteingang, ungef\u00e4hr 1 Km vom Stadtzentrum und von der Altstadt entfernt. Die ACI Marina ist ungef\u00e4hr 2 Km und alle gr\u00f6\u03b2eren Hotelanlagen sind ca. 2-4 Km vom Busbahnhof entfernt. (Siehe Plan unterhalb f\u00fcr mehr Informationen zu den Standorten).<\/p>\n<p style=\"text-align: center;\"><a href=\"https:\/\/www.buscroatia.com\/de\/wp-content\/uploads\/2013\/11\/busbahnhof-Umag.jpg\" rel=\"lightbox[1923]\"><img decoding=\"async\" class=\".aligncenter\" title=\"busbahnhof Umag\" alt=\"busbahnhof Umag\" src=\"https:\/\/www.buscroatia.com\/de\/wp-content\/uploads\/2013\/11\/busbahnhof-Umag.jpg\" width=\"700\" \/><\/a><\/p>\n<p><b><span style=\"text-decoration: underline;\">Dienstleistungen am Busbahnhof in Umag:<\/span><\/b><\/p>\n<p>Im Geb\u00e4ude des Busbahnhofs gibt es einen <b>Fahrkartenschalter und einen Warteraum, in welchem man sein Gep\u00e4ck deponieren kann<\/b>. Im anderen Teil des Busbahnhofs findet man ein Caf\u00e9, eine Wechselstube und einen Mercator Supermarkt. Taxis kann man meistens vor dem Geb\u00e4ude finden.<br \/>\n<script type=\"text\/javascript\">\/\/ <![CDATA[\ngoogle_ad_client = \"\"; \/* Bus728-de *\/ google_ad_slot = \"7853926611\"; google_ad_width = 728; google_ad_height = 90;\n\/\/ ]]><\/script><br \/>\n<script type=\"text\/javascript\" src=\"https:\/\/pagead2.googlesyndication.com\/pagead\/show_ads.js\">\/\/ <![CDATA[\n\n\/\/ ]]><\/script><\/p>\n<p><b><span style=\"text-decoration: underline;\">Unterk\u00fcnfte beim Busbahnhof in Umag:<\/span><\/b><\/p>\n<p>Wie schon erw\u00e4hnt, liegt der Busbahnhof eher am Stadtrand, darum ist es nicht leicht eine Unterkunft in der N\u00e4he des Busbahnhofs zu finden. Die beste Option ist das Stadtzentrum, welches man leicht zu Fu\u03b2 erreichen kann, dort findet man haupts\u00e4chlich Appartements und Herbergen.<\/p>\n<table width=\"720\" border=\"0\" cellspacing=\"2\" cellpadding=\"2\">\n<tbody>\n<tr>\n<td align=\"center\" width=\"240\">\n<p align=\"center\"><a href=\"https:\/\/www.buscroatia.com\/de\/ferienwohnungen\" target=\"_blank\"><img decoding=\"async\" style=\"margin: 0px 1px 1px;\" alt=\"\" src=\"https:\/\/www.buscroatia.com\/de\/wp-content\/uploads\/info\/Ferienwohnung.jpg\" \/><\/a><\/p>\n<p align=\"center\"><strong><span style=\"color: #000000; font-size: large;\">Umag<\/span><\/strong><\/p>\n<\/td>\n<td align=\"center\" width=\"240\">\n<p align=\"center\"><a href=\"https:\/\/www.buscroatia.com\/de\/hotels-umag\" target=\"_blank\"><img decoding=\"async\" style=\"margin: 0px 1px 1px;\" alt=\"\" src=\"https:\/\/www.buscroatia.com\/de\/wp-content\/uploads\/info\/Hotels.jpg\" \/><\/a><\/p>\n<p align=\"center\"><strong><span style=\"color: #000000; font-size: large;\"><strong><strong>Umag<\/strong><\/strong><\/span><\/strong><\/p>\n<\/td>\n<td align=\"center\" width=\"240\">\n<p align=\"center\"><a href=\"https:\/\/www.buscroatia.com\/de\/hostel\" target=\"_blank\"><img decoding=\"async\" style=\"margin: 0px 1px 1px;\" alt=\"\" src=\"https:\/\/www.buscroatia.com\/de\/wp-content\/uploads\/info\/Herberge.jpg\" \/><\/a><\/p>\n<p align=\"center\"><strong><span style=\"color: #000000; font-size: large;\"><strong><strong>Umag<\/strong><\/strong><\/span><\/strong><\/p>\n<\/td>\n<\/tr>\n<\/tbody>\n<\/table>\n<p><b><span style=\"text-decoration: underline;\">Tagesausfl\u00fcge mit dem Bus von Umag aus:<\/span><\/b><\/p>\n<p><b>Triest, Rovinj, Pula und Porec, Motovun und Groznjan sind Destinationen, die man leicht mit dem Bus f\u00fcr einen Tagesausflug erreichen kann<\/b>. Falls Sie andere beliebte Destinationen, wie Venedig, die Plitvicer Seen oder die Postojna H\u00f6hle in Slowenien besuchen m\u00f6chten, sollten Sie sich einer <b>organisierten Exkursion einer der lokalen Reiseagenturen<\/b> anschlie\u03b2en. Hier k\u00f6nnen Sie eine <a title=\"Tagesausflug Umag\" href=\"https:\/\/www.buscroatia.com\/de\/tagesausflug-umag\/\">Liste mit m\u00f6glichen Exkursionen und Tagesausfl\u00fcgen von Umag aus finden<\/a>:<\/p>\n<p><b><span style=\"text-decoration: underline;\">Die beliebtesten Routen von Umag aus:<\/span><\/b><\/p>\n<p>Von Umag aus gibt es <b>eine gro\u03b2e Anzahl von t\u00e4glichen Buslinien<\/b>, welche in die gr\u00f6\u03b2eren istrischen St\u00e4dte, aber auch nach Triest in Italien fahren. Man findet auch mehrere t\u00e4gliche Buslinien in gr\u00f6\u03b2ere St\u00e4dte wie Rijeka oder Zagreb. Falls sie <b>eine weiterentferntere Destination, wie z.B. Split<\/b> erreichen m\u00f6chten, bieten sich mehr M\u00f6glichkeiten wenn Sie via Rijeka reisen. Klicken Sie auf die Routen auf diesem Plan, um mehr \u00fcber <b>Fahrpl\u00e4ne und Reiseinformationen<\/b> zu den beliebtesten Busdestinationen von Umag aus zu sehen:<\/p>\n<table width=\"700\" border=\"1\" cellspacing=\"1\" cellpadding=\"1\">\n<tbody>\n<tr>\n<td style=\"text-align: center;\" valign=\"top\" width=\"233\"><span style=\"color: #0000ff; text-decoration: underline;\">Intercity Busse<\/span><\/td>\n<td style=\"text-align: center;\" valign=\"top\" width=\"233\"><span style=\"color: #0000ff; text-decoration: underline;\">Regionale Buslinien<br \/>\n<\/span><\/td>\n<td style=\"text-align: center;\" valign=\"top\" width=\"233\"><span style=\"text-decoration: underline;\"><span style=\"color: #0000ff; text-decoration: underline;\">Internationale Verbindungen<br \/>\n<\/span><\/span><\/td>\n<\/tr>\n<tr>\n<td style=\"text-align: center;\" valign=\"top\" width=\"233\">\u00a0<a title=\"Bus von Umag nach Zagreb\" href=\"https:\/\/www.buscroatia.com\/de\/bus-umag-zagreb\/\" target=\"_blank\">Umag &#8211; Zagreb<\/a><\/td>\n<td style=\"text-align: center;\" valign=\"top\" width=\"233\"><a title=\"Bus von Umag nach Porec\" href=\"https:\/\/www.buscroatia.com\/de\/bus-umag-porec\/\" target=\"_blank\">Umag &#8211; Porec<\/a><\/td>\n<td style=\"text-align: center;\" valign=\"top\" width=\"233\">\u00a0<a title=\"Bus von Umag nach Triest\" href=\"https:\/\/www.buscroatia.com\/de\/bus-umag-triest\/\" target=\"_blank\">Umag &#8211; Trieste<\/a><\/td>\n<\/tr>\n<tr>\n<td style=\"text-align: center;\" valign=\"top\" width=\"233\">\u00a0<a title=\"Bus von Umag nach Rijeka\" href=\"https:\/\/www.buscroatia.com\/de\/bus-umag-rijeka\/\" target=\"_blank\">Umag &#8211; Rijeka<\/a><\/td>\n<td style=\"text-align: center;\" valign=\"top\" width=\"233\"><a title=\"Bus von Umag nach Rovinj\" href=\"https:\/\/www.buscroatia.com\/de\/bus-umag-rovinj\/\" target=\"_blank\">Umag &#8211; Rovinj<\/a><\/td>\n<td style=\"text-align: center;\" valign=\"top\" width=\"233\">\u00a0<a title=\"Busreise Umag\" href=\"https:\/\/www.buscroatia.com\/de\/busreise-umag\/\">Busreise nach Umag<\/a><\/td>\n<\/tr>\n<tr>\n<td style=\"text-align: center;\" valign=\"top\" width=\"233\">\u00a0<a title=\"Bus Umag Plitvicer Seen\" href=\"https:\/\/www.buscroatia.com\/de\/bus-umag-plitvicer-seen\/\" target=\"_blank\">Umag &#8211; Plitvicer Seen<\/a><\/td>\n<td style=\"text-align: center;\" valign=\"top\" width=\"233\"><a title=\"Bus von Umag nach Pula\" href=\"https:\/\/www.buscroatia.com\/de\/bus-umag-pula\/\" target=\"_blank\">Umag &#8211; Pula<\/a><\/td>\n<td style=\"text-align: center;\" valign=\"top\" width=\"233\"><\/td>\n<\/tr>\n<tr>\n<td style=\"text-align: center;\" valign=\"top\" width=\"233\"><\/td>\n<td style=\"text-align: center;\" valign=\"top\" width=\"233\"><\/td>\n<td style=\"text-align: center;\" valign=\"top\" width=\"233\"><\/td>\n<\/tr>\n<tr>\n<td style=\"text-align: center;\" valign=\"top\" width=\"233\"><\/td>\n<td style=\"text-align: center;\" valign=\"top\" width=\"233\"><\/td>\n<td style=\"text-align: center;\" valign=\"top\" width=\"233\"><\/td>\n<\/tr>\n<tr>\n<td style=\"text-align: center;\" valign=\"top\" width=\"233\"><\/td>\n<td style=\"text-align: center;\" valign=\"top\" width=\"233\"><\/td>\n<td style=\"text-align: center;\" valign=\"top\" width=\"233\"><\/td>\n<\/tr>\n<tr>\n<td style=\"text-align: center;\" valign=\"top\" width=\"233\"><\/td>\n<td style=\"text-align: center;\" valign=\"top\" width=\"233\"><\/td>\n<td style=\"text-align: center;\" valign=\"top\" width=\"233\"><\/td>\n<\/tr>\n<\/tbody>\n<\/table>\n<p><b><span style=\"text-decoration: underline;\">Die Adresse des Busbahnhofs in Umag:<\/span><\/b><\/p>\n<ul>\n<li>Joakima Rakovca bb<\/li>\n<li>52470 Umag<\/li>\n<li>Tel: +385 52 741 817<\/li>\n<\/ul>\n","protected":false},"excerpt":{"rendered":"<p>Der Busbahnhof in Umag befindet sich direkt am Stadteingang, ungef\u00e4hr 1 Km vom Stadtzentrum und von der Altstadt entfernt. Die ACI Marina ist ungef\u00e4hr 2 Km und alle gr\u00f6\u03b2eren Hotelanlagen sind ca. 2-4 Km vom Busbahnhof entfernt. (Siehe Plan unterhalb f\u00fcr mehr Informationen zu den Standorten). Dienstleistungen am Busbahnhof in Umag: Im Geb\u00e4ude des Busbahnhofs [&hellip;]<\/p>\n","protected":false},"author":2,"featured_media":1926,"parent":0,"menu_order":0,"comment_status":"open","ping_status":"open","template":"","meta":[],"aioseo_notices":[],"_links":{"self":[{"href":"https:\/\/www.buscroatia.com\/de\/wp-json\/wp\/v2\/pages\/1923"}],"collection":[{"href":"https:\/\/www.buscroatia.com\/de\/wp-json\/wp\/v2\/pages"}],"about":[{"href":"https:\/\/www.buscroatia.com\/de\/wp-json\/wp\/v2\/types\/page"}],"author":[{"embeddable":true,"href":"https:\/\/www.buscroatia.com\/de\/wp-json\/wp\/v2\/users\/2"}],"replies":[{"embeddable":true,"href":"https:\/\/www.buscroatia.com\/de\/wp-json\/wp\/v2\/comments?post=1923"}],"version-history":[{"count":16,"href":"https:\/\/www.buscroatia.com\/de\/wp-json\/wp\/v2\/pages\/1923\/revisions"}],"predecessor-version":[{"id":3008,"href":"https:\/\/www.buscroatia.com\/de\/wp-json\/wp\/v2\/pages\/1923\/revisions\/3008"}],"wp:featuredmedia":[{"embeddable":true,"href":"https:\/\/www.buscroatia.com\/de\/wp-json\/wp\/v2\/media\/1926"}],"wp:attachment":[{"href":"https:\/\/www.buscroatia.com\/de\/wp-json\/wp\/v2\/media?parent=1923"}],"curies":[{"name":"wp","href":"https:\/\/api.w.org\/{rel}","templated":true}]}}