{"id":192,"date":"2012-02-14T21:45:15","date_gmt":"2012-02-14T21:45:15","guid":{"rendered":"http:\/\/www.buscroatia.com\/de\/?page_id=192"},"modified":"2019-07-31T12:43:35","modified_gmt":"2019-07-31T12:43:35","slug":"bus-split-flughafen","status":"publish","type":"page","link":"https:\/\/www.buscroatia.com\/de\/bus-split-flughafen\/","title":{"rendered":"Bus vom Flughafen Split"},"content":{"rendered":"<p style=\"text-align: justify;\"><a href=\"https:\/\/www.buscroatia.com\/de\/wp-content\/uploads\/2012\/02\/Flughafen-Split.jpg\" rel=\"lightbox[192]\"><img decoding=\"async\" loading=\"lazy\" class=\"alignright size-medium wp-image-571\" title=\"Flughafen Split\" src=\"https:\/\/www.buscroatia.com\/de\/wp-content\/uploads\/2012\/02\/Flughafen-Split-300x225.jpg\" alt=\"Flughafen Split\" width=\"300\" height=\"225\" srcset=\"https:\/\/www.buscroatia.com\/de\/wp-content\/uploads\/2012\/02\/Flughafen-Split-300x225.jpg 300w, https:\/\/www.buscroatia.com\/de\/wp-content\/uploads\/2012\/02\/Flughafen-Split.jpg 1024w\" sizes=\"(max-width: 300px) 100vw, 300px\" \/><\/a>Der <strong>Flughafen von Split<\/strong> befindet sich 24 km au\u00dferhalb des Stadtzentrums in Richtung Trogir. Vom Flughafen bis nach der Innenstadt von Trogir sind es etwa 6 km.<strong><br \/>\n<\/strong><\/p>\n<p><strong><span style=\"text-decoration: underline;\">Anreise zum und vom Flughafen Split<\/span><\/strong><\/p>\n<h3><strong><span style=\"text-decoration: underline;\">Einzel- oder Gemeinschaftstransfer<\/span><\/strong>:<\/h3>\n<p style=\"text-align: justify;\">Das ist die entspannteste Form der Bef\u00f6rderung vom Flughafen Split in das Stadtzentrum, vor allem, wenn der Transfer im Voraus gebucht ist. Der Fahrer erwartet Sie am Flughafen mit einem Schild mit Ihrem Namen darauf. <strong>Der Preis f\u00fcr einen im Voraus gebuchten Transfer<\/strong> kostet etwa 30-35 Euro f\u00fcr 1 bis 3 Personen und etwa 40 bis 45 Euro f\u00fcr bis zu 8 Personen. &#8211; Aktuelle Preise Zwischen Flughafen und stadt Split finden Sie <a href=\"https:\/\/getbytransfer.com\/de\/split-flughafen-split\">hier<\/a>, Preise f\u00fcr Transfer vom Flughafen Zum andere Urlaubsorte finden Sie <a href=\"https:\/\/getbytransfer.com\/de\">hier<\/a>.<\/p>\n<h3><strong><span style=\"text-decoration: underline;\">Mietwagen<\/span><\/strong><strong>:<\/strong><\/h3>\n<p style=\"text-align: justify;\">Am Flughafen Split haben Sie die M\u00f6glichkeit, ein Auto bei einem lokalen oder internationalen Anbieter zu mieten. <strong>Angebote der Autovermietungen<\/strong> am Flughafen von Split <a title=\"Mietwagen in Split\" href=\"https:\/\/www.buscroatia.com\/de\/mietwagen\">finden Sie hier<\/a>.<\/p>\n<h3><span style=\"color: #0000ff;\"><strong><span style=\"text-decoration: underline;\">Unterkunft in Split und Trogir<\/span><\/strong><\/span><strong>:<\/strong><\/h3>\n<p style=\"text-align: justify;\">Das \u00dcbernachtungsangebot in Split reicht von ziemlich <strong>preiswerten Hostels bis zu 5-Sterne Luxus-Hotels<\/strong>. Wenn Sie noch keine Unterkunft in Split gefunden haben, finden Sie eine gro\u00dfe <strong>Auswahl an Hotels, Hostels und Zimmern<\/strong> <a href=\"https:\/\/www.buscroatia.com\/de\/hotel-split\" target=\"_blank\">hier<\/a> oder <a href=\"https:\/\/www.buscroatia.com\/de\/hostel-split\" target=\"_blank\">hier<\/a>. Wenn Sie eine preisg\u00fcnstige Alternative in Trogir suchen, k\u00f6nnen Sie diese <a href=\"https:\/\/www.buscroatia.com\/de\/hotel-trogir\" target=\"_blank\">hier finden<\/a>.<\/p>\n<table border=\"0\" width=\"720\" cellspacing=\"2\" cellpadding=\"2\">\n<tbody>\n<tr>\n<td align=\"center\" width=\"240\">\n<p align=\"center\"><a href=\"https:\/\/www.buscroatia.com\/de\/ferienwohnungen\"><img decoding=\"async\" style=\"margin: 0px 1px 1px;\" src=\"https:\/\/www.buscroatia.com\/de\/wp-content\/uploads\/info\/Ferienwohnung.jpg\" alt=\"\" \/><\/a><\/p>\n<\/td>\n<td align=\"center\" width=\"240\">\n<p align=\"center\"><a href=\"https:\/\/www.buscroatia.com\/de\/hotel-trogir\" target=\"_blank\"><img decoding=\"async\" style=\"margin: 0px 1px 1px;\" src=\"https:\/\/www.buscroatia.com\/de\/wp-content\/uploads\/info\/Hotels.jpg\" alt=\"\" \/><\/a><\/p>\n<\/td>\n<td align=\"center\" width=\"240\">\n<p align=\"center\"><a href=\"https:\/\/www.buscroatia.com\/de\/hostel-split\" target=\"_blank\"><img decoding=\"async\" style=\"margin: 0px 1px 1px;\" src=\"https:\/\/www.buscroatia.com\/de\/wp-content\/uploads\/info\/Herberge.jpg\" alt=\"\" \/><\/a><\/p>\n<\/td>\n<\/tr>\n<\/tbody>\n<\/table>\n<h3><strong><span style=\"text-decoration: underline;\">Flughafen-Bus<\/span><\/strong>:<\/h3>\n<p style=\"text-align: justify;\">Wenn Sie <strong>vom Flughafen Split zur Innenstadt<\/strong> von Split wollen, finden Sie den Bus direkt vor dem Terminal. Die Abfahrtszeiten vom Flughafen nach Split finden Sie <a href=\"https:\/\/www.buscroatia.com\/de\/rute-suchen\/?dS=Split&amp;aS=Split+%28Flughafen%29+&amp;d=&amp;t=\" target=\"_blank\">hier<\/a>.<\/p>\n<p><script src=\"https:\/\/pagead2.googlesyndication.com\/pagead\/show_ads.js\" type=\"text\/javascript\">\/\/ <![CDATA[\n\n\n\/\/ ]]><\/script><\/p>\n<p style=\"text-align: justify;\"><span style=\"color: #0000ff;\"><strong>HINWEIS:<\/strong><\/span> Einige der Abfahrtszeiten sind saisonal bedingt, andere Busse fahren nur zu bestimmten Wochentagen. Deshalb denken Sie bitte daran, bei der Suche im Zeitplan das genaue Reisedatum einzugeben.<\/p>\n<p style=\"text-align: justify;\">Der <strong>Preis f\u00fcr eine einfache Fahrt<\/strong> zum oder vom Flughafen betr\u00e4gt 30 Kuna und die Tickets k\u00f6nnen im Bus gekauft werden.<\/p>\n<h3><strong><span style=\"text-decoration: underline;\">Zus\u00e4tzliche Busverbindungen zum Flughafen<\/span><\/strong><strong>:<\/strong><\/h3>\n<p style=\"text-align: justify;\">Wenn der Flughafen-Bus zeitlich nicht zu Ihren Reisezeiten passt, haben Sie die M\u00f6glichkeit mit der <strong>st\u00e4dtischen Buslinie 37<\/strong>, die zwischen Split und Trogir verkehrt, zum Flughafen oder nach Split zu gelangen. Die <strong>Haltestelle am Flughafen befindet sich an der Hauptstra\u00dfe vor dem Flughafen<\/strong>, das sind etwa 150 Meter vom Terminal aus zu laufen. Wenn Sie von Split anreisen, beachten Sie bitte, dass die Busse von der Haltestelle &#8220;SUKOI\u0160AN&#8221; (nicht dem Busbahnhof) abfahren, die etwa 1 km von der Innenstadt entfernt ist. Der <strong>Bus Nummer 37 f\u00e4hrt alle 20 bis 30 Minuten<\/strong>, je nach Saison und Wochentag. Sie k\u00f6nnen den Fahrplan f\u00fcr den Bus Nummer 37 in Richtung Flughafen <a href=\"http:\/\/www.promet-split.hr\/en\/bus-line-37\" target=\"_blank\">hier sehen<\/a>. Und die Abfahrtzeiten in die entgegengesetzte Richtung finden Sie <a href=\"http:\/\/www.promet-split.hr\/en\/bus-line-37\" target=\"_blank\">hier<\/a>.<\/p>\n<p style=\"text-align: justify;\"><span style=\"color: #0000ff;\"><strong>HINWEIS:<\/strong><\/span> Der Bus Nummer 37 h\u00e4lt unterwegs ziemlich oft und kann unter der Woche auch einmal ganz sch\u00f6n voll sein. Wenn Sie also mit viel Gep\u00e4ck unterwegs sind, ist es vielleicht besser, ein anderes Transportmittel zu w\u00e4hlen.<\/p>\n<h3><strong><span style=\"text-decoration: underline;\">Taxi<\/span><\/strong><strong>:<\/strong><\/h3>\n<p style=\"text-align: justify;\">Die gr\u00f6\u00dfte <strong>Taxistand in Split<\/strong> befindet sich neben der Riva (dort wo auch der Bus zum Flughafen abf\u00e4hrt). Weitere Taxist\u00e4nde befinden sich neben dem Busbahnhof, beim Bahnhof sowie gegen\u00fcber der Riva. Der <strong>Preis f\u00fcr ein Taxi<\/strong> zwischen dem Flughafen und dem Stadtzentrum von Split betr\u00e4gt etwa 40-50 Euro.<\/p>\n","protected":false},"excerpt":{"rendered":"<p>Der Flughafen von Split befindet sich 24 km au\u00dferhalb des Stadtzentrums in Richtung Trogir. Vom Flughafen bis nach der Innenstadt von Trogir sind es etwa 6 km. Anreise zum und vom Flughafen Split Einzel- oder Gemeinschaftstransfer: Das ist die entspannteste Form der Bef\u00f6rderung vom Flughafen Split in das Stadtzentrum, vor allem, wenn der Transfer im [&hellip;]<\/p>\n","protected":false},"author":1,"featured_media":2450,"parent":0,"menu_order":0,"comment_status":"open","ping_status":"open","template":"","meta":[],"aioseo_notices":[],"_links":{"self":[{"href":"https:\/\/www.buscroatia.com\/de\/wp-json\/wp\/v2\/pages\/192"}],"collection":[{"href":"https:\/\/www.buscroatia.com\/de\/wp-json\/wp\/v2\/pages"}],"about":[{"href":"https:\/\/www.buscroatia.com\/de\/wp-json\/wp\/v2\/types\/page"}],"author":[{"embeddable":true,"href":"https:\/\/www.buscroatia.com\/de\/wp-json\/wp\/v2\/users\/1"}],"replies":[{"embeddable":true,"href":"https:\/\/www.buscroatia.com\/de\/wp-json\/wp\/v2\/comments?post=192"}],"version-history":[{"count":34,"href":"https:\/\/www.buscroatia.com\/de\/wp-json\/wp\/v2\/pages\/192\/revisions"}],"predecessor-version":[{"id":178644,"href":"https:\/\/www.buscroatia.com\/de\/wp-json\/wp\/v2\/pages\/192\/revisions\/178644"}],"wp:featuredmedia":[{"embeddable":true,"href":"https:\/\/www.buscroatia.com\/de\/wp-json\/wp\/v2\/media\/2450"}],"wp:attachment":[{"href":"https:\/\/www.buscroatia.com\/de\/wp-json\/wp\/v2\/media?parent=192"}],"curies":[{"name":"wp","href":"https:\/\/api.w.org\/{rel}","templated":true}]}}