{"id":1903,"date":"2013-11-04T16:11:44","date_gmt":"2013-11-04T16:11:44","guid":{"rendered":"http:\/\/www.buscroatia.com\/de\/?page_id=1903"},"modified":"2013-11-04T16:12:21","modified_gmt":"2013-11-04T16:12:21","slug":"bus-vrsar","status":"publish","type":"page","link":"https:\/\/www.buscroatia.com\/de\/bus-vrsar\/","title":{"rendered":"Busbahnhof Vrsar"},"content":{"rendered":"<p><b>Der Busbahnhof in Vrsar<\/b> befindet sich gleich am Stadteingang, nur ca. 500 Meter zu Fu\u00df vom Stadtzentrum, der Altstadt und der Uferpromenade entfernt.<\/p>\n<p>Vom Busbahnhof in Vrsar aus gibt <b>es Buslinien in istrische St\u00e4dte wie Pula, Porec oder Umag<\/b>, aber auch nach <b>Zagreb<\/b> und in einige andere St\u00e4dte. Nutzen Sie unsere Suchoption, die Sie oberhalb finden k\u00f6nnen, um Fahrpl\u00e4ne f\u00fcr Busse, die von und nach Vrsar fahren zu finden.<br \/>\n<script type=\"text\/javascript\"><!--\ngoogle_ad_client = \"\";\n\/* Bus728-de *\/\ngoogle_ad_slot = \"7853926611\";\ngoogle_ad_width = 728;\ngoogle_ad_height = 90;\n\/\/-->\n<\/script><br \/>\n<script type=\"text\/javascript\"\nsrc=\"https:\/\/pagead2.googlesyndication.com\/pagead\/show_ads.js\">\n<\/script><\/p>\n<p><b><span style=\"text-decoration: underline;\">Die Adresse des Busbahnhofs in Vrsar:<\/span><\/b><\/p>\n<ul>\n<li>Dalmatinska ulica<\/li>\n<li>52450, Vrsar<\/li>\n<li>Info Tel: 060 333 111<\/li>\n<\/ul>\n","protected":false},"excerpt":{"rendered":"<p>Der Busbahnhof in Vrsar befindet sich gleich am Stadteingang, nur ca. 500 Meter zu Fu\u00df vom Stadtzentrum, der Altstadt und der Uferpromenade entfernt. Vom Busbahnhof in Vrsar aus gibt es Buslinien in istrische St\u00e4dte wie Pula, Porec oder Umag, aber auch nach Zagreb und in einige andere St\u00e4dte. Nutzen Sie unsere Suchoption, die Sie oberhalb [&hellip;]<\/p>\n","protected":false},"author":2,"featured_media":0,"parent":0,"menu_order":0,"comment_status":"open","ping_status":"open","template":"","meta":[],"aioseo_notices":[],"_links":{"self":[{"href":"https:\/\/www.buscroatia.com\/de\/wp-json\/wp\/v2\/pages\/1903"}],"collection":[{"href":"https:\/\/www.buscroatia.com\/de\/wp-json\/wp\/v2\/pages"}],"about":[{"href":"https:\/\/www.buscroatia.com\/de\/wp-json\/wp\/v2\/types\/page"}],"author":[{"embeddable":true,"href":"https:\/\/www.buscroatia.com\/de\/wp-json\/wp\/v2\/users\/2"}],"replies":[{"embeddable":true,"href":"https:\/\/www.buscroatia.com\/de\/wp-json\/wp\/v2\/comments?post=1903"}],"version-history":[{"count":2,"href":"https:\/\/www.buscroatia.com\/de\/wp-json\/wp\/v2\/pages\/1903\/revisions"}],"predecessor-version":[{"id":1905,"href":"https:\/\/www.buscroatia.com\/de\/wp-json\/wp\/v2\/pages\/1903\/revisions\/1905"}],"wp:attachment":[{"href":"https:\/\/www.buscroatia.com\/de\/wp-json\/wp\/v2\/media?parent=1903"}],"curies":[{"name":"wp","href":"https:\/\/api.w.org\/{rel}","templated":true}]}}