{"id":1879,"date":"2013-11-04T15:51:59","date_gmt":"2013-11-04T15:51:59","guid":{"rendered":"http:\/\/www.buscroatia.com\/de\/?page_id=1879"},"modified":"2013-11-04T15:53:32","modified_gmt":"2013-11-04T15:53:32","slug":"bus-vodice","status":"publish","type":"page","link":"https:\/\/www.buscroatia.com\/de\/bus-vodice\/","title":{"rendered":"Busbahnhof Vodice"},"content":{"rendered":"<p><b>Der Busbahnhof in Vodice<\/b> befindet sich in unmittelbarer Meeresn\u00e4he, neben der Marina im Stadtzentrum. Am Busbahnhof gibt es einen Warteraum, einen Kiosk und eine Reiseagentur. Ein Taxistand ist gleich neben dem Busbahnhof zu finden.<\/p>\n<p>Von Vodice aus fahren <b>viele Busse in Richtung Zadar und Sibenik<\/b>. Nutzen Sie unsere Suchoption, die Sie oberhalb finden k\u00f6nnen, um Fahrpl\u00e4ne f\u00fcr Busse von und nach Vodice zu finden.<br \/>\n<script type=\"text\/javascript\">\/\/ <![CDATA[\ngoogle_ad_client = \"\"; \/* Bus728-de *\/ google_ad_slot = \"7853926611\"; google_ad_width = 728; google_ad_height = 90;\n\/\/ ]]><\/script><br \/>\n<script type=\"text\/javascript\" src=\"https:\/\/pagead2.googlesyndication.com\/pagead\/show_ads.js\">\/\/ <![CDATA[\n\n\/\/ ]]><\/script><\/p>\n<p><b><span style=\"text-decoration: underline;\">Die Adresse des Busbahnhofs in Vodice:<br \/>\n<\/span><\/b><\/p>\n<ul>\n<li>Ulica Artina 1<\/li>\n<li>22211 Vodice<\/li>\n<li>Tel: +385 22 443627<\/li>\n<\/ul>\n","protected":false},"excerpt":{"rendered":"<p>Der Busbahnhof in Vodice befindet sich in unmittelbarer Meeresn\u00e4he, neben der Marina im Stadtzentrum. Am Busbahnhof gibt es einen Warteraum, einen Kiosk und eine Reiseagentur. Ein Taxistand ist gleich neben dem Busbahnhof zu finden. Von Vodice aus fahren viele Busse in Richtung Zadar und Sibenik. Nutzen Sie unsere Suchoption, die Sie oberhalb finden k\u00f6nnen, um [&hellip;]<\/p>\n","protected":false},"author":2,"featured_media":0,"parent":0,"menu_order":0,"comment_status":"open","ping_status":"open","template":"","meta":[],"aioseo_notices":[],"_links":{"self":[{"href":"https:\/\/www.buscroatia.com\/de\/wp-json\/wp\/v2\/pages\/1879"}],"collection":[{"href":"https:\/\/www.buscroatia.com\/de\/wp-json\/wp\/v2\/pages"}],"about":[{"href":"https:\/\/www.buscroatia.com\/de\/wp-json\/wp\/v2\/types\/page"}],"author":[{"embeddable":true,"href":"https:\/\/www.buscroatia.com\/de\/wp-json\/wp\/v2\/users\/2"}],"replies":[{"embeddable":true,"href":"https:\/\/www.buscroatia.com\/de\/wp-json\/wp\/v2\/comments?post=1879"}],"version-history":[{"count":3,"href":"https:\/\/www.buscroatia.com\/de\/wp-json\/wp\/v2\/pages\/1879\/revisions"}],"predecessor-version":[{"id":1882,"href":"https:\/\/www.buscroatia.com\/de\/wp-json\/wp\/v2\/pages\/1879\/revisions\/1882"}],"wp:attachment":[{"href":"https:\/\/www.buscroatia.com\/de\/wp-json\/wp\/v2\/media?parent=1879"}],"curies":[{"name":"wp","href":"https:\/\/api.w.org\/{rel}","templated":true}]}}