{"id":1873,"date":"2013-11-04T15:46:06","date_gmt":"2013-11-04T15:46:06","guid":{"rendered":"http:\/\/www.buscroatia.com\/de\/?page_id=1873"},"modified":"2013-11-04T15:46:46","modified_gmt":"2013-11-04T15:46:46","slug":"bus-vir","status":"publish","type":"page","link":"https:\/\/www.buscroatia.com\/de\/bus-vir\/","title":{"rendered":"Busbahnhof Vir"},"content":{"rendered":"<p><b>Der Busbahnhof in Vir auf der Insel Vir<\/b>, befindet sich ungef\u00e4hr 1 Km vom Stadtzentrum entfernt, da sich die Stadt der K\u00fcste entlangzieht, k\u00f6nnen einige Stadtteile auch einige Kilometer entfernt sein.<\/p>\n<p>Von Vir aus gibt es <b>relativ h\u00e4ufige Buslinien nach Zadar<\/b>, von Zadar aus k\u00f6nnen sie den Flughafen Zadar und alle gr\u00f6\u03b2ere St\u00e4dte Kroatiens erreichen.<br \/>\n<script type=\"text\/javascript\"><!--\ngoogle_ad_client = \"\";\n\/* Bus728-de *\/\ngoogle_ad_slot = \"7853926611\";\ngoogle_ad_width = 728;\ngoogle_ad_height = 90;\n\/\/-->\n<\/script><br \/>\n<script type=\"text\/javascript\"\nsrc=\"https:\/\/pagead2.googlesyndication.com\/pagead\/show_ads.js\">\n<\/script><\/p>\n<p><b><span style=\"text-decoration: underline;\">Die Adresse des Busbahnhofs in Vir:<\/span><\/b><\/p>\n<ul>\n<li>Put Slatine<\/li>\n<li>23234 Vir<\/li>\n<li>Tel: +385 23 362890<\/li>\n<\/ul>\n","protected":false},"excerpt":{"rendered":"<p>Der Busbahnhof in Vir auf der Insel Vir, befindet sich ungef\u00e4hr 1 Km vom Stadtzentrum entfernt, da sich die Stadt der K\u00fcste entlangzieht, k\u00f6nnen einige Stadtteile auch einige Kilometer entfernt sein. Von Vir aus gibt es relativ h\u00e4ufige Buslinien nach Zadar, von Zadar aus k\u00f6nnen sie den Flughafen Zadar und alle gr\u00f6\u03b2ere St\u00e4dte Kroatiens erreichen. [&hellip;]<\/p>\n","protected":false},"author":2,"featured_media":0,"parent":0,"menu_order":0,"comment_status":"open","ping_status":"open","template":"","meta":[],"aioseo_notices":[],"_links":{"self":[{"href":"https:\/\/www.buscroatia.com\/de\/wp-json\/wp\/v2\/pages\/1873"}],"collection":[{"href":"https:\/\/www.buscroatia.com\/de\/wp-json\/wp\/v2\/pages"}],"about":[{"href":"https:\/\/www.buscroatia.com\/de\/wp-json\/wp\/v2\/types\/page"}],"author":[{"embeddable":true,"href":"https:\/\/www.buscroatia.com\/de\/wp-json\/wp\/v2\/users\/2"}],"replies":[{"embeddable":true,"href":"https:\/\/www.buscroatia.com\/de\/wp-json\/wp\/v2\/comments?post=1873"}],"version-history":[{"count":2,"href":"https:\/\/www.buscroatia.com\/de\/wp-json\/wp\/v2\/pages\/1873\/revisions"}],"predecessor-version":[{"id":1875,"href":"https:\/\/www.buscroatia.com\/de\/wp-json\/wp\/v2\/pages\/1873\/revisions\/1875"}],"wp:attachment":[{"href":"https:\/\/www.buscroatia.com\/de\/wp-json\/wp\/v2\/media?parent=1873"}],"curies":[{"name":"wp","href":"https:\/\/api.w.org\/{rel}","templated":true}]}}