{"id":1851,"date":"2013-11-04T15:09:58","date_gmt":"2013-11-04T15:09:58","guid":{"rendered":"http:\/\/www.buscroatia.com\/de\/?page_id=1851"},"modified":"2013-11-04T15:10:34","modified_gmt":"2013-11-04T15:10:34","slug":"bus-slatina","status":"publish","type":"page","link":"https:\/\/www.buscroatia.com\/de\/bus-slatina\/","title":{"rendered":"Busbahnhof Slatina"},"content":{"rendered":"<p><b>Der Busbahnhof in Slatina<\/b> befindet sich gleich am Stadteingang, ungef\u00e4hr 600 Meter vom Stadtzentrum entfernt, der Bahnhof befindet sich gleich nebenan. Im Geb\u00e4ude des Busbahnhofs gibt es einen Fahrkartenschalter, ein Caf\u00e9 und einen Warteraum.<\/p>\n<p>Von Slatina aus gibt es <b>Busverbindungen nach Zagreb, Vukovar, Osijek, Bjelovar<\/b>, aber auch in andere St\u00e4dte der Region. Nutzen Sie unsere Suchoption, die Sie oberhalb finden k\u00f6nnen, um Fahrpl\u00e4ne f\u00fcr Busse von und nach Slatina zu finden.<br \/>\n<script type=\"text\/javascript\"><!--\ngoogle_ad_client = \"\";\n\/* Bus728-de *\/\ngoogle_ad_slot = \"7853926611\";\ngoogle_ad_width = 728;\ngoogle_ad_height = 90;\n\/\/-->\n<\/script><br \/>\n<script type=\"text\/javascript\"\nsrc=\"https:\/\/pagead2.googlesyndication.com\/pagead\/show_ads.js\">\n<\/script><\/p>\n<p><b><span style=\"text-decoration: underline;\">Die Adresse des Busbahnhofs in Slatina:<\/span><\/b><\/p>\n<ul>\n<li>Kolodvorska 1<\/li>\n<li>33520 Slatina<\/li>\n<li>Tel: +385 33 551297<\/li>\n<\/ul>\n","protected":false},"excerpt":{"rendered":"<p>Der Busbahnhof in Slatina befindet sich gleich am Stadteingang, ungef\u00e4hr 600 Meter vom Stadtzentrum entfernt, der Bahnhof befindet sich gleich nebenan. Im Geb\u00e4ude des Busbahnhofs gibt es einen Fahrkartenschalter, ein Caf\u00e9 und einen Warteraum. Von Slatina aus gibt es Busverbindungen nach Zagreb, Vukovar, Osijek, Bjelovar, aber auch in andere St\u00e4dte der Region. Nutzen Sie unsere [&hellip;]<\/p>\n","protected":false},"author":2,"featured_media":0,"parent":0,"menu_order":0,"comment_status":"open","ping_status":"open","template":"","meta":[],"aioseo_notices":[],"_links":{"self":[{"href":"https:\/\/www.buscroatia.com\/de\/wp-json\/wp\/v2\/pages\/1851"}],"collection":[{"href":"https:\/\/www.buscroatia.com\/de\/wp-json\/wp\/v2\/pages"}],"about":[{"href":"https:\/\/www.buscroatia.com\/de\/wp-json\/wp\/v2\/types\/page"}],"author":[{"embeddable":true,"href":"https:\/\/www.buscroatia.com\/de\/wp-json\/wp\/v2\/users\/2"}],"replies":[{"embeddable":true,"href":"https:\/\/www.buscroatia.com\/de\/wp-json\/wp\/v2\/comments?post=1851"}],"version-history":[{"count":2,"href":"https:\/\/www.buscroatia.com\/de\/wp-json\/wp\/v2\/pages\/1851\/revisions"}],"predecessor-version":[{"id":1853,"href":"https:\/\/www.buscroatia.com\/de\/wp-json\/wp\/v2\/pages\/1851\/revisions\/1853"}],"wp:attachment":[{"href":"https:\/\/www.buscroatia.com\/de\/wp-json\/wp\/v2\/media?parent=1851"}],"curies":[{"name":"wp","href":"https:\/\/api.w.org\/{rel}","templated":true}]}}