{"id":1808,"date":"2013-11-04T12:48:04","date_gmt":"2013-11-04T12:48:04","guid":{"rendered":"http:\/\/www.buscroatia.com\/de\/?page_id=1808"},"modified":"2013-11-04T12:49:59","modified_gmt":"2013-11-04T12:49:59","slug":"bus-senj","status":"publish","type":"page","link":"https:\/\/www.buscroatia.com\/de\/bus-senj\/","title":{"rendered":"Busbahnhof Senj"},"content":{"rendered":"<p><b>Der Busbahnhof in Senj<\/b> befindet sich in Meeresn\u00e4he und in der N\u00e4he der Altstadt. Bei diesem Busbahnhof ist eigentlich mehr die Rede von einer gr\u00f6\u03b2eren Bushaltestelle, die sich vor dem Hotel Libra befindet. Fahrkarten kann man am Kiosk neben der Bushaltestelle kaufen.<\/p>\n<p>Von Senj aus fahren verschiedene Busse <b>Richtung Rijeka und Zadar<\/b>, es gibt aber auch einige Busse, die nach Zagreb und in gr\u00f6\u03b2ere kroatische St\u00e4dte fahren. Nutzen Sie unsere Suchoption, die Sie oberhalb finden k\u00f6nnen, um Fahrpl\u00e4ne f\u00fcr Busse, die nach und von Senj fahren zu finden.<br \/>\n<script type=\"text\/javascript\"><!--\ngoogle_ad_client = \"\";\n\/* Bus728-de *\/\ngoogle_ad_slot = \"7853926611\";\ngoogle_ad_width = 728;\ngoogle_ad_height = 90;\n\/\/-->\n<\/script><br \/>\n<script type=\"text\/javascript\"\nsrc=\"https:\/\/pagead2.googlesyndication.com\/pagead\/show_ads.js\">\n<\/script><\/p>\n<p><b><span style=\"text-decoration: underline;\">Die Adresse des Busbahnhofs in Senj: <\/span><\/b><\/p>\n<ul>\n<li>Obala dr. Franje Tu\u0111mana 8<\/li>\n<li>53270 Senj<\/li>\n<li>Tel: +385 60 394394<\/li>\n<\/ul>\n","protected":false},"excerpt":{"rendered":"<p>Der Busbahnhof in Senj befindet sich in Meeresn\u00e4he und in der N\u00e4he der Altstadt. Bei diesem Busbahnhof ist eigentlich mehr die Rede von einer gr\u00f6\u03b2eren Bushaltestelle, die sich vor dem Hotel Libra befindet. Fahrkarten kann man am Kiosk neben der Bushaltestelle kaufen. Von Senj aus fahren verschiedene Busse Richtung Rijeka und Zadar, es gibt aber [&hellip;]<\/p>\n","protected":false},"author":2,"featured_media":0,"parent":0,"menu_order":0,"comment_status":"open","ping_status":"open","template":"","meta":[],"aioseo_notices":[],"_links":{"self":[{"href":"https:\/\/www.buscroatia.com\/de\/wp-json\/wp\/v2\/pages\/1808"}],"collection":[{"href":"https:\/\/www.buscroatia.com\/de\/wp-json\/wp\/v2\/pages"}],"about":[{"href":"https:\/\/www.buscroatia.com\/de\/wp-json\/wp\/v2\/types\/page"}],"author":[{"embeddable":true,"href":"https:\/\/www.buscroatia.com\/de\/wp-json\/wp\/v2\/users\/2"}],"replies":[{"embeddable":true,"href":"https:\/\/www.buscroatia.com\/de\/wp-json\/wp\/v2\/comments?post=1808"}],"version-history":[{"count":3,"href":"https:\/\/www.buscroatia.com\/de\/wp-json\/wp\/v2\/pages\/1808\/revisions"}],"predecessor-version":[{"id":1811,"href":"https:\/\/www.buscroatia.com\/de\/wp-json\/wp\/v2\/pages\/1808\/revisions\/1811"}],"wp:attachment":[{"href":"https:\/\/www.buscroatia.com\/de\/wp-json\/wp\/v2\/media?parent=1808"}],"curies":[{"name":"wp","href":"https:\/\/api.w.org\/{rel}","templated":true}]}}