{"id":1775,"date":"2013-10-31T10:32:22","date_gmt":"2013-10-31T10:32:22","guid":{"rendered":"http:\/\/www.buscroatia.com\/de\/?page_id=1775"},"modified":"2013-10-31T10:34:41","modified_gmt":"2013-10-31T10:34:41","slug":"bus-ogulin","status":"publish","type":"page","link":"https:\/\/www.buscroatia.com\/de\/bus-ogulin\/","title":{"rendered":"Busbahnhof Ogulin"},"content":{"rendered":"<p><b>Der Busbahnhof in Ogulin<\/b> befindet sich gleich neben dem Bahnhof, nur einige hundert Meter vom Stadtzentrum entfernt. Im Geb\u00e4ude des Busbahnhofs gibt es einen Warteraum und ein Caf\u00e9.<\/p>\n<p>Von Ogulin aus fahren Busse in die St\u00e4dte der n\u00e4heren Umgebung, wie z.B. Kuselj und Josipdol.<br \/>\n<script type=\"text\/javascript\"><!--\ngoogle_ad_client = \"\";\n\/* Bus728-de *\/\ngoogle_ad_slot = \"7853926611\";\ngoogle_ad_width = 728;\ngoogle_ad_height = 90;\n\/\/-->\n<\/script><br \/>\n<script type=\"text\/javascript\"\nsrc=\"https:\/\/pagead2.googlesyndication.com\/pagead\/show_ads.js\">\n<\/script><\/p>\n<p><b><span style=\"text-decoration: underline;\">Die Adresse des Busbahnhofs in Ogulin:<\/span><\/b><\/p>\n<ul>\n<li>Trg Franje Tu\u0111mana 2<\/li>\n<li>47300 Ogulin<\/li>\n<li>Tel: +385 60 315060<\/li>\n<\/ul>\n","protected":false},"excerpt":{"rendered":"<p>Der Busbahnhof in Ogulin befindet sich gleich neben dem Bahnhof, nur einige hundert Meter vom Stadtzentrum entfernt. Im Geb\u00e4ude des Busbahnhofs gibt es einen Warteraum und ein Caf\u00e9. Von Ogulin aus fahren Busse in die St\u00e4dte der n\u00e4heren Umgebung, wie z.B. Kuselj und Josipdol. Die Adresse des Busbahnhofs in Ogulin: Trg Franje Tu\u0111mana 2 47300 [&hellip;]<\/p>\n","protected":false},"author":2,"featured_media":0,"parent":0,"menu_order":0,"comment_status":"open","ping_status":"open","template":"","meta":[],"aioseo_notices":[],"_links":{"self":[{"href":"https:\/\/www.buscroatia.com\/de\/wp-json\/wp\/v2\/pages\/1775"}],"collection":[{"href":"https:\/\/www.buscroatia.com\/de\/wp-json\/wp\/v2\/pages"}],"about":[{"href":"https:\/\/www.buscroatia.com\/de\/wp-json\/wp\/v2\/types\/page"}],"author":[{"embeddable":true,"href":"https:\/\/www.buscroatia.com\/de\/wp-json\/wp\/v2\/users\/2"}],"replies":[{"embeddable":true,"href":"https:\/\/www.buscroatia.com\/de\/wp-json\/wp\/v2\/comments?post=1775"}],"version-history":[{"count":3,"href":"https:\/\/www.buscroatia.com\/de\/wp-json\/wp\/v2\/pages\/1775\/revisions"}],"predecessor-version":[{"id":1778,"href":"https:\/\/www.buscroatia.com\/de\/wp-json\/wp\/v2\/pages\/1775\/revisions\/1778"}],"wp:attachment":[{"href":"https:\/\/www.buscroatia.com\/de\/wp-json\/wp\/v2\/media?parent=1775"}],"curies":[{"name":"wp","href":"https:\/\/api.w.org\/{rel}","templated":true}]}}