{"id":1752,"date":"2013-10-31T09:53:35","date_gmt":"2013-10-31T09:53:35","guid":{"rendered":"http:\/\/www.buscroatia.com\/de\/?page_id=1752"},"modified":"2013-12-20T11:09:14","modified_gmt":"2013-12-20T11:09:14","slug":"bus-plitvicer-seen","status":"publish","type":"page","link":"https:\/\/www.buscroatia.com\/de\/bus-plitvicer-seen\/","title":{"rendered":"Busbahnhof Plitvicer Seen"},"content":{"rendered":"<p>Es gibt zwar <b>keine Bushaltestelle direkt beim Nationalpark Plitvicer Seen<\/b>, aber darum gibt es mehrere Bushaltestellen auf der Hauptstra\u00dfe, die zum Nationalpark f\u00fchrt. Da der Nationalpark Plitvicer Seen zwei Eing\u00e4nge, von welchen aus mehrere Wanderrouten durch den Park f\u00fchren, hat, ist es <b>empfehlenswert schon vor der Busankunft zu entscheiden welchen Eingang<\/b> <b>und welche Route<\/b> Sie nehmen m\u00f6chten. Auf diese Art\u00a0 vermeiden Sie das Aussteigen am &#8220;falschen&#8221; Eingang. Die Lage der Bushaltestellen, im Verh\u00e4ltnis zu den Eing\u00e4ngen k\u00f6nnen Sie auf dem Plan unterhalb sehen.<\/p>\n<p style=\"text-align: center;\"><a href=\"https:\/\/www.buscroatia.com\/de\/wp-content\/uploads\/2012\/02\/Plitvicer-Seen.jpg\" rel=\"lightbox[1752]\"><img decoding=\"async\" class=\".aligncenter\" title=\"Plitvicer Seen\" alt=\"Plitvicer Seen\" src=\"https:\/\/www.buscroatia.com\/de\/wp-content\/uploads\/2012\/02\/Plitvicer-Seen.jpg\" width=\"100%\" \/><\/a><\/p>\n<p><b><span style=\"text-decoration: underline;\">Gut zu wissen beim Besuch der Plitvicer Seen:<\/span><\/b><\/p>\n<p>An beiden Eing\u00e4ngen des Nationalparks kann man <b>sein Gep\u00e4ck kostenlos deponieren<\/b>. Am Eingang und an verschiedenen Orten im Park kann man Essen und verschiedene Erfrischungen kaufen, die Preise sind zwar h\u00f6her als in den benachbarten Orten, aber denken Sie daran, dass <b>das ganze Einkommen des Parks an die Aufrechterhaltung dieses wunderbaren Ortes geht.<br \/>\n<\/b><\/p>\n<p>Entlang der Wanderwege findet man viele Abfallk\u00f6rbe, bitte benutzen Sie diese auch!<br \/>\n<script type=\"text\/javascript\">\/\/ <![CDATA[\ngoogle_ad_client = \"\"; \/* Bus728-de *\/ google_ad_slot = \"7853926611\"; google_ad_width = 728; google_ad_height = 90;\n\/\/ ]]><\/script><br \/>\n<script type=\"text\/javascript\" src=\"https:\/\/pagead2.googlesyndication.com\/pagead\/show_ads.js\">\/\/ <![CDATA[\n\n\n\/\/ ]]><\/script><\/p>\n<p><b><span style=\"text-decoration: underline;\">\u00dcbernachtungen an den Plitvicer Seen:<\/span><\/b><\/p>\n<p>Falls Sie <b>an den Plitvicer Seen \u00fcbernachten<\/b> m\u00f6chten, gibt es mehrere Optionen. Die Parkverwaltung f\u00fchrt mehrere Hotels, die sich in der N\u00e4he oder gleich bei den Eing\u00e4ngen befinden. Dies ist zwar nicht die g\u00fcnstigste Option, aber sicherlich die Praktischste, falls Sie auf\u00a0 \u00f6ffentliche Verkehrsmittel angewiesen sind. <b>Eine andere M\u00f6glichkeit ist, in einem der vielen Appartements oder Hostels,<\/b> die sie in der wundersch\u00f6nen Umgebung von Plitvice finden, zu \u00fcbernachten. Falls Sie viel Gep\u00e4ck bei sich haben, sollten Sie daran denken, dass die Busse nur auf der Hauptstra\u00dfe halten, und dass sie darum wahrscheinlich zur oder von der Haltestelle <b>laufen m\u00fcssen<\/b>.<\/p>\n<table width=\"720\" border=\"0\" cellspacing=\"2\" cellpadding=\"2\">\n<tbody>\n<tr>\n<td align=\"center\" width=\"240\">\n<p align=\"center\"><a href=\"https:\/\/www.buscroatia.com\/de\/fewo-plitvice\" target=\"_blank\"><img decoding=\"async\" style=\"margin: 0px 1px 1px;\" alt=\"\" src=\"https:\/\/www.buscroatia.com\/de\/wp-content\/uploads\/info\/Ferienwohnung.jpg\" \/><\/a><\/p>\n<p align=\"center\"><strong><span style=\"color: #000000; font-size: large;\">Plitvicer Seen<br \/>\n<\/span><\/strong><\/p>\n<\/td>\n<td align=\"center\" width=\"240\">\n<p align=\"center\"><a href=\"https:\/\/www.buscroatia.com\/de\/hotel-plivice\" target=\"_blank\"><img decoding=\"async\" style=\"margin: 0px 1px 1px;\" alt=\"\" src=\"https:\/\/www.buscroatia.com\/de\/wp-content\/uploads\/info\/Hotels.jpg\" \/><\/a><\/p>\n<p align=\"center\"><strong><span style=\"color: #000000; font-size: large;\"><strong>Plitvicer Seen<\/strong><\/span><\/strong><\/p>\n<\/td>\n<td align=\"center\" width=\"240\">\n<p align=\"center\"><a href=\"https:\/\/www.buscroatia.com\/de\/hostel-plitvice\" target=\"_blank\"><img decoding=\"async\" style=\"margin: 0px 1px 1px;\" alt=\"\" src=\"https:\/\/www.buscroatia.com\/de\/wp-content\/uploads\/info\/Herberge.jpg\" \/><\/a><\/p>\n<p align=\"center\"><strong><span style=\"color: #000000; font-size: large;\"><strong>Plitvicer Seen<\/strong><\/span><\/strong><\/p>\n<\/td>\n<\/tr>\n<\/tbody>\n<\/table>\n<p><b><span style=\"text-decoration: underline;\">Busreisen an die Plitvicer Seen:<\/span><br \/>\n<\/b><\/p>\n<p>Es gibt <b>mehrere Direktverbindungen via Bus<\/b> an die Plitvicer Seen, hier k\u00f6nnen Sie sehen welche Sie f\u00fcr folgende Destinationen finden k\u00f6nnen:<\/p>\n<ul>\n<li><a title=\"Bus Split Plitvicer Seen\" href=\"https:\/\/www.buscroatia.com\/de\/bus-split-plitvicer-seen\/\">Split &#8211; Plitvicer Seen<\/a><\/li>\n<li><a title=\"Bus Zadar Plitvicer Seen\" href=\"https:\/\/www.buscroatia.com\/de\/bus-zadar-plitvicer-seen\/\">Zadar &#8211; Plitvicer Seen<\/a><\/li>\n<li><a title=\"Bus Zagreb Plitvicer Seen\" href=\"https:\/\/www.buscroatia.com\/de\/bus-zagreb-plitvicer-seen\/\">Zagreb &#8211; Plitvicer Seen<\/a><\/li>\n<li><a title=\"Bus Dubrovnik Plitvicer seen\" href=\"https:\/\/www.buscroatia.com\/de\/bus-dubrovnik-plitvicer-seen\/\">Dubrovnik &#8211; Plitvicer Seen<\/a><\/li>\n<\/ul>\n<p>Falls Sie von Istrien und dem Kvarner reisen, werden Sie \u00fcber Rijeka und Karlovac gehen m\u00fcssen. Eine andere Variante ist, entweder <b>ein Auto zu mieten, oder sich einer Exkursion an die Plitvicer Seen anzuschlie\u00dfen<\/b>. Mehr Informationen \u00fcber Exkursionen an die Plitvicer Seen <a title=\"Tagesausflug\" href=\"https:\/\/www.buscroatia.com\/de\/tagesausflug\/\">finden Sie hier<\/a>:<\/p>\n<p><b><span style=\"text-decoration: underline;\">Reisen von den Plitvicer Seen aus:<\/span><\/b><\/p>\n<p>Sie k\u00f6nnen mit einem Bus , der an einer der Haltestellen in der N\u00e4he des Parks h\u00e4lt, fahren. Es gibt <b>direkte Buslinien in die folgenden St\u00e4dte<\/b>: Zagreb, Karlovac, Zadar, Split und Dubrovnik. W\u00e4hrend der Sommersaison vergr\u00f6\u00dfert sich die Anzahl der Buslinien. Nutzen Sie die Suchoption oberhalb um Busse von und Nach Plitvicer Seen zu finden.<\/p>\n<p><b><span style=\"text-decoration: underline;\">Plan der Bushaltestellen an den Plitvicer Seen: <\/span><\/b><\/p>\n<p>Busse an und von den Plitvicer Seen aus, Bushaltestellen beim Nationalpark Plitvicer Seen, Busfahrpl\u00e4ne, Unterk\u00fcnfte und Informationen f\u00fcr Besucher des Nationalparks Plitvicer Seen<\/p>\n<p><iframe loading=\"lazy\" src=\"https:\/\/maps.google.co.uk\/maps\/ms?msa=0&amp;msid=208501521610253693382.0004d7fdbb71ba6d49fa7&amp;ie=UTF8&amp;t=h&amp;ll=44.905739,15.625305&amp;spn=0.109424,0.239983&amp;z=12&amp;output=embed\" height=\"450\" width=\"100%\" frameborder=\"0\" marginwidth=\"0\" marginheight=\"0\" scrolling=\"no\"><\/iframe><br \/>\n<small>Prika\u017ei <a style=\"color: #0000ff; text-align: left;\" href=\"https:\/\/maps.google.co.uk\/maps\/ms?msa=0&amp;msid=208501521610253693382.0004d7fdbb71ba6d49fa7&amp;ie=UTF8&amp;t=h&amp;ll=44.905739,15.625305&amp;spn=0.109424,0.239983&amp;z=12&amp;source=embed\">Plitvice<\/a> na ve\u0107oj karti<\/small><\/p>\n","protected":false},"excerpt":{"rendered":"<p>Es gibt zwar keine Bushaltestelle direkt beim Nationalpark Plitvicer Seen, aber darum gibt es mehrere Bushaltestellen auf der Hauptstra\u00dfe, die zum Nationalpark f\u00fchrt. Da der Nationalpark Plitvicer Seen zwei Eing\u00e4nge, von welchen aus mehrere Wanderrouten durch den Park f\u00fchren, hat, ist es empfehlenswert schon vor der Busankunft zu entscheiden welchen Eingang und welche Route Sie [&hellip;]<\/p>\n","protected":false},"author":2,"featured_media":636,"parent":0,"menu_order":0,"comment_status":"open","ping_status":"open","template":"","meta":[],"aioseo_notices":[],"_links":{"self":[{"href":"https:\/\/www.buscroatia.com\/de\/wp-json\/wp\/v2\/pages\/1752"}],"collection":[{"href":"https:\/\/www.buscroatia.com\/de\/wp-json\/wp\/v2\/pages"}],"about":[{"href":"https:\/\/www.buscroatia.com\/de\/wp-json\/wp\/v2\/types\/page"}],"author":[{"embeddable":true,"href":"https:\/\/www.buscroatia.com\/de\/wp-json\/wp\/v2\/users\/2"}],"replies":[{"embeddable":true,"href":"https:\/\/www.buscroatia.com\/de\/wp-json\/wp\/v2\/comments?post=1752"}],"version-history":[{"count":11,"href":"https:\/\/www.buscroatia.com\/de\/wp-json\/wp\/v2\/pages\/1752\/revisions"}],"predecessor-version":[{"id":1995,"href":"https:\/\/www.buscroatia.com\/de\/wp-json\/wp\/v2\/pages\/1752\/revisions\/1995"}],"wp:featuredmedia":[{"embeddable":true,"href":"https:\/\/www.buscroatia.com\/de\/wp-json\/wp\/v2\/media\/636"}],"wp:attachment":[{"href":"https:\/\/www.buscroatia.com\/de\/wp-json\/wp\/v2\/media?parent=1752"}],"curies":[{"name":"wp","href":"https:\/\/api.w.org\/{rel}","templated":true}]}}