{"id":1749,"date":"2013-10-31T09:30:48","date_gmt":"2013-10-31T09:30:48","guid":{"rendered":"http:\/\/www.buscroatia.com\/de\/?page_id=1749"},"modified":"2013-10-31T09:31:22","modified_gmt":"2013-10-31T09:31:22","slug":"bus-mali-losinj","status":"publish","type":"page","link":"https:\/\/www.buscroatia.com\/de\/bus-mali-losinj\/","title":{"rendered":"Busbahnhof Mali Lo\u0161inj"},"content":{"rendered":"<p>Der <b>Busbahnhof Mali Lo\u0161inj<\/b> befindet sich direkt neben dem F\u00e4hrenhafen, welcher ungef\u00e4hr 800 Meter vom Stadtzentrum entfernt ist. Von der Busbahnhof aus kann man alle anderen Stadtteile zu Fu\u03b2 erreichen (max. 2 Km) .<\/p>\n<p>Von Mali Lo\u0161inj aus fahren <b>t\u00e4glich<\/b> <b>mehrere Busse nach Cres, Rijeka und Zagreb<\/b>, nat\u00fcrlich gibt es auch Busverbindungen mit anderen St\u00e4dten auf der Insel. Nutzen Sie unsere Suchoption um Fahrpl\u00e4ne der Busse von und nach Mali Lo\u0161inj zu finden.<br \/>\n<script type=\"text\/javascript\"><!--\ngoogle_ad_client = \"\";\n\/* Bus728-de *\/\ngoogle_ad_slot = \"7853926611\";\ngoogle_ad_width = 728;\ngoogle_ad_height = 90;\n\/\/-->\n<\/script><br \/>\n<script type=\"text\/javascript\"\nsrc=\"https:\/\/pagead2.googlesyndication.com\/pagead\/show_ads.js\">\n<\/script><\/p>\n<p><b><span style=\"text-decoration: underline;\">Die Adresse der Busbahnhof Mali Lo\u0161inj:<\/span><\/b><\/p>\n<ul>\n<li>Lo\u0161inj.brodograditelja 33<\/li>\n<li>51550 Mali Lo\u0161inj<\/li>\n<li>Tel: +385 60 311311<\/li>\n<\/ul>\n","protected":false},"excerpt":{"rendered":"<p>Der Busbahnhof Mali Lo\u0161inj befindet sich direkt neben dem F\u00e4hrenhafen, welcher ungef\u00e4hr 800 Meter vom Stadtzentrum entfernt ist. Von der Busbahnhof aus kann man alle anderen Stadtteile zu Fu\u03b2 erreichen (max. 2 Km) . Von Mali Lo\u0161inj aus fahren t\u00e4glich mehrere Busse nach Cres, Rijeka und Zagreb, nat\u00fcrlich gibt es auch Busverbindungen mit anderen St\u00e4dten [&hellip;]<\/p>\n","protected":false},"author":2,"featured_media":0,"parent":0,"menu_order":0,"comment_status":"open","ping_status":"open","template":"","meta":[],"aioseo_notices":[],"_links":{"self":[{"href":"https:\/\/www.buscroatia.com\/de\/wp-json\/wp\/v2\/pages\/1749"}],"collection":[{"href":"https:\/\/www.buscroatia.com\/de\/wp-json\/wp\/v2\/pages"}],"about":[{"href":"https:\/\/www.buscroatia.com\/de\/wp-json\/wp\/v2\/types\/page"}],"author":[{"embeddable":true,"href":"https:\/\/www.buscroatia.com\/de\/wp-json\/wp\/v2\/users\/2"}],"replies":[{"embeddable":true,"href":"https:\/\/www.buscroatia.com\/de\/wp-json\/wp\/v2\/comments?post=1749"}],"version-history":[{"count":2,"href":"https:\/\/www.buscroatia.com\/de\/wp-json\/wp\/v2\/pages\/1749\/revisions"}],"predecessor-version":[{"id":1751,"href":"https:\/\/www.buscroatia.com\/de\/wp-json\/wp\/v2\/pages\/1749\/revisions\/1751"}],"wp:attachment":[{"href":"https:\/\/www.buscroatia.com\/de\/wp-json\/wp\/v2\/media?parent=1749"}],"curies":[{"name":"wp","href":"https:\/\/api.w.org\/{rel}","templated":true}]}}