{"id":1730,"date":"2013-10-31T09:17:45","date_gmt":"2013-10-31T09:17:45","guid":{"rendered":"http:\/\/www.buscroatia.com\/de\/?page_id=1730"},"modified":"2013-10-31T09:18:15","modified_gmt":"2013-10-31T09:18:15","slug":"bus-gospic","status":"publish","type":"page","link":"https:\/\/www.buscroatia.com\/de\/bus-gospic\/","title":{"rendered":"Busbahnhof Gospic"},"content":{"rendered":"<p>Der <strong>Busbahnhof in Gospic<\/strong> (kroatisch &#8211; Gospi\u0107) liegt ungef\u00e4hr 800 Meter vom Stadtzentrum entfernt. Der Bahnhof, der im s\u00fcd-\u00f6stlichen Teil der Stadt liegt, ist ungef\u00e4hr 2.7 Km entfernt.<\/p>\n<p>Von dem Busbahnhof in Gospic aus f\u00e4hrt <b>t\u00e4glich Busse in St\u00e4dte wie Zagreb, Zadar und Dubrovnik<\/b>. Nutzen Sie unsere Suchoption um Busfahrpl\u00e4ne von und Nach Gospic zu finden.<br \/>\n<script type=\"text\/javascript\"><!--\ngoogle_ad_client = \"\";\n\/* Bus728-de *\/\ngoogle_ad_slot = \"7853926611\";\ngoogle_ad_width = 728;\ngoogle_ad_height = 90;\n\/\/-->\n<\/script><br \/>\n<script type=\"text\/javascript\"\nsrc=\"https:\/\/pagead2.googlesyndication.com\/pagead\/show_ads.js\">\n<\/script><\/p>\n<p><b><span style=\"text-decoration: underline;\">Die Adresse der Busbahnhof Gospic:<br \/>\n<\/span><\/b><\/p>\n<ul>\n<li>Trg Zrinskih i Frankopana 4<\/li>\n<li>53000 Gospi\u0107<\/li>\n<li>Tel: +385 53 572 658<\/li>\n<\/ul>\n","protected":false},"excerpt":{"rendered":"<p>Der Busbahnhof in Gospic (kroatisch &#8211; Gospi\u0107) liegt ungef\u00e4hr 800 Meter vom Stadtzentrum entfernt. Der Bahnhof, der im s\u00fcd-\u00f6stlichen Teil der Stadt liegt, ist ungef\u00e4hr 2.7 Km entfernt. Von dem Busbahnhof in Gospic aus f\u00e4hrt t\u00e4glich Busse in St\u00e4dte wie Zagreb, Zadar und Dubrovnik. Nutzen Sie unsere Suchoption um Busfahrpl\u00e4ne von und Nach Gospic zu [&hellip;]<\/p>\n","protected":false},"author":2,"featured_media":0,"parent":0,"menu_order":0,"comment_status":"open","ping_status":"open","template":"","meta":[],"aioseo_notices":[],"_links":{"self":[{"href":"https:\/\/www.buscroatia.com\/de\/wp-json\/wp\/v2\/pages\/1730"}],"collection":[{"href":"https:\/\/www.buscroatia.com\/de\/wp-json\/wp\/v2\/pages"}],"about":[{"href":"https:\/\/www.buscroatia.com\/de\/wp-json\/wp\/v2\/types\/page"}],"author":[{"embeddable":true,"href":"https:\/\/www.buscroatia.com\/de\/wp-json\/wp\/v2\/users\/2"}],"replies":[{"embeddable":true,"href":"https:\/\/www.buscroatia.com\/de\/wp-json\/wp\/v2\/comments?post=1730"}],"version-history":[{"count":2,"href":"https:\/\/www.buscroatia.com\/de\/wp-json\/wp\/v2\/pages\/1730\/revisions"}],"predecessor-version":[{"id":1732,"href":"https:\/\/www.buscroatia.com\/de\/wp-json\/wp\/v2\/pages\/1730\/revisions\/1732"}],"wp:attachment":[{"href":"https:\/\/www.buscroatia.com\/de\/wp-json\/wp\/v2\/media?parent=1730"}],"curies":[{"name":"wp","href":"https:\/\/api.w.org\/{rel}","templated":true}]}}