{"id":1704,"date":"2013-10-30T15:53:54","date_gmt":"2013-10-30T15:53:54","guid":{"rendered":"http:\/\/www.buscroatia.com\/de\/?page_id=1704"},"modified":"2013-10-30T15:54:41","modified_gmt":"2013-10-30T15:54:41","slug":"bus-buzet","status":"publish","type":"page","link":"https:\/\/www.buscroatia.com\/de\/bus-buzet\/","title":{"rendered":"Busbahnhof Buzet"},"content":{"rendered":"<p>Der <b>Busbahnhof in Buzet<\/b> ist nur 600 Meter vom Stadtzentrum entfernt, da die Stadt relativ klein ist, kann man \u00fcberall zu Fu\u00df gelangen.<\/p>\n<p>In Buzet findet man <b>Busverbindungen in die meisten istrischen St\u00e4dte<\/b>, wie z.B. Umag, Novigrad, Pore\u010d und Rovinj. Es gibt aber auch t\u00e4gliche Busverbindungen nach Rijeka und Zagreb, aber <b>auch internationale Verbindungen nach Triest und Venedig<\/b>. Nutzen Sie unsere Suchoption um Fahrpl\u00e4ne f\u00fcr B\u00fcsse von und nach Buzet zu finden.<\/p>\n<p>Der Bahnhof in Buzet ist 5 Km von der Bushaltestelle entfernt, von dort gibt es Zugverbindungen nach Pula und Ljubljana in Slowenien.<br \/>\n<script type=\"text\/javascript\"><!--\ngoogle_ad_client = \"\";\n\/* Bus728-de *\/\ngoogle_ad_slot = \"7853926611\";\ngoogle_ad_width = 728;\ngoogle_ad_height = 90;\n\/\/-->\n<\/script><br \/>\n<script type=\"text\/javascript\"\nsrc=\"https:\/\/pagead2.googlesyndication.com\/pagead\/show_ads.js\">\n<\/script><\/p>\n<p><b><span style=\"text-decoration: underline;\">Die Adresse Der Busbahnhof in Buzet:<\/span><\/b><\/p>\n<ul>\n<li>Rije\u010dka bb<\/li>\n<li>52420, Buzet<\/li>\n<li>Tel: +385 52 663 285<\/li>\n<\/ul>\n","protected":false},"excerpt":{"rendered":"<p>Der Busbahnhof in Buzet ist nur 600 Meter vom Stadtzentrum entfernt, da die Stadt relativ klein ist, kann man \u00fcberall zu Fu\u00df gelangen. In Buzet findet man Busverbindungen in die meisten istrischen St\u00e4dte, wie z.B. Umag, Novigrad, Pore\u010d und Rovinj. Es gibt aber auch t\u00e4gliche Busverbindungen nach Rijeka und Zagreb, aber auch internationale Verbindungen nach [&hellip;]<\/p>\n","protected":false},"author":2,"featured_media":0,"parent":0,"menu_order":0,"comment_status":"open","ping_status":"open","template":"","meta":[],"aioseo_notices":[],"_links":{"self":[{"href":"https:\/\/www.buscroatia.com\/de\/wp-json\/wp\/v2\/pages\/1704"}],"collection":[{"href":"https:\/\/www.buscroatia.com\/de\/wp-json\/wp\/v2\/pages"}],"about":[{"href":"https:\/\/www.buscroatia.com\/de\/wp-json\/wp\/v2\/types\/page"}],"author":[{"embeddable":true,"href":"https:\/\/www.buscroatia.com\/de\/wp-json\/wp\/v2\/users\/2"}],"replies":[{"embeddable":true,"href":"https:\/\/www.buscroatia.com\/de\/wp-json\/wp\/v2\/comments?post=1704"}],"version-history":[{"count":2,"href":"https:\/\/www.buscroatia.com\/de\/wp-json\/wp\/v2\/pages\/1704\/revisions"}],"predecessor-version":[{"id":1706,"href":"https:\/\/www.buscroatia.com\/de\/wp-json\/wp\/v2\/pages\/1704\/revisions\/1706"}],"wp:attachment":[{"href":"https:\/\/www.buscroatia.com\/de\/wp-json\/wp\/v2\/media?parent=1704"}],"curies":[{"name":"wp","href":"https:\/\/api.w.org\/{rel}","templated":true}]}}