{"id":1697,"date":"2013-10-30T15:37:03","date_gmt":"2013-10-30T15:37:03","guid":{"rendered":"http:\/\/www.buscroatia.com\/de\/?page_id=1697"},"modified":"2013-10-30T15:37:55","modified_gmt":"2013-10-30T15:37:55","slug":"bus-imotski","status":"publish","type":"page","link":"https:\/\/www.buscroatia.com\/de\/bus-imotski\/","title":{"rendered":"Busbahnhof Imotski"},"content":{"rendered":"<p>Der <b>Busbahnhof Imotski<\/b> liegt im \u00f6stlichen Teil der Stadt, ungef\u00e4hr 800 Meter vom Stadtzentrum entfernt. Die wichtigsten Sehensw\u00fcrdigkeiten von Imotski, der Blaue und der Rote See, liegen im westlichen Teil der Stadt, ca. 1 &#8211; 1.5 Km von der Bushaltestelle entfernt.<\/p>\n<p>Von Imotski aus fahren t\u00e4glich <b>mehrere Busse in viele kroatische St\u00e4dte<\/b>, wie z.B. Dubrovnik, Split, Zadar und Zagreb. Nutzen Sie unsere Suchoption um Busfahrpl\u00e4ne von und nach Imotski zu finden.<br \/>\n<script type=\"text\/javascript\"><!--\ngoogle_ad_client = \"\";\n\/* Bus728-de *\/\ngoogle_ad_slot = \"7853926611\";\ngoogle_ad_width = 728;\ngoogle_ad_height = 90;\n\/\/-->\n<\/script><br \/>\n<script type=\"text\/javascript\"\nsrc=\"https:\/\/pagead2.googlesyndication.com\/pagead\/show_ads.js\">\n<\/script><\/p>\n<p><span style=\"text-decoration: underline;\"><b>Die Adresse der Busbahnhof in Imotski:<\/b> <\/span><\/p>\n<ul>\n<li>Kralja Zvonimira 75<\/li>\n<li>21260 Imotski<\/li>\n<li>Tel: +385 21 841442<\/li>\n<\/ul>\n","protected":false},"excerpt":{"rendered":"<p>Der Busbahnhof Imotski liegt im \u00f6stlichen Teil der Stadt, ungef\u00e4hr 800 Meter vom Stadtzentrum entfernt. Die wichtigsten Sehensw\u00fcrdigkeiten von Imotski, der Blaue und der Rote See, liegen im westlichen Teil der Stadt, ca. 1 &#8211; 1.5 Km von der Bushaltestelle entfernt. Von Imotski aus fahren t\u00e4glich mehrere Busse in viele kroatische St\u00e4dte, wie z.B. Dubrovnik, [&hellip;]<\/p>\n","protected":false},"author":2,"featured_media":0,"parent":0,"menu_order":0,"comment_status":"open","ping_status":"open","template":"","meta":[],"aioseo_notices":[],"_links":{"self":[{"href":"https:\/\/www.buscroatia.com\/de\/wp-json\/wp\/v2\/pages\/1697"}],"collection":[{"href":"https:\/\/www.buscroatia.com\/de\/wp-json\/wp\/v2\/pages"}],"about":[{"href":"https:\/\/www.buscroatia.com\/de\/wp-json\/wp\/v2\/types\/page"}],"author":[{"embeddable":true,"href":"https:\/\/www.buscroatia.com\/de\/wp-json\/wp\/v2\/users\/2"}],"replies":[{"embeddable":true,"href":"https:\/\/www.buscroatia.com\/de\/wp-json\/wp\/v2\/comments?post=1697"}],"version-history":[{"count":3,"href":"https:\/\/www.buscroatia.com\/de\/wp-json\/wp\/v2\/pages\/1697\/revisions"}],"predecessor-version":[{"id":1700,"href":"https:\/\/www.buscroatia.com\/de\/wp-json\/wp\/v2\/pages\/1697\/revisions\/1700"}],"wp:attachment":[{"href":"https:\/\/www.buscroatia.com\/de\/wp-json\/wp\/v2\/media?parent=1697"}],"curies":[{"name":"wp","href":"https:\/\/api.w.org\/{rel}","templated":true}]}}