{"id":1672,"date":"2013-10-30T14:50:47","date_gmt":"2013-10-30T14:50:47","guid":{"rendered":"http:\/\/www.buscroatia.com\/de\/?page_id=1672"},"modified":"2013-10-30T14:55:20","modified_gmt":"2013-10-30T14:55:20","slug":"bus-krk","status":"publish","type":"page","link":"https:\/\/www.buscroatia.com\/de\/bus-krk\/","title":{"rendered":"Busbahnhof Krk"},"content":{"rendered":"<p>Der <b>Busbahnhof in Krk<\/b>, auf der Insel Krk, befindet sich im Stadtzentrum, neben der Marina. Die Bushaltestelle ist von jedem Stadtteil aus zu Fu\u03b2 erreichbar (max. 2 Km). Die Altstadt ist ungef\u00e4hr 500 Meter von der Bushaltestelle entfernt.<\/p>\n<p>Von der Busbahnhof in Krk aus, gibt es <b>t\u00e4gliche Buslinien, die in andere St\u00e4dte der Insel fahren<\/b>, z.B. Malinska oder Ba\u0161ka. Es gibt auch t\u00e4gliche Linien nach Rijeka, von dort aus kann man problemlos in alle Teile Kroatiens gelangen.<br \/>\n<script type=\"text\/javascript\"><!--\ngoogle_ad_client = \"\";\n\/* Bus728-de *\/\ngoogle_ad_slot = \"7853926611\";\ngoogle_ad_width = 728;\ngoogle_ad_height = 90;\n\/\/-->\n<\/script><br \/>\n<script type=\"text\/javascript\"\nsrc=\"https:\/\/pagead2.googlesyndication.com\/pagead\/show_ads.js\">\n<\/script><\/p>\n<p><b><span style=\"text-decoration: underline;\">Die Adresse der Bushaltestelle Krk:<\/span><\/b><\/p>\n<ul>\n<li>\u0160etali\u0161te Svetog Bernardina 3<\/li>\n<li>51500 Krk<\/li>\n<li>Tel: +385 51 221172<\/li>\n<\/ul>\n","protected":false},"excerpt":{"rendered":"<p>Der Busbahnhof in Krk, auf der Insel Krk, befindet sich im Stadtzentrum, neben der Marina. Die Bushaltestelle ist von jedem Stadtteil aus zu Fu\u03b2 erreichbar (max. 2 Km). Die Altstadt ist ungef\u00e4hr 500 Meter von der Bushaltestelle entfernt. Von der Busbahnhof in Krk aus, gibt es t\u00e4gliche Buslinien, die in andere St\u00e4dte der Insel fahren, [&hellip;]<\/p>\n","protected":false},"author":2,"featured_media":0,"parent":0,"menu_order":0,"comment_status":"open","ping_status":"open","template":"","meta":[],"aioseo_notices":[],"_links":{"self":[{"href":"https:\/\/www.buscroatia.com\/de\/wp-json\/wp\/v2\/pages\/1672"}],"collection":[{"href":"https:\/\/www.buscroatia.com\/de\/wp-json\/wp\/v2\/pages"}],"about":[{"href":"https:\/\/www.buscroatia.com\/de\/wp-json\/wp\/v2\/types\/page"}],"author":[{"embeddable":true,"href":"https:\/\/www.buscroatia.com\/de\/wp-json\/wp\/v2\/users\/2"}],"replies":[{"embeddable":true,"href":"https:\/\/www.buscroatia.com\/de\/wp-json\/wp\/v2\/comments?post=1672"}],"version-history":[{"count":2,"href":"https:\/\/www.buscroatia.com\/de\/wp-json\/wp\/v2\/pages\/1672\/revisions"}],"predecessor-version":[{"id":1674,"href":"https:\/\/www.buscroatia.com\/de\/wp-json\/wp\/v2\/pages\/1672\/revisions\/1674"}],"wp:attachment":[{"href":"https:\/\/www.buscroatia.com\/de\/wp-json\/wp\/v2\/media?parent=1672"}],"curies":[{"name":"wp","href":"https:\/\/api.w.org\/{rel}","templated":true}]}}