{"id":1668,"date":"2013-10-30T14:31:37","date_gmt":"2013-10-30T14:31:37","guid":{"rendered":"http:\/\/www.buscroatia.com\/de\/?page_id=1668"},"modified":"2013-10-30T14:51:57","modified_gmt":"2013-10-30T14:51:57","slug":"bus-cres","status":"publish","type":"page","link":"https:\/\/www.buscroatia.com\/de\/bus-cres\/","title":{"rendered":"Busbahnhof Cres"},"content":{"rendered":"<p>Der <b>Busbahnhof in Cres<\/b> ist nur einige hundert Meter von der riva und vom Stadtzentrum enfernt, man kann problemlos zu Fu\u00df alle Stadtteile erreichen, sogar wenn man Gep\u00e4ck bei sich hat.<\/p>\n<p>Von der Busbahnhof auf Cres f\u00fchren <b>t\u00e4glich verschiedene Busverbindungen nach Rijeka, Zagreb<\/b>, aber auch auf die Insel Krk (via F\u00e4hre: Merag,Cres &#8211; Valbinska, Krk) genauso wie nach Veli und Mali Lo\u0161inj. W\u00e4hrend der Hauptsaison gibt es noch zus\u00e4tzliche Verbindungen. Nutzen Sie unsere Suchoption oberhalb um Busfahrpl\u00e4ne von und nach Cres zu finden.<br \/>\n<script type=\"text\/javascript\"><!--\ngoogle_ad_client = \"\";\n\/* Bus728-de *\/\ngoogle_ad_slot = \"7853926611\";\ngoogle_ad_width = 728;\ngoogle_ad_height = 90;\n\/\/-->\n<\/script><br \/>\n<script type=\"text\/javascript\"\nsrc=\"https:\/\/pagead2.googlesyndication.com\/pagead\/show_ads.js\">\n<\/script><\/p>\n<p><b>Die Adresse der Bushaltestelle auf Cres:<\/b><\/p>\n<ul>\n<li>\u0160etali\u0161te 20 aprila 18<\/li>\n<li>51557 Cres<\/li>\n<li>+385 51 571110<\/li>\n<\/ul>\n","protected":false},"excerpt":{"rendered":"<p>Der Busbahnhof in Cres ist nur einige hundert Meter von der riva und vom Stadtzentrum enfernt, man kann problemlos zu Fu\u00df alle Stadtteile erreichen, sogar wenn man Gep\u00e4ck bei sich hat. Von der Busbahnhof auf Cres f\u00fchren t\u00e4glich verschiedene Busverbindungen nach Rijeka, Zagreb, aber auch auf die Insel Krk (via F\u00e4hre: Merag,Cres &#8211; Valbinska, Krk) [&hellip;]<\/p>\n","protected":false},"author":2,"featured_media":0,"parent":0,"menu_order":0,"comment_status":"open","ping_status":"open","template":"","meta":[],"aioseo_notices":[],"_links":{"self":[{"href":"https:\/\/www.buscroatia.com\/de\/wp-json\/wp\/v2\/pages\/1668"}],"collection":[{"href":"https:\/\/www.buscroatia.com\/de\/wp-json\/wp\/v2\/pages"}],"about":[{"href":"https:\/\/www.buscroatia.com\/de\/wp-json\/wp\/v2\/types\/page"}],"author":[{"embeddable":true,"href":"https:\/\/www.buscroatia.com\/de\/wp-json\/wp\/v2\/users\/2"}],"replies":[{"embeddable":true,"href":"https:\/\/www.buscroatia.com\/de\/wp-json\/wp\/v2\/comments?post=1668"}],"version-history":[{"count":3,"href":"https:\/\/www.buscroatia.com\/de\/wp-json\/wp\/v2\/pages\/1668\/revisions"}],"predecessor-version":[{"id":1671,"href":"https:\/\/www.buscroatia.com\/de\/wp-json\/wp\/v2\/pages\/1668\/revisions\/1671"}],"wp:attachment":[{"href":"https:\/\/www.buscroatia.com\/de\/wp-json\/wp\/v2\/media?parent=1668"}],"curies":[{"name":"wp","href":"https:\/\/api.w.org\/{rel}","templated":true}]}}