{"id":1664,"date":"2013-10-30T14:22:47","date_gmt":"2013-10-30T14:22:47","guid":{"rendered":"http:\/\/www.buscroatia.com\/de\/?page_id=1664"},"modified":"2014-01-12T14:55:56","modified_gmt":"2014-01-12T14:55:56","slug":"bus-novigrad","status":"publish","type":"page","link":"https:\/\/www.buscroatia.com\/de\/bus-novigrad\/","title":{"rendered":"Busbahnhof Novigrad"},"content":{"rendered":"<p>Der <b>Busbahnhof Novigrad<\/b> befindet sich am Stadtrand, in der N\u00e4he der istrischen K\u00fcstenstra\u03b2e. Der Busbahnhof ist ungef\u00e4hr <b>1 Km zu Fu\u03b2 vom Stadtzentrum<\/b>, und ca. 400 Meter von der ACI Marina in Novigrad entfernt. Da es in Novigrad keine Stadtbusse gibt, m\u00fcssen die Enddestinationen entweder zu Fu\u03b2 oder mit dem Taxi erreicht werden. (<span style=\"color: #0000ff;\">Siehe Karte unten<\/span>)<\/p>\n<p style=\"text-align: center;\"><a href=\"https:\/\/www.buscroatia.com\/de\/wp-content\/uploads\/2013\/10\/Busbahnhof-Novigrad.jpg\" rel=\"lightbox[1664]\"><img decoding=\"async\" class=\".aligncenter\" title=\"Busbahnhof Novigrad\" alt=\"Busbahnhof Novigrad\" src=\"https:\/\/www.buscroatia.com\/de\/wp-content\/uploads\/2013\/10\/Busbahnhof-Novigrad.jpg\" width=\"100%\" \/><\/a><\/p>\n<p><b><span style=\"text-decoration: underline;\">Dienstleistungen am Busbahnhof in Novigrad:<\/span><br \/>\n<\/b><\/p>\n<p>Am Busbahnhof gibt es einen <b>Fahrkartenschalter und einen Warteraum<\/b>, wo man sein Gep\u00e4ck deponieren kann. Im anderen Teil des Geb\u00e4udes findet man eine Bank und einen Geldautomaten, eine B\u00e4ckerei, einen Kiosk und ein Caf\u00e9. Taxis findet man meistens auf dem Parkplatz hinter dem Busbahnhof.<b><br \/>\n<\/b><br \/>\n<script type=\"text\/javascript\">\/\/ <![CDATA[\ngoogle_ad_client = \"\"; \/* Bus728-de *\/ google_ad_slot = \"7853926611\"; google_ad_width = 728; google_ad_height = 90;\n\/\/ ]]><\/script><br \/>\n<script type=\"text\/javascript\" src=\"https:\/\/pagead2.googlesyndication.com\/pagead\/show_ads.js\">\/\/ <![CDATA[\n\n\n\/\/ ]]><\/script><\/p>\n<p><b><span style=\"text-decoration: underline;\">Unterk\u00fcnfte in der N\u00e4he des Busbahnhofs in Novigrad:<\/span><br \/>\n<\/b><\/p>\n<p>Die meisten G\u00e4ste in Novigrad \u00fcbernachten entweder in den Hotels oder auf den Campingpl\u00e4tzen, die man im Norden und S\u00fcden der Stadt finden kann. <b>Der Stadtteil mit den meisten Appartements befindet sich ebenfalls im Norden der Stadt<\/b>, ungef\u00e4hr 1 Km vom Busbahnhof entfernt. Man kann aber nat\u00fcrlich auch Appartements und Hostels in der Altstadt finden. Hier finden Sie verschiedene Unterkunftsm\u00f6glichkeiten:<\/p>\n<p><b><span style=\"text-decoration: underline;\">Tagesausfl\u00fcge mit dem Bus von Novigrad aus:<\/span><br \/>\n<\/b><\/p>\n<p>Von Novigrad aus kann man <b>Tagesasfl\u00fcge mit dem Bus in verschiedene istrische St\u00e4dte machen<\/b>, einige davon sind; Pula, Porec, Rovinj, Umag und Triest in Italien. Beliebte Destinationen f\u00fcr Tagesausfl\u00fcge sind auch die <b>Postojna H\u00f6hle in Slowenien, Venedig und der Nationalpark Plitvicer Seen<\/b>, welche man nur mit dem Auto erreichen kann, oder wenn man sich einer Exkursion der lokalen Reiseagenturen anschlie\u03b2t. Einen \u00dcberblick der Angebote f\u00fcr Tagesausfl\u00fcge von Novigrad aus finden Sie hier:<\/p>\n<p><b><span style=\"text-decoration: underline;\">Die beliebtesten Busrouten von Novigrad aus:<\/span><br \/>\n<\/b><\/p>\n<p>Von Novigrad aus fahren <b>t\u00e4glich Busse in die meisten, gr\u00f6\u03b2eren istrischen St\u00e4dte<\/b>, man findet aber auch Busse die aus und nach Rijeka und Zagreb fahren.<\/p>\n<table width=\"700\" border=\"1\" cellspacing=\"1\" cellpadding=\"1\">\n<tbody>\n<tr>\n<td style=\"text-align: center;\" valign=\"top\" width=\"233\"><span style=\"color: #0000ff; text-decoration: underline;\">Intercity Busse<\/span><\/td>\n<td style=\"text-align: center;\" valign=\"top\" width=\"233\"><span style=\"color: #0000ff; text-decoration: underline;\">Regionale Buslinien<br \/>\n<\/span><\/td>\n<td style=\"text-align: center;\" valign=\"top\" width=\"233\"><span style=\"text-decoration: underline;\"><span style=\"color: #0000ff; text-decoration: underline;\">Internationale Verbindungen<br \/>\n<\/span><\/span><\/td>\n<\/tr>\n<tr>\n<td style=\"text-align: center;\" valign=\"top\" width=\"233\"><a title=\"Bus von Novigrad nach Zagreb\" href=\"https:\/\/www.buscroatia.com\/de\/bus-novigrad-zagreb\/\">Novigrad\u00a0&#8211; Zagreb<\/a><\/td>\n<td style=\"text-align: center;\" valign=\"top\" width=\"233\"><a title=\"Bus von Novigrad nach Pula\" href=\"https:\/\/www.buscroatia.com\/de\/bus-novigrad-pula\/\">Novigrad &#8211; Pula<\/a><\/td>\n<td style=\"text-align: center;\" valign=\"top\" width=\"233\"><\/td>\n<\/tr>\n<tr>\n<td style=\"text-align: center;\" valign=\"top\" width=\"233\"><a title=\"Bus von Novigrad nach Rijeka\" href=\"https:\/\/www.buscroatia.com\/de\/bus-novigrad-rijeka\/\">Novigrad\u00a0&#8211; Rijeka<\/a><\/td>\n<td style=\"text-align: center;\" valign=\"top\" width=\"233\"><a title=\"Bus von Novigrad nach Rovinj\" href=\"https:\/\/www.buscroatia.com\/de\/bus-novigrad-rovinj\/\">Novigrad\u00a0&#8211; Rovinj<\/a><\/td>\n<td style=\"text-align: center;\" valign=\"top\" width=\"233\"><\/td>\n<\/tr>\n<tr>\n<td style=\"text-align: center;\" valign=\"top\" width=\"233\"><a title=\"Bus von Novigrad nach Plitvicer Seen\" href=\"https:\/\/www.buscroatia.com\/de\/bus-novigrad-plitvicer-seen\/\">Novigrad\u00a0&#8211; Plitvicer Seen<\/a><\/td>\n<td style=\"text-align: center;\" valign=\"top\" width=\"233\"><\/td>\n<td style=\"text-align: center;\" valign=\"top\" width=\"233\"><\/td>\n<\/tr>\n<tr>\n<td style=\"text-align: center;\" valign=\"top\" width=\"233\"><\/td>\n<td style=\"text-align: center;\" valign=\"top\" width=\"233\"><\/td>\n<td style=\"text-align: center;\" valign=\"top\" width=\"233\"><\/td>\n<\/tr>\n<tr>\n<td style=\"text-align: center;\" valign=\"top\" width=\"233\"><\/td>\n<td style=\"text-align: center;\" valign=\"top\" width=\"233\"><\/td>\n<td style=\"text-align: center;\" valign=\"top\" width=\"233\"><\/td>\n<\/tr>\n<tr>\n<td style=\"text-align: center;\" valign=\"top\" width=\"233\"><\/td>\n<td style=\"text-align: center;\" valign=\"top\" width=\"233\"><\/td>\n<td style=\"text-align: center;\" valign=\"top\" width=\"233\"><\/td>\n<\/tr>\n<tr>\n<td style=\"text-align: center;\" valign=\"top\" width=\"233\"><\/td>\n<td style=\"text-align: center;\" valign=\"top\" width=\"233\"><\/td>\n<td style=\"text-align: center;\" valign=\"top\" width=\"233\"><\/td>\n<\/tr>\n<\/tbody>\n<\/table>\n<p><b><span style=\"text-decoration: underline;\">Die Adresse des Busbahnhofs in Novigrad:<\/span><\/b><\/p>\n<ul>\n<li>Murve 15<\/li>\n<li>52466 Novigrad<\/li>\n<li>Tel: +385 52 757 660\u00a0\u200e<\/li>\n<\/ul>\n","protected":false},"excerpt":{"rendered":"<p>Der Busbahnhof Novigrad befindet sich am Stadtrand, in der N\u00e4he der istrischen K\u00fcstenstra\u03b2e. Der Busbahnhof ist ungef\u00e4hr 1 Km zu Fu\u03b2 vom Stadtzentrum, und ca. 400 Meter von der ACI Marina in Novigrad entfernt. Da es in Novigrad keine Stadtbusse gibt, m\u00fcssen die Enddestinationen entweder zu Fu\u03b2 oder mit dem Taxi erreicht werden. (Siehe Karte [&hellip;]<\/p>\n","protected":false},"author":2,"featured_media":2295,"parent":0,"menu_order":0,"comment_status":"open","ping_status":"open","template":"","meta":[],"aioseo_notices":[],"_links":{"self":[{"href":"https:\/\/www.buscroatia.com\/de\/wp-json\/wp\/v2\/pages\/1664"}],"collection":[{"href":"https:\/\/www.buscroatia.com\/de\/wp-json\/wp\/v2\/pages"}],"about":[{"href":"https:\/\/www.buscroatia.com\/de\/wp-json\/wp\/v2\/types\/page"}],"author":[{"embeddable":true,"href":"https:\/\/www.buscroatia.com\/de\/wp-json\/wp\/v2\/users\/2"}],"replies":[{"embeddable":true,"href":"https:\/\/www.buscroatia.com\/de\/wp-json\/wp\/v2\/comments?post=1664"}],"version-history":[{"count":8,"href":"https:\/\/www.buscroatia.com\/de\/wp-json\/wp\/v2\/pages\/1664\/revisions"}],"predecessor-version":[{"id":3031,"href":"https:\/\/www.buscroatia.com\/de\/wp-json\/wp\/v2\/pages\/1664\/revisions\/3031"}],"wp:featuredmedia":[{"embeddable":true,"href":"https:\/\/www.buscroatia.com\/de\/wp-json\/wp\/v2\/media\/2295"}],"wp:attachment":[{"href":"https:\/\/www.buscroatia.com\/de\/wp-json\/wp\/v2\/media?parent=1664"}],"curies":[{"name":"wp","href":"https:\/\/api.w.org\/{rel}","templated":true}]}}