{"id":1656,"date":"2013-10-30T13:57:38","date_gmt":"2013-10-30T13:57:38","guid":{"rendered":"http:\/\/www.buscroatia.com\/de\/?page_id=1656"},"modified":"2013-10-30T14:56:37","modified_gmt":"2013-10-30T14:56:37","slug":"bus-labin","status":"publish","type":"page","link":"https:\/\/www.buscroatia.com\/de\/bus-labin\/","title":{"rendered":"Busbahnhof Labin"},"content":{"rendered":"<p>Der <b>Busbahnhof Labin<\/b> befindet sich im n\u00f6rdlichen Teil der Stadt, ungef\u00e4hr 500 Meter vom Stadtzentrum und ca. <b>1.5 Km von der Altstadt Labins entfernt<\/b>. Im Geb\u00e4ude des Busbahnhofs findet man einen Fahrkartenschalter, einen Warteraum, genauso wie einen Kiosk und ein Caf\u00e9.<\/p>\n<p>Von Labin aus gibt es Busverbindungen in die meisten istrischen St\u00e4dte, <b>die h\u00e4ufigsten Verbindungen sind mit Rijeka und Pula<\/b>. W\u00e4hrend der Sommersaison gibt es auch Stadtbusse, die von Labin nach Rabac fahren. Nutzen Sie unsere Suchoption oberhalb um Fahrpl\u00e4ne f\u00fcr Busse von und nach Labin zu finden.<br \/>\n<script type=\"text\/javascript\"><!--\ngoogle_ad_client = \"\";\n\/* Bus728-de *\/\ngoogle_ad_slot = \"7853926611\";\ngoogle_ad_width = 728;\ngoogle_ad_height = 90;\n\/\/-->\n<\/script><br \/>\n<script type=\"text\/javascript\"\nsrc=\"https:\/\/pagead2.googlesyndication.com\/pagead\/show_ads.js\">\n<\/script><\/p>\n<p><b>Die Adresse des Busbahnhofs in Labin:<span style=\"text-decoration: underline;\"><br \/>\n<\/span><\/b><\/p>\n<ul>\n<li>Trg 2. o\u017eujka BB<\/li>\n<li>52220 Labin<\/li>\n<li>Tel: +385 60 333888<\/li>\n<\/ul>\n","protected":false},"excerpt":{"rendered":"<p>Der Busbahnhof Labin befindet sich im n\u00f6rdlichen Teil der Stadt, ungef\u00e4hr 500 Meter vom Stadtzentrum und ca. 1.5 Km von der Altstadt Labins entfernt. Im Geb\u00e4ude des Busbahnhofs findet man einen Fahrkartenschalter, einen Warteraum, genauso wie einen Kiosk und ein Caf\u00e9. Von Labin aus gibt es Busverbindungen in die meisten istrischen St\u00e4dte, die h\u00e4ufigsten Verbindungen [&hellip;]<\/p>\n","protected":false},"author":2,"featured_media":0,"parent":0,"menu_order":0,"comment_status":"open","ping_status":"open","template":"","meta":[],"aioseo_notices":[],"_links":{"self":[{"href":"https:\/\/www.buscroatia.com\/de\/wp-json\/wp\/v2\/pages\/1656"}],"collection":[{"href":"https:\/\/www.buscroatia.com\/de\/wp-json\/wp\/v2\/pages"}],"about":[{"href":"https:\/\/www.buscroatia.com\/de\/wp-json\/wp\/v2\/types\/page"}],"author":[{"embeddable":true,"href":"https:\/\/www.buscroatia.com\/de\/wp-json\/wp\/v2\/users\/2"}],"replies":[{"embeddable":true,"href":"https:\/\/www.buscroatia.com\/de\/wp-json\/wp\/v2\/comments?post=1656"}],"version-history":[{"count":2,"href":"https:\/\/www.buscroatia.com\/de\/wp-json\/wp\/v2\/pages\/1656\/revisions"}],"predecessor-version":[{"id":1658,"href":"https:\/\/www.buscroatia.com\/de\/wp-json\/wp\/v2\/pages\/1656\/revisions\/1658"}],"wp:attachment":[{"href":"https:\/\/www.buscroatia.com\/de\/wp-json\/wp\/v2\/media?parent=1656"}],"curies":[{"name":"wp","href":"https:\/\/api.w.org\/{rel}","templated":true}]}}