{"id":1640,"date":"2013-10-30T12:00:40","date_gmt":"2013-10-30T12:00:40","guid":{"rendered":"http:\/\/www.buscroatia.com\/de\/?page_id=1640"},"modified":"2013-10-30T14:59:33","modified_gmt":"2013-10-30T14:59:33","slug":"bus-rab","status":"publish","type":"page","link":"https:\/\/www.buscroatia.com\/de\/bus-rab\/","title":{"rendered":"Busbahnhof Palit"},"content":{"rendered":"<p>Der <b>Busbahnhof Palit auf Rab<\/b> ist ungef\u00e4hr 200 Meter von der K\u00fcste und ca. 600 Meter von der Altstadt Rabs entfernt. Am Busbahnhof findet man einen Warteraum, einen Kiosk und ein Caf\u00e9.<\/p>\n<p>Von Palit aus fahren <b>Busse in die anderen St\u00e4dte der Insel<\/b>. Man findet aber auch direkte Buslinien nach Rijeka, von wo aus man in alle anderen kroatischen St\u00e4dte gelangt. W\u00e4hrend der <b>Sommersaison vergr\u00f6\u03b2ert sich die Anzahl der Busverbindungen<\/b> zum Festland.<br \/>\n<script type=\"text\/javascript\"><!--\ngoogle_ad_client = \"\";\n\/* Bus728-de *\/\ngoogle_ad_slot = \"7853926611\";\ngoogle_ad_width = 728;\ngoogle_ad_height = 90;\n\/\/-->\n<\/script><br \/>\n<script type=\"text\/javascript\"\nsrc=\"https:\/\/pagead2.googlesyndication.com\/pagead\/show_ads.js\">\n<\/script><\/p>\n<p><b>Die Adresse des Busbahnhofs Palit:<\/b><\/p>\n<ul>\n<li>Palit BB<\/li>\n<li>51280 Rab<\/li>\n<li>Tel: +385 60 306080<\/li>\n<\/ul>\n","protected":false},"excerpt":{"rendered":"<p>Der Busbahnhof Palit auf Rab ist ungef\u00e4hr 200 Meter von der K\u00fcste und ca. 600 Meter von der Altstadt Rabs entfernt. Am Busbahnhof findet man einen Warteraum, einen Kiosk und ein Caf\u00e9. Von Palit aus fahren Busse in die anderen St\u00e4dte der Insel. Man findet aber auch direkte Buslinien nach Rijeka, von wo aus man [&hellip;]<\/p>\n","protected":false},"author":2,"featured_media":0,"parent":0,"menu_order":0,"comment_status":"open","ping_status":"open","template":"","meta":[],"aioseo_notices":[],"_links":{"self":[{"href":"https:\/\/www.buscroatia.com\/de\/wp-json\/wp\/v2\/pages\/1640"}],"collection":[{"href":"https:\/\/www.buscroatia.com\/de\/wp-json\/wp\/v2\/pages"}],"about":[{"href":"https:\/\/www.buscroatia.com\/de\/wp-json\/wp\/v2\/types\/page"}],"author":[{"embeddable":true,"href":"https:\/\/www.buscroatia.com\/de\/wp-json\/wp\/v2\/users\/2"}],"replies":[{"embeddable":true,"href":"https:\/\/www.buscroatia.com\/de\/wp-json\/wp\/v2\/comments?post=1640"}],"version-history":[{"count":3,"href":"https:\/\/www.buscroatia.com\/de\/wp-json\/wp\/v2\/pages\/1640\/revisions"}],"predecessor-version":[{"id":1643,"href":"https:\/\/www.buscroatia.com\/de\/wp-json\/wp\/v2\/pages\/1640\/revisions\/1643"}],"wp:attachment":[{"href":"https:\/\/www.buscroatia.com\/de\/wp-json\/wp\/v2\/media?parent=1640"}],"curies":[{"name":"wp","href":"https:\/\/api.w.org\/{rel}","templated":true}]}}