{"id":1625,"date":"2013-10-30T11:31:05","date_gmt":"2013-10-30T11:31:05","guid":{"rendered":"http:\/\/www.buscroatia.com\/de\/?page_id=1625"},"modified":"2013-10-30T14:53:33","modified_gmt":"2013-10-30T14:53:33","slug":"bus-knin","status":"publish","type":"page","link":"https:\/\/www.buscroatia.com\/de\/bus-knin\/","title":{"rendered":"Busbahnhof Knin"},"content":{"rendered":"<p>Der <b>Busbahnhof in Knin<\/b> liegt im s\u00fcdlichen Teil der Stadt, ungef\u00e4hr 600 Meter vom Stadtzentrm entfernt. Am Busbahnhof gibt es einen Fahrkartenschalter, einen Warteraum und ein Caf\u00e9.<\/p>\n<p>Der Bahnhof befindet sich gleich neben dem Busbahnhof, da Knin die <b>Hauptverbindungsstelle f\u00fcr Z\u00fcge via Zadar und Split ist<\/b>, m\u00fcssen Zugg\u00e4ste oft gerade in Knin auf die n\u00e4chste Zugverbindung warten.<\/p>\n<p>Von Knin aus fahren <b>t\u00e4glich mehrere Busse in St\u00e4dte wie Zagreb, Split und Zadar<\/b>, aber auch in kleinere St\u00e4dte in der n\u00e4heren Umgebung. Nutzen Sie unsere Suchoption oberhalb um Busfahrpl\u00e4ne f\u00fcr Busse von und nach Knin zu finden.<br \/>\n<script type=\"text\/javascript\"><!--\ngoogle_ad_client = \"\";\n\/* Bus728-de *\/\ngoogle_ad_slot = \"7853926611\";\ngoogle_ad_width = 728;\ngoogle_ad_height = 90;\n\/\/-->\n<\/script><br \/>\n<script type=\"text\/javascript\"\nsrc=\"https:\/\/pagead2.googlesyndication.com\/pagead\/show_ads.js\">\n<\/script><\/p>\n<p><b>Die Adresse des Busbahnhofs in Knin:<\/b><\/p>\n<ul>\n<li>Don Mihovila Pavlinovi\u0107a 7<br \/>\n22300 Knin<br \/>\nTel: +385 22 661005<\/li>\n<\/ul>\n","protected":false},"excerpt":{"rendered":"<p>Der Busbahnhof in Knin liegt im s\u00fcdlichen Teil der Stadt, ungef\u00e4hr 600 Meter vom Stadtzentrm entfernt. Am Busbahnhof gibt es einen Fahrkartenschalter, einen Warteraum und ein Caf\u00e9. Der Bahnhof befindet sich gleich neben dem Busbahnhof, da Knin die Hauptverbindungsstelle f\u00fcr Z\u00fcge via Zadar und Split ist, m\u00fcssen Zugg\u00e4ste oft gerade in Knin auf die n\u00e4chste [&hellip;]<\/p>\n","protected":false},"author":2,"featured_media":0,"parent":0,"menu_order":0,"comment_status":"open","ping_status":"open","template":"","meta":[],"aioseo_notices":[],"_links":{"self":[{"href":"https:\/\/www.buscroatia.com\/de\/wp-json\/wp\/v2\/pages\/1625"}],"collection":[{"href":"https:\/\/www.buscroatia.com\/de\/wp-json\/wp\/v2\/pages"}],"about":[{"href":"https:\/\/www.buscroatia.com\/de\/wp-json\/wp\/v2\/types\/page"}],"author":[{"embeddable":true,"href":"https:\/\/www.buscroatia.com\/de\/wp-json\/wp\/v2\/users\/2"}],"replies":[{"embeddable":true,"href":"https:\/\/www.buscroatia.com\/de\/wp-json\/wp\/v2\/comments?post=1625"}],"version-history":[{"count":2,"href":"https:\/\/www.buscroatia.com\/de\/wp-json\/wp\/v2\/pages\/1625\/revisions"}],"predecessor-version":[{"id":1627,"href":"https:\/\/www.buscroatia.com\/de\/wp-json\/wp\/v2\/pages\/1625\/revisions\/1627"}],"wp:attachment":[{"href":"https:\/\/www.buscroatia.com\/de\/wp-json\/wp\/v2\/media?parent=1625"}],"curies":[{"name":"wp","href":"https:\/\/api.w.org\/{rel}","templated":true}]}}