{"id":1536,"date":"2013-05-30T07:43:15","date_gmt":"2013-05-30T07:43:15","guid":{"rendered":"http:\/\/www.buscroatia.com\/de\/?page_id=1536"},"modified":"2014-01-10T12:17:43","modified_gmt":"2014-01-10T12:17:43","slug":"tagesausflug-opatija","status":"publish","type":"page","link":"https:\/\/www.buscroatia.com\/de\/tagesausflug-opatija\/","title":{"rendered":"Tagesausflug Opatija"},"content":{"rendered":"<p style=\"text-align: justify;\">Opatija ist eins der beliebtesten Urlaubsziele an der Adria, die touristische Tradition in Opatija begann bereits im Jahr 1944. Die Stadt ist als \u201ePerle der Adria\u201c und als \u201eK\u00f6nigin des Tourismus\u201c bekannt. Diese kleine Stadt hat die meisten Hotels im Vergleich\u00a0 zur Einwohnerzahl und wir k\u00f6nnen mit Sicherheit sagen, dass die touristische Saison in Opatija das ganze Jahr \u00fcber dauert.<\/p>\n<p style=\"text-align: justify;\">Das seiner <b>g\u00fcnstigen geografischen Lage ist Opatija der ideale Ort um Halb \u2013 oder Ganztagsausfl\u00fcge<\/b> zu planen. Das Angebot an Ausfl\u00fcgen ist vielf\u00e4ltig und wird sogar die anspruchsvollsten G\u00e4ste zufrieden stellen. Von Opatija aus gibt es organisierte Ausfl\u00fcge in die sch\u00f6nsten St\u00e4dte Istriens; Pula, Rovinj und Porec. In Pula k\u00f6nnen Sie das 2000 Jahre alte antike Amphitheater, den Augustustempel und andere architektonische Wunder aus verschiedenen Epochen bewundern. Rovinj, die kleine Stadt, die als \u201eParadies f\u00fcr K\u00fcnstler\u201c bekannt ist, befindet sich auf einer kleinen Halbinsel und ist wahrscheinlich die romantischste Stadt Istriens.<\/p>\n<p style=\"text-align: justify;\">Wenn Sie lieber die Natursch\u00f6nheiten des Landes bewundern m\u00f6chten, dann <b>empfehlen wir Ihnen unbedingt den Nationalpark Plitvicer Seen zu besuchen<\/b>, welcher einer der sch\u00f6nsten Parks in diesem Teil Europas ist. Die Plitvicer Seen stehen unter dem Schutz der UNESCO und sie bestehen insgesamt aus 16 Seen, die miteinander durch Wasserf\u00e4lle verbunden sind und die alle Besucher atemlos lassen.<\/p>\n<p style=\"text-align: justify;\">Von Opatija aus werden auch <b>Tagesausfl\u00fcge in die Postojna H\u00f6hle in Slowenien organisiert<\/b>, die Postojna H\u00f6hle geh\u00f6rt zu den bekanntesten H\u00f6hlen der Welt. In den letzten 200 Jahren wurde die Postojna H\u00f6hle von \u00fcber 34 Millionen Touristen besucht.<\/p>\n<p style=\"text-align: justify;\">Von Opatija aus werden auch <b>Tagesausfl\u00fcge mit dem Bus nach Triest<\/b> organisiert, diese Ausfl\u00fcge enthalten eine <b>Stadtbesichtigung<\/b> au\u00dferdem wird das romantische Schloss Miramare, dass sich auf den steilen Klippen direkt am Meer befindet, besucht. Falls Sie l\u00e4nger in Opatija bleiben, empfehlen wir Ihnen <b>Venedig<\/b>, einer der romantischsten St\u00e4dte der Welt, zu besuchen.<\/p>\n","protected":false},"excerpt":{"rendered":"<p>Opatija ist eins der beliebtesten Urlaubsziele an der Adria, die touristische Tradition in Opatija begann bereits im Jahr 1944. Die Stadt ist als \u201ePerle der Adria\u201c und als \u201eK\u00f6nigin des Tourismus\u201c bekannt. Diese kleine Stadt hat die meisten Hotels im Vergleich\u00a0 zur Einwohnerzahl und wir k\u00f6nnen mit Sicherheit sagen, dass die touristische Saison in Opatija [&hellip;]<\/p>\n","protected":false},"author":2,"featured_media":2652,"parent":0,"menu_order":0,"comment_status":"open","ping_status":"open","template":"pages-templates\/excursions-results.php","meta":[],"aioseo_notices":[],"_links":{"self":[{"href":"https:\/\/www.buscroatia.com\/de\/wp-json\/wp\/v2\/pages\/1536"}],"collection":[{"href":"https:\/\/www.buscroatia.com\/de\/wp-json\/wp\/v2\/pages"}],"about":[{"href":"https:\/\/www.buscroatia.com\/de\/wp-json\/wp\/v2\/types\/page"}],"author":[{"embeddable":true,"href":"https:\/\/www.buscroatia.com\/de\/wp-json\/wp\/v2\/users\/2"}],"replies":[{"embeddable":true,"href":"https:\/\/www.buscroatia.com\/de\/wp-json\/wp\/v2\/comments?post=1536"}],"version-history":[{"count":4,"href":"https:\/\/www.buscroatia.com\/de\/wp-json\/wp\/v2\/pages\/1536\/revisions"}],"predecessor-version":[{"id":2686,"href":"https:\/\/www.buscroatia.com\/de\/wp-json\/wp\/v2\/pages\/1536\/revisions\/2686"}],"wp:featuredmedia":[{"embeddable":true,"href":"https:\/\/www.buscroatia.com\/de\/wp-json\/wp\/v2\/media\/2652"}],"wp:attachment":[{"href":"https:\/\/www.buscroatia.com\/de\/wp-json\/wp\/v2\/media?parent=1536"}],"curies":[{"name":"wp","href":"https:\/\/api.w.org\/{rel}","templated":true}]}}