{"id":1533,"date":"2013-05-30T07:40:53","date_gmt":"2013-05-30T07:40:53","guid":{"rendered":"http:\/\/www.buscroatia.com\/de\/?page_id=1533"},"modified":"2014-01-10T12:13:47","modified_gmt":"2014-01-10T12:13:47","slug":"tagesausflug-novigrad","status":"publish","type":"page","link":"https:\/\/www.buscroatia.com\/de\/tagesausflug-novigrad\/","title":{"rendered":"Tagesausflug Novigrad"},"content":{"rendered":"<p style=\"text-align: justify;\">Das <b>beliebteste Ausflugsziel von Novigrad<\/b> aus ist ein <b>Tagesausflug nach Venedig<\/b>, welcher eine Kombination aus einer Busreise und einem Segeltrip mit dem Katamaran ist. Ebenfalls beliebt ist das so genannte <b>Fisch Picknick<\/b> mit lokalen\u00a0 Skippern, genau wie eine Segeltour zum Limfjord.<\/p>\n<p style=\"text-align: justify;\">F\u00fcr alle, die <b>Novigrad und Istrien zum ersten Mal besuchen<\/b>, empfehlen wir eine Rundreise zu den Bergkuppen Istirens, wo Sie verschiedene historische St\u00e4dte wie Motovun, Hum und Groznjan besuchen k\u00f6nnen.<\/p>\n<p style=\"text-align: justify;\">Von Novigrad aus kann man sich auch <b>Exkursionen zu den Nationalparks Plitvicer Seen und Brioni anschlie\u00dfen<\/b>, beide Ausfl\u00fcge dauern den ganzen Tag.<\/p>\n<p style=\"text-align: justify;\">Wir empfehlen Ihnen auch St\u00e4dte wie <b>Pula<\/b>, <b>Porec<\/b> oder <b>Rovinj<\/b> zu besuchen, dies k\u00f6nnen Sie problemlos alleine organisieren, unabh\u00e4ngig davon ob Sie mit dem Auto oder mit \u00f6ffentlichen Verkehrsmitteln unterwegs sind.<\/p>\n","protected":false},"excerpt":{"rendered":"<p>Das beliebteste Ausflugsziel von Novigrad aus ist ein Tagesausflug nach Venedig, welcher eine Kombination aus einer Busreise und einem Segeltrip mit dem Katamaran ist. Ebenfalls beliebt ist das so genannte Fisch Picknick mit lokalen\u00a0 Skippern, genau wie eine Segeltour zum Limfjord. F\u00fcr alle, die Novigrad und Istrien zum ersten Mal besuchen, empfehlen wir eine Rundreise [&hellip;]<\/p>\n","protected":false},"author":2,"featured_media":2656,"parent":0,"menu_order":0,"comment_status":"open","ping_status":"open","template":"pages-templates\/excursions-results.php","meta":[],"aioseo_notices":[],"_links":{"self":[{"href":"https:\/\/www.buscroatia.com\/de\/wp-json\/wp\/v2\/pages\/1533"}],"collection":[{"href":"https:\/\/www.buscroatia.com\/de\/wp-json\/wp\/v2\/pages"}],"about":[{"href":"https:\/\/www.buscroatia.com\/de\/wp-json\/wp\/v2\/types\/page"}],"author":[{"embeddable":true,"href":"https:\/\/www.buscroatia.com\/de\/wp-json\/wp\/v2\/users\/2"}],"replies":[{"embeddable":true,"href":"https:\/\/www.buscroatia.com\/de\/wp-json\/wp\/v2\/comments?post=1533"}],"version-history":[{"count":4,"href":"https:\/\/www.buscroatia.com\/de\/wp-json\/wp\/v2\/pages\/1533\/revisions"}],"predecessor-version":[{"id":2684,"href":"https:\/\/www.buscroatia.com\/de\/wp-json\/wp\/v2\/pages\/1533\/revisions\/2684"}],"wp:featuredmedia":[{"embeddable":true,"href":"https:\/\/www.buscroatia.com\/de\/wp-json\/wp\/v2\/media\/2656"}],"wp:attachment":[{"href":"https:\/\/www.buscroatia.com\/de\/wp-json\/wp\/v2\/media?parent=1533"}],"curies":[{"name":"wp","href":"https:\/\/api.w.org\/{rel}","templated":true}]}}