{"id":1530,"date":"2013-05-30T07:39:15","date_gmt":"2013-05-30T07:39:15","guid":{"rendered":"http:\/\/www.buscroatia.com\/de\/?page_id=1530"},"modified":"2014-01-10T12:31:06","modified_gmt":"2014-01-10T12:31:06","slug":"tagesausflug-umag","status":"publish","type":"page","link":"https:\/\/www.buscroatia.com\/de\/tagesausflug-umag\/","title":{"rendered":"Tagesausflug Umag"},"content":{"rendered":"<p style=\"text-align: justify;\">Da <b>Umag<\/b> so nahe an der slowenischen Grenze liegt, k\u00f6nnen auch Ausfl\u00fcge in die bekannte <b>Postojna H\u00f6hle<\/b> oder ins kleine \u00d6rtchen <b>Bled<\/b> mit dem gleichnamigen See in den slowenischen Bergen organisiert werden.<\/p>\n<p style=\"text-align: justify;\">Von Rovinj aus kann man s\u00fcdw\u00e4rts an <b>die Westk\u00fcste Istriens<\/b> reisen und dort Ausfl\u00fcge in istrische St\u00e4dte wie <b>Porec<\/b>, <b>Rovinj<\/b>, <b>Novigrad<\/b>, <b>Pula<\/b>, Vrsar und Medulin, die alle beliebte touristische Destinationen sind, unternehmen. Beliebte Ausflugsziele findet man auch im <b>Innenland Istriens<\/b>, wie zum Beispiel <b>Hum<\/b>, <b>Motovun<\/b> oder <b>Grznjan<\/b>, wo man verschiedene Touren durch Weing\u00e4rten und Olivenhaine unternehmen kann, man kann auch in den dortigen W\u00e4ldern auf Tr\u00fcffeljagd gehen.<\/p>\n<p style=\"text-align: justify;\">Einige Natursch\u00f6nheiten, die Sie von Umag aus besuchen k\u00f6nnen sind der <b>Lim Kanal<\/b>, der <b>Nationalpark Brioni<\/b> in der N\u00e4he von Pula, die Baredine H\u00f6hle oder das <b>Vogelschutzgebiet Palud.<\/b> Etwas weiter s\u00fcd\u00f6stlich befindet sich der beliebteste Nationalpark Kroatiens \u2013 der <b>Nationalpark Plitvicer Seen<\/b>.<\/p>\n<p style=\"text-align: justify;\">Es werden ebenfalls Ausfl\u00fcge an die <b>\u00f6stliche K\u00fcste Istriens<\/b> organisiert, an die Riviera von Opatija, Crikvenica und Novi Vinodolski.<\/p>\n","protected":false},"excerpt":{"rendered":"<p>Da Umag so nahe an der slowenischen Grenze liegt, k\u00f6nnen auch Ausfl\u00fcge in die bekannte Postojna H\u00f6hle oder ins kleine \u00d6rtchen Bled mit dem gleichnamigen See in den slowenischen Bergen organisiert werden. Von Rovinj aus kann man s\u00fcdw\u00e4rts an die Westk\u00fcste Istriens reisen und dort Ausfl\u00fcge in istrische St\u00e4dte wie Porec, Rovinj, Novigrad, Pula, Vrsar [&hellip;]<\/p>\n","protected":false},"author":2,"featured_media":0,"parent":0,"menu_order":0,"comment_status":"open","ping_status":"open","template":"pages-templates\/excursions-results.php","meta":[],"aioseo_notices":[],"_links":{"self":[{"href":"https:\/\/www.buscroatia.com\/de\/wp-json\/wp\/v2\/pages\/1530"}],"collection":[{"href":"https:\/\/www.buscroatia.com\/de\/wp-json\/wp\/v2\/pages"}],"about":[{"href":"https:\/\/www.buscroatia.com\/de\/wp-json\/wp\/v2\/types\/page"}],"author":[{"embeddable":true,"href":"https:\/\/www.buscroatia.com\/de\/wp-json\/wp\/v2\/users\/2"}],"replies":[{"embeddable":true,"href":"https:\/\/www.buscroatia.com\/de\/wp-json\/wp\/v2\/comments?post=1530"}],"version-history":[{"count":4,"href":"https:\/\/www.buscroatia.com\/de\/wp-json\/wp\/v2\/pages\/1530\/revisions"}],"predecessor-version":[{"id":2699,"href":"https:\/\/www.buscroatia.com\/de\/wp-json\/wp\/v2\/pages\/1530\/revisions\/2699"}],"wp:attachment":[{"href":"https:\/\/www.buscroatia.com\/de\/wp-json\/wp\/v2\/media?parent=1530"}],"curies":[{"name":"wp","href":"https:\/\/api.w.org\/{rel}","templated":true}]}}