{"id":1506,"date":"2013-05-30T06:56:08","date_gmt":"2013-05-30T06:56:08","guid":{"rendered":"http:\/\/www.buscroatia.com\/de\/?page_id=1506"},"modified":"2014-01-10T12:35:05","modified_gmt":"2014-01-10T12:35:05","slug":"tagesausflug-novi-vinodolski","status":"publish","type":"page","link":"https:\/\/www.buscroatia.com\/de\/tagesausflug-novi-vinodolski\/","title":{"rendered":"Tagesausflug Novi Vinodolski"},"content":{"rendered":"<p style=\"text-align: justify;\">Von <b>Novi Vinodolski<\/b> aus gibt es verschiedene M\u00f6glichkeiten f\u00fcr <b>Halb- und Ganztagsausfl\u00fcge<\/b>. Man kann einige der nahe liegenden St\u00e4dte wie <b>Crikvenica<\/b>, <b>Senj<\/b>, <b>Rijeka<\/b> oder <b>Opatija<\/b> besuchen. Man kann auch einen <b>Ganztagsausflug durch Istrien<\/b> unternehmen und verschiedene bekannte St\u00e4dte wie <b>Pula<\/b>, <b>Rovinj<\/b>, <b>Porec<\/b> oder sogar den <b>Nationalpark Brioni <\/b>besuchen.<\/p>\n<p style=\"text-align: justify;\">Andere beliebte Optionen sind <b>Schiffausfl\u00fcge<\/b> zu den Inseln <b>Krk<\/b>, <b>Rab<\/b> und <b>Losinj<\/b>. Auf der Insel Krk kann man <b>Omisalj<\/b>, <b>Njivice<\/b>, <b>Baska<\/b>, aber auch andere Orte besuchen. Es werden ebenfalls Weintouren organisiert, da <b>Vrbnik<\/b> bekannt ist f\u00fcr seine autochthone Rebsorte <i>Zlahtina<\/i> ist. In der N\u00e4he der Insel Krk befindet sich das Inselchen <b>Kosljun<\/b>, welches f\u00fcr sein 600 Jahre altes Franziskanerkloster bekannt ist. Die kleine Insel wurde zum Waldreservat und Kulturdenkmal erkl\u00e4rt.<\/p>\n<p style=\"text-align: justify;\">Von Novi Vinodolski aus k\u00f6nnen Sie sich einer der organisierten Touren in einen der <b>nahe liegenden Nationalparks<\/b> anschlie\u00dfen. In der N\u00e4he von Novi Vinodolski befinden sich die <b>Nationalparks Risnjak, Nord Velebit und Plitvicer Seen<\/b>. <b>Die Postojna H\u00f6hle in Slowenien<\/b> ist ebenfalls ein beliebtes Ausflugsziel.<\/p>\n<p style=\"text-align: justify;\">Alle, die einen zus\u00e4tzlichen Adrenalinkick suchen, k\u00f6nnen auf dem Fluss Kupa entweder <b>Rafting<\/b> ausprobieren oder sich einer <b>Safari Tour<\/b> anschlie\u00dfen.<\/p>\n","protected":false},"excerpt":{"rendered":"<p>Von Novi Vinodolski aus gibt es verschiedene M\u00f6glichkeiten f\u00fcr Halb- und Ganztagsausfl\u00fcge. Man kann einige der nahe liegenden St\u00e4dte wie Crikvenica, Senj, Rijeka oder Opatija besuchen. Man kann auch einen Ganztagsausflug durch Istrien unternehmen und verschiedene bekannte St\u00e4dte wie Pula, Rovinj, Porec oder sogar den Nationalpark Brioni besuchen. Andere beliebte Optionen sind Schiffausfl\u00fcge zu den [&hellip;]<\/p>\n","protected":false},"author":2,"featured_media":2647,"parent":0,"menu_order":0,"comment_status":"open","ping_status":"open","template":"pages-templates\/excursions-results.php","meta":[],"aioseo_notices":[],"_links":{"self":[{"href":"https:\/\/www.buscroatia.com\/de\/wp-json\/wp\/v2\/pages\/1506"}],"collection":[{"href":"https:\/\/www.buscroatia.com\/de\/wp-json\/wp\/v2\/pages"}],"about":[{"href":"https:\/\/www.buscroatia.com\/de\/wp-json\/wp\/v2\/types\/page"}],"author":[{"embeddable":true,"href":"https:\/\/www.buscroatia.com\/de\/wp-json\/wp\/v2\/users\/2"}],"replies":[{"embeddable":true,"href":"https:\/\/www.buscroatia.com\/de\/wp-json\/wp\/v2\/comments?post=1506"}],"version-history":[{"count":4,"href":"https:\/\/www.buscroatia.com\/de\/wp-json\/wp\/v2\/pages\/1506\/revisions"}],"predecessor-version":[{"id":2701,"href":"https:\/\/www.buscroatia.com\/de\/wp-json\/wp\/v2\/pages\/1506\/revisions\/2701"}],"wp:featuredmedia":[{"embeddable":true,"href":"https:\/\/www.buscroatia.com\/de\/wp-json\/wp\/v2\/media\/2647"}],"wp:attachment":[{"href":"https:\/\/www.buscroatia.com\/de\/wp-json\/wp\/v2\/media?parent=1506"}],"curies":[{"name":"wp","href":"https:\/\/api.w.org\/{rel}","templated":true}]}}