{"id":1502,"date":"2013-05-30T06:50:51","date_gmt":"2013-05-30T06:50:51","guid":{"rendered":"http:\/\/www.buscroatia.com\/de\/?page_id=1502"},"modified":"2014-01-10T11:51:31","modified_gmt":"2014-01-10T11:51:31","slug":"tagesausflug-crikvenica","status":"publish","type":"page","link":"https:\/\/www.buscroatia.com\/de\/tagesausflug-crikvenica\/","title":{"rendered":"Tagesausflug Crikvenica"},"content":{"rendered":"<p style=\"text-align: justify;\">Die beliebtesten Ausfl\u00fcge von Crikvenica aus sind <b>Schifftouren<\/b> zu den nahe liegen Inseln <b>Krk<\/b> und <b>Rab<\/b>. Auf der Insel Krk k\u00f6nnen Sie <b>Omisalj<\/b>, <b>Njivice<\/b>, <b>Baska<\/b>, <b>Punat<\/b> und die <b>Biserujka H\u00f6hle<\/b> besichtigen. Sie k\u00f6nnen auch das <b>kleine Inselchen Kosljun<\/b> besichtigen, welches f\u00fcr sein 600 Jahre altes Franziskanerkloster bekannt ist. Es ist ebenfalls ein Waldreservat und ein Kulturdenkmal.<\/p>\n<p style=\"text-align: justify;\">Von Crikvenica aus kann man auch einige der nahe liegenden St\u00e4dte, wie z.B. <b>Rijeka<\/b>, <b>Opatija<\/b> oder <b>Novi Vinodolski<\/b> besuchen. Es ist ebenfalls m\u00f6glich einige istrische St\u00e4dte, wie <b>Pula<\/b>, <b>Rovinj<\/b>, <b>Medulin<\/b> oder sogar den <b>Nationalpark Brioni<\/b> zu besichtigen. Sie k\u00f6nnen aber auch die <b>Postojna H\u00f6hle in Slowenien<\/b> besuchen.<\/p>\n<p style=\"text-align: justify;\">Falls Sie eher ein Naturliebhaber sind, k\u00f6nnen Sie in der N\u00e4he von Crikvenica drei Nationalparks finden; den <b>Nationalpark Risnjak<\/b>, <b>den Nationalpark Plitvicer Seen<\/b> und den <b>Nationalpark Nord-Velebit<\/b>. Sie k\u00f6nnen sich sicherlich einer der organisierten Touren in einen der Nationalparks anschlie\u00dfen.<\/p>\n<p style=\"text-align: justify;\">F\u00fcr alle, die einen Adrenalinkick suchen, befindet sich der <b>Fluss Kupa<\/b> in der N\u00e4he, welcher ideal f\u00fcrs <b>Rafting<\/b> ist.<\/p>\n","protected":false},"excerpt":{"rendered":"<p>Die beliebtesten Ausfl\u00fcge von Crikvenica aus sind Schifftouren zu den nahe liegen Inseln Krk und Rab. Auf der Insel Krk k\u00f6nnen Sie Omisalj, Njivice, Baska, Punat und die Biserujka H\u00f6hle besichtigen. Sie k\u00f6nnen auch das kleine Inselchen Kosljun besichtigen, welches f\u00fcr sein 600 Jahre altes Franziskanerkloster bekannt ist. Es ist ebenfalls ein Waldreservat und ein [&hellip;]<\/p>\n","protected":false},"author":2,"featured_media":2639,"parent":0,"menu_order":0,"comment_status":"open","ping_status":"open","template":"pages-templates\/excursions-results.php","meta":[],"aioseo_notices":[],"_links":{"self":[{"href":"https:\/\/www.buscroatia.com\/de\/wp-json\/wp\/v2\/pages\/1502"}],"collection":[{"href":"https:\/\/www.buscroatia.com\/de\/wp-json\/wp\/v2\/pages"}],"about":[{"href":"https:\/\/www.buscroatia.com\/de\/wp-json\/wp\/v2\/types\/page"}],"author":[{"embeddable":true,"href":"https:\/\/www.buscroatia.com\/de\/wp-json\/wp\/v2\/users\/2"}],"replies":[{"embeddable":true,"href":"https:\/\/www.buscroatia.com\/de\/wp-json\/wp\/v2\/comments?post=1502"}],"version-history":[{"count":4,"href":"https:\/\/www.buscroatia.com\/de\/wp-json\/wp\/v2\/pages\/1502\/revisions"}],"predecessor-version":[{"id":2670,"href":"https:\/\/www.buscroatia.com\/de\/wp-json\/wp\/v2\/pages\/1502\/revisions\/2670"}],"wp:featuredmedia":[{"embeddable":true,"href":"https:\/\/www.buscroatia.com\/de\/wp-json\/wp\/v2\/media\/2639"}],"wp:attachment":[{"href":"https:\/\/www.buscroatia.com\/de\/wp-json\/wp\/v2\/media?parent=1502"}],"curies":[{"name":"wp","href":"https:\/\/api.w.org\/{rel}","templated":true}]}}