{"id":1499,"date":"2013-05-30T06:42:49","date_gmt":"2013-05-30T06:42:49","guid":{"rendered":"http:\/\/www.buscroatia.com\/de\/?page_id=1499"},"modified":"2014-01-10T12:36:11","modified_gmt":"2014-01-10T12:36:11","slug":"tagesausflug-zadar","status":"publish","type":"page","link":"https:\/\/www.buscroatia.com\/de\/tagesausflug-zadar\/","title":{"rendered":"Tagesausflug Zadar"},"content":{"rendered":"<p style=\"text-align: justify;\">Hier k\u00f6nnen Sie beliebte Exkursionen und Tagesausfl\u00fcge von Zadar aus finden. Besonders beliebt sind <b>Ausfl\u00fcge in Kroatiens gro\u00dfe Nationalparks<\/b>; Plitvice, Krka, Paklenica, Velebit und nat\u00fcrlich die Kornati Inseln.<\/p>\n<p style=\"text-align: justify;\">Erleben Sie Zadar und seine Altstadt w\u00e4hrend einer <b>eine Stadtf\u00fchrung zu Fu\u00df<\/b> oder w\u00e4hlen Sie eine andere F\u00fchrung wo Sie alle verborgenen Sch\u00e4tze und Sehensw\u00fcrdigkeiten der Stadt erleben k\u00f6nnen.<\/p>\n<p style=\"text-align: justify;\">Von Zadar aus k\u00f6nnen Sie auch <b>andere historische St\u00e4dte Dalmatiens<\/b>, wie beispielsweise Split, Trogir und Dubrovnik besichtigen.<\/p>\n<p style=\"text-align: justify;\">In Zadar selbst und in der Umgebung von Zadar bieten sich mehrere Optionen f\u00fcr alle, die einen Adrenalinkick suchen, man kann auf dem <b>Zrmanja Fluss Rafting ausprobieren<\/b>, oder sich einer Fahrradtour in und um Zadar anschlie\u00dfen. Falls Sie die Stadt lieber auf eigene Hand entdecken m\u00f6chten, k\u00f6nnen Sie eine <b>private oder ma\u00dfgeschneiderte Tour<\/b> w\u00e4hlen.<\/p>\n","protected":false},"excerpt":{"rendered":"<p>Hier k\u00f6nnen Sie beliebte Exkursionen und Tagesausfl\u00fcge von Zadar aus finden. Besonders beliebt sind Ausfl\u00fcge in Kroatiens gro\u00dfe Nationalparks; Plitvice, Krka, Paklenica, Velebit und nat\u00fcrlich die Kornati Inseln. Erleben Sie Zadar und seine Altstadt w\u00e4hrend einer eine Stadtf\u00fchrung zu Fu\u00df oder w\u00e4hlen Sie eine andere F\u00fchrung wo Sie alle verborgenen Sch\u00e4tze und Sehensw\u00fcrdigkeiten der Stadt [&hellip;]<\/p>\n","protected":false},"author":2,"featured_media":2663,"parent":0,"menu_order":0,"comment_status":"open","ping_status":"open","template":"pages-templates\/excursions-results.php","meta":[],"aioseo_notices":[],"_links":{"self":[{"href":"https:\/\/www.buscroatia.com\/de\/wp-json\/wp\/v2\/pages\/1499"}],"collection":[{"href":"https:\/\/www.buscroatia.com\/de\/wp-json\/wp\/v2\/pages"}],"about":[{"href":"https:\/\/www.buscroatia.com\/de\/wp-json\/wp\/v2\/types\/page"}],"author":[{"embeddable":true,"href":"https:\/\/www.buscroatia.com\/de\/wp-json\/wp\/v2\/users\/2"}],"replies":[{"embeddable":true,"href":"https:\/\/www.buscroatia.com\/de\/wp-json\/wp\/v2\/comments?post=1499"}],"version-history":[{"count":4,"href":"https:\/\/www.buscroatia.com\/de\/wp-json\/wp\/v2\/pages\/1499\/revisions"}],"predecessor-version":[{"id":2703,"href":"https:\/\/www.buscroatia.com\/de\/wp-json\/wp\/v2\/pages\/1499\/revisions\/2703"}],"wp:featuredmedia":[{"embeddable":true,"href":"https:\/\/www.buscroatia.com\/de\/wp-json\/wp\/v2\/media\/2663"}],"wp:attachment":[{"href":"https:\/\/www.buscroatia.com\/de\/wp-json\/wp\/v2\/media?parent=1499"}],"curies":[{"name":"wp","href":"https:\/\/api.w.org\/{rel}","templated":true}]}}