{"id":1491,"date":"2013-05-29T09:51:07","date_gmt":"2013-05-29T09:51:07","guid":{"rendered":"http:\/\/www.buscroatia.com\/de\/?page_id=1491"},"modified":"2014-01-10T11:46:10","modified_gmt":"2014-01-10T11:46:10","slug":"tagesausflug-brac","status":"publish","type":"page","link":"https:\/\/www.buscroatia.com\/de\/tagesausflug-brac\/","title":{"rendered":"Tagesausflug Brac"},"content":{"rendered":"<p>Als <b>eine der beliebtesten Inseln in Kroatien<\/b>, bietet <b>Brac<\/b> viele verschiedene M\u00f6glichkeiten f\u00fcr Ausfl\u00fcge. Die g\u00fcnstige geografische Lage der Insel bietet die M\u00f6glichkeit sowie das <b>Festland als auch die nahe liegenden Inseln<\/b> zu besuchen.<\/p>\n<p>Von Brac aus gibt es <b>h\u00e4ufige F\u00e4hrenverbindungen<\/b> nach Split, was bedeutet, dass Sie problemlos einen Tagesausflug nach Split organisieren k\u00f6nnen, oder dass Sie sogar von Split aus in den <b>Nationalpark Krka<\/b>, nach Sibenik oder sogar nach <b>Mostar<\/b> und <b>Medjugorje<\/b> in Bosnien und Herzegowina k\u00f6nnen.<\/p>\n<p>Sie k\u00f6nnen auch <b>einen Ausflug auf der Insel selbst<\/b> machen, und den h\u00f6chsten Gipfel der Insel \u2013 <b>Vidova gora<\/b>, oder aber den weltbekannten <b>Strand Zlatni rat<\/b> besuchen. Das \u00d6rtchen <b>Pucisca<\/b>, welches f\u00fcr seine Steinmetz &#8211; Tradition bekannt ist, oder <b>Skrip<\/b>, die \u00e4lteste Siedlung der Insel sind ebenfalls einen Besuch wert. Man kann sich auch einer <b>organisierten Fahrradtour <\/b>um die Insel herum anschlie\u00dfen.<\/p>\n<p>Es werden auch <b>Bootstouren<\/b> an die nahe liegenden Inseln wie Hvar, <b>Solta<\/b>, Korcula, <b>Vis<\/b> und Bisevo organisiert. Schlie\u00dfen Sie sich einer dieser Touren an und besichtigen Sie einige der sch\u00f6nsten Str\u00e4nde oder die <b>bekannte blaue H\u00f6hle<\/b> auf der <b>Insel Bisevo<\/b> und genie\u00dfen Sie die <b>unber\u00fchrte Natur<\/b> der Adria.<\/p>\n<p>&nbsp;<\/p>\n<p>&nbsp;<\/p>\n<p>&nbsp;<\/p>\n<p>&nbsp;<\/p>\n","protected":false},"excerpt":{"rendered":"<p>Als eine der beliebtesten Inseln in Kroatien, bietet Brac viele verschiedene M\u00f6glichkeiten f\u00fcr Ausfl\u00fcge. Die g\u00fcnstige geografische Lage der Insel bietet die M\u00f6glichkeit sowie das Festland als auch die nahe liegenden Inseln zu besuchen. Von Brac aus gibt es h\u00e4ufige F\u00e4hrenverbindungen nach Split, was bedeutet, dass Sie problemlos einen Tagesausflug nach Split organisieren k\u00f6nnen, oder [&hellip;]<\/p>\n","protected":false},"author":2,"featured_media":2657,"parent":0,"menu_order":0,"comment_status":"open","ping_status":"open","template":"pages-templates\/excursions-results.php","meta":[],"aioseo_notices":[],"_links":{"self":[{"href":"https:\/\/www.buscroatia.com\/de\/wp-json\/wp\/v2\/pages\/1491"}],"collection":[{"href":"https:\/\/www.buscroatia.com\/de\/wp-json\/wp\/v2\/pages"}],"about":[{"href":"https:\/\/www.buscroatia.com\/de\/wp-json\/wp\/v2\/types\/page"}],"author":[{"embeddable":true,"href":"https:\/\/www.buscroatia.com\/de\/wp-json\/wp\/v2\/users\/2"}],"replies":[{"embeddable":true,"href":"https:\/\/www.buscroatia.com\/de\/wp-json\/wp\/v2\/comments?post=1491"}],"version-history":[{"count":4,"href":"https:\/\/www.buscroatia.com\/de\/wp-json\/wp\/v2\/pages\/1491\/revisions"}],"predecessor-version":[{"id":2666,"href":"https:\/\/www.buscroatia.com\/de\/wp-json\/wp\/v2\/pages\/1491\/revisions\/2666"}],"wp:featuredmedia":[{"embeddable":true,"href":"https:\/\/www.buscroatia.com\/de\/wp-json\/wp\/v2\/media\/2657"}],"wp:attachment":[{"href":"https:\/\/www.buscroatia.com\/de\/wp-json\/wp\/v2\/media?parent=1491"}],"curies":[{"name":"wp","href":"https:\/\/api.w.org\/{rel}","templated":true}]}}