{"id":1469,"date":"2013-05-28T19:49:00","date_gmt":"2013-05-28T19:49:00","guid":{"rendered":"http:\/\/www.buscroatia.com\/de\/?page_id=1469"},"modified":"2014-01-10T11:53:43","modified_gmt":"2014-01-10T11:53:43","slug":"tagesausflug-dubrovnik","status":"publish","type":"page","link":"https:\/\/www.buscroatia.com\/de\/tagesausflug-dubrovnik\/","title":{"rendered":"Tagesausflug Dubrovnik"},"content":{"rendered":"<p style=\"text-align: justify;\">Finden Sie Tagesausfl\u00fcge von Dubrovnik aus, wie beispielsweise <b>historische und kulturelle Touren<\/b> nach Montenegro, Mostar, Medjugorje und Korcula. <b>Fu\u00dftouren durch Dubrovnik<\/b> in welchen man unter anderem das j\u00fcdische Viertel, aber auch andere wichtige Stadtteile besucht.<\/p>\n<p style=\"text-align: justify;\">Es werden auch viele <b>Ausfl\u00fcge nach Mljet<\/b> oder die Weing\u00e4rten von Peljesac organisiert, oft wird auch das historische \u00d6rtchen Ston besucht. Sie k\u00f6nnen sich auch einer <b>Gourmet Tour<\/b> anschlie\u00dfen und einige der bekannten dalmatinischen Spezialit\u00e4ten probieren.<\/p>\n<p style=\"text-align: justify;\">Das <b>Programm f\u00fcr eine Abenteuer Tour<\/b> enth\u00e4lt tauchen, reiten, Kajak fahren, Kanu und Quad Safaris und andere interessante Programme, die alle ein wenig Action bieten.<\/p>\n","protected":false},"excerpt":{"rendered":"<p>Finden Sie Tagesausfl\u00fcge von Dubrovnik aus, wie beispielsweise historische und kulturelle Touren nach Montenegro, Mostar, Medjugorje und Korcula. Fu\u00dftouren durch Dubrovnik in welchen man unter anderem das j\u00fcdische Viertel, aber auch andere wichtige Stadtteile besucht. Es werden auch viele Ausfl\u00fcge nach Mljet oder die Weing\u00e4rten von Peljesac organisiert, oft wird auch das historische \u00d6rtchen Ston [&hellip;]<\/p>\n","protected":false},"author":2,"featured_media":2635,"parent":0,"menu_order":0,"comment_status":"open","ping_status":"open","template":"pages-templates\/excursions-results.php","meta":[],"aioseo_notices":[],"_links":{"self":[{"href":"https:\/\/www.buscroatia.com\/de\/wp-json\/wp\/v2\/pages\/1469"}],"collection":[{"href":"https:\/\/www.buscroatia.com\/de\/wp-json\/wp\/v2\/pages"}],"about":[{"href":"https:\/\/www.buscroatia.com\/de\/wp-json\/wp\/v2\/types\/page"}],"author":[{"embeddable":true,"href":"https:\/\/www.buscroatia.com\/de\/wp-json\/wp\/v2\/users\/2"}],"replies":[{"embeddable":true,"href":"https:\/\/www.buscroatia.com\/de\/wp-json\/wp\/v2\/comments?post=1469"}],"version-history":[{"count":6,"href":"https:\/\/www.buscroatia.com\/de\/wp-json\/wp\/v2\/pages\/1469\/revisions"}],"predecessor-version":[{"id":2672,"href":"https:\/\/www.buscroatia.com\/de\/wp-json\/wp\/v2\/pages\/1469\/revisions\/2672"}],"wp:featuredmedia":[{"embeddable":true,"href":"https:\/\/www.buscroatia.com\/de\/wp-json\/wp\/v2\/media\/2635"}],"wp:attachment":[{"href":"https:\/\/www.buscroatia.com\/de\/wp-json\/wp\/v2\/media?parent=1469"}],"curies":[{"name":"wp","href":"https:\/\/api.w.org\/{rel}","templated":true}]}}