{"id":1448,"date":"2013-05-06T08:54:52","date_gmt":"2013-05-06T08:54:52","guid":{"rendered":"http:\/\/www.buscroatia.com\/de\/?page_id=1448"},"modified":"2014-02-27T10:16:35","modified_gmt":"2014-02-27T10:16:35","slug":"tagesausflug","status":"publish","type":"page","link":"https:\/\/www.buscroatia.com\/de\/tagesausflug\/","title":{"rendered":"Tagesausflug"},"content":{"rendered":"<p><b>Kroatien ist bekannt f\u00fcr seine historischen St\u00e4dte<\/b>, die sch\u00f6ne Natur, die vielen Inseln und das kristallklare Meer. Wenn Sie Ihren Urlaub in Kroatien verbringen und das <b>alles entdecken wollen<\/b>, sind Sie hier gerade richtig.<\/p>\n<p>In unserer Datenbank haben wir f\u00fcr Sie <b>viele Empfehlungen f\u00fcr Exkursionen<\/b>, Tagesausfl\u00fcge und St\u00e4dte-Touren in Istrien, Dalmatien, dem Kvarner-Gebiet und anderen Regionen Kroatiens zusammen gestellt.<br \/>\n\n<table id=\"tablepress-2\" class=\"tablepress tablepress-id-2\">\n<thead>\n<tr class=\"row-1 odd\">\n\t<th class=\"column-1\">Istrien<\/th><th class=\"column-2\">Dalmatien<\/th><th class=\"column-3\">Kvarner<\/th><th class=\"column-4\">Inseln<\/th><th class=\"column-5\">Hinterland<\/th>\n<\/tr>\n<\/thead>\n<tbody class=\"row-hover\">\n<tr class=\"row-2 even\">\n\t<td class=\"column-1\"><a href=\"http:\/\/www.buscroatia.com\/de\/tagesausflug-porec\/\">Porec<\/a><\/td><td class=\"column-2\"><a href=\"http:\/\/www.buscroatia.com\/de\/tagesausflug-split\/\">Split<\/a><\/td><td class=\"column-3\"><a href=\"http:\/\/www.buscroatia.com\/de\/tagesausflug-opatija\/\">Opatija<\/a><\/td><td class=\"column-4\"><a href=\"http:\/\/www.buscroatia.com\/de\/tagesausflug-korcula\/\">Korcula<\/a><\/td><td class=\"column-5\"><a href=\"http:\/\/www.buscroatia.com\/de\/tagesausflug-zagreb\/\">Zagreb<\/a><\/td>\n<\/tr>\n<tr class=\"row-3 odd\">\n\t<td class=\"column-1\"><a href=\"http:\/\/www.buscroatia.com\/de\/tagesausflug-rovinj\/\">Rovinj<\/a><\/td><td class=\"column-2\"><a href=\"http:\/\/www.buscroatia.com\/de\/tagesausflug-dubrovnik\/\">Dubrovnik<\/a><\/td><td class=\"column-3\"><a href=\"http:\/\/www.buscroatia.com\/de\/tagesausflug-novi-vinodolski\/\">Novi Vinodolski<\/a><\/td><td class=\"column-4\"><a href=\"http:\/\/www.buscroatia.com\/de\/tagesausflug-hvar\/\">Hvar<\/a><\/td><td class=\"column-5\"><\/td>\n<\/tr>\n<tr class=\"row-4 even\">\n\t<td class=\"column-1\"><a href=\"http:\/\/www.buscroatia.com\/de\/tagesausflug-pula\/\">Pula<\/a><\/td><td class=\"column-2\"><a href=\"http:\/\/www.buscroatia.com\/de\/tagesausflug-zadar\/\">Zadar<\/a><\/td><td class=\"column-3\"><a href=\"http:\/\/www.buscroatia.com\/de\/tagesausflug-crikvenica\/\">Crikvenica<\/a><\/td><td class=\"column-4\"><a href=\"http:\/\/www.buscroatia.com\/de\/tagesausflug-brac\/\">Brac<\/a><\/td><td class=\"column-5\"><\/td>\n<\/tr>\n<tr class=\"row-5 odd\">\n\t<td class=\"column-1\"><a href=\"http:\/\/www.buscroatia.com\/de\/tagesausflug-umag\/\">Umag<\/a><\/td><td class=\"column-2\"><a href=\"http:\/\/www.buscroatia.com\/de\/tagesausflug-trogir\/\">Trogir<\/a><\/td><td class=\"column-3\"><\/td><td class=\"column-4\"><a href=\"http:\/\/www.buscroatia.com\/de\/tagesausflug-cres\/\">Cres<\/a><\/td><td class=\"column-5\"><\/td>\n<\/tr>\n<tr class=\"row-6 even\">\n\t<td class=\"column-1\"><a href=\"http:\/\/www.buscroatia.com\/de\/tagesausflug-medulin\/\">Medulin<\/a><\/td><td class=\"column-2\"><a href=\"http:\/\/www.buscroatia.com\/de\/tagesausflug-makarska\/\">Makarska<\/a><\/td><td class=\"column-3\"><\/td><td class=\"column-4\"><a href=\"http:\/\/www.buscroatia.com\/de\/tagesausflug-krk\/\">Krk<\/a><\/td><td class=\"column-5\"><\/td>\n<\/tr>\n<tr class=\"row-7 odd\">\n\t<td class=\"column-1\"><a href=\"http:\/\/www.buscroatia.com\/de\/tagesausflug-novigrad\/\">Novigrad<\/a><\/td><td class=\"column-2\"><\/td><td class=\"column-3\"><\/td><td class=\"column-4\"><\/td><td class=\"column-5\"><\/td>\n<\/tr>\n<\/tbody>\n<\/table>\n<br \/>\n<b>Geschichte und kulturelle Ausfl\u00fcge:<\/b> In dieser Kategorie finden Sie Tagesausfl\u00fcge zu den historischen und von der UNESCO gesch\u00fctzten St\u00e4dten in Kroatien, also in Dubrovnik, Trogir oder zum Beispiel Split. Dort haben wir auch Ausfl\u00fcge nach Mostar und Medjugorje in Bosnien sowie Kotor und Budva in Montenegro aufgef\u00fchrt.<\/p>\n<p><b>Nationalpark-Touren:<\/b> Hier finden Sie Ausfl\u00fcge in die Nationalparks in Kroatien, also zu den Plitvicer Seen, den Krka- Wasserf\u00e4llen, den Kornati-Inseln, nach Mljet oder einem der anderen Nationalparks in Kroatien. Die Verf\u00fcgbarkeit richtet sich nach dem Ort, von dem aus Sie an dem Ausflug teilnehmen m\u00f6chten.<\/p>\n<p><b>Bootsausfl\u00fcge:<\/b> Ein H\u00f6hepunkt f\u00fcr eine Bootstour zu den kroatischen Inseln ist nat\u00fcrlich ein Ausflug zur Blauen Grotte auf der Insel Bisevo. Weitere beliebte Ausflugsziele per Schiff sind die Insel Hvar und Brac, die Inseln vor Zadar und in der Kvarner Bucht. Am beliebtesten ist ein Fisch-Picknick, das man eigentlich von allen touristischen Orten entlang der K\u00fcste aus unternehmen kann.<\/p>\n<p><b>Besichtigungen:<\/b> Von den meisten historischen St\u00e4dten aus, wie z. B. Porec, Pula, Rovinj, Zadar, Sibenik, Split, Trogir und Dubrovnik, werden Besichtigungs-Touren zu verschiedenen Sehensw\u00fcrdigkeiten, Museen oder auch Stadtf\u00fchrungen usw. angeboten.<\/p>\n<p><b>Gourmet-Reisen:<\/b> Wenn Sie die echte kroatische K\u00fcche und den ausgezeichneten kroatischen Wein kennenlernen m\u00f6chten, dann ist eine Gourmet-Tour genau das, was Sie machen sollten. Solche Gourmet- und Wein-Exkursionen werden vor allem in den gr\u00f6\u00dferen touristischen St\u00e4dten angeboten.<\/p>\n<p><b>Adventure-Touren:<\/b> Wenn Sie mehr das Abenteuer suchen und k\u00f6rperliche Herausforderungen lieben, dann haben Sie in Kroatien viele M\u00f6glichkeiten, einen Adrenalin-Kick zu erhalten: Hier finden Sie Quad- und Jeep-Safaris, Rafting-Touren, Paragliding, Kletter-Touren und noch eine ganze Menge anderer Unternehmungen mit dem Touch von Abenteuer.<\/p>\n<p><b>Partys:<\/b> Sie wollen im Urlaub vor allem Party machen? Auch daf\u00fcr gibt es jede Menge Angebote. Sie reichen von der normalen Kneipentour \u00fcber den Besuch von Konzerten, Strand-Partys, Boots-Partys bis hin zu den jeweils angesagten Clubs entlang der Adria.<\/p>\n","protected":false},"excerpt":{"rendered":"<p>Kroatien ist bekannt f\u00fcr seine historischen St\u00e4dte, die sch\u00f6ne Natur, die vielen Inseln und das kristallklare Meer. Wenn Sie Ihren Urlaub in Kroatien verbringen und das alles entdecken wollen, sind Sie hier gerade richtig. In unserer Datenbank haben wir f\u00fcr Sie viele Empfehlungen f\u00fcr Exkursionen, Tagesausfl\u00fcge und St\u00e4dte-Touren in Istrien, Dalmatien, dem Kvarner-Gebiet und anderen [&hellip;]<\/p>\n","protected":false},"author":2,"featured_media":2633,"parent":0,"menu_order":0,"comment_status":"open","ping_status":"open","template":"pages-templates\/excursions-search.php","meta":[],"aioseo_notices":[],"_links":{"self":[{"href":"https:\/\/www.buscroatia.com\/de\/wp-json\/wp\/v2\/pages\/1448"}],"collection":[{"href":"https:\/\/www.buscroatia.com\/de\/wp-json\/wp\/v2\/pages"}],"about":[{"href":"https:\/\/www.buscroatia.com\/de\/wp-json\/wp\/v2\/types\/page"}],"author":[{"embeddable":true,"href":"https:\/\/www.buscroatia.com\/de\/wp-json\/wp\/v2\/users\/2"}],"replies":[{"embeddable":true,"href":"https:\/\/www.buscroatia.com\/de\/wp-json\/wp\/v2\/comments?post=1448"}],"version-history":[{"count":11,"href":"https:\/\/www.buscroatia.com\/de\/wp-json\/wp\/v2\/pages\/1448\/revisions"}],"predecessor-version":[{"id":3077,"href":"https:\/\/www.buscroatia.com\/de\/wp-json\/wp\/v2\/pages\/1448\/revisions\/3077"}],"wp:featuredmedia":[{"embeddable":true,"href":"https:\/\/www.buscroatia.com\/de\/wp-json\/wp\/v2\/media\/2633"}],"wp:attachment":[{"href":"https:\/\/www.buscroatia.com\/de\/wp-json\/wp\/v2\/media?parent=1448"}],"curies":[{"name":"wp","href":"https:\/\/api.w.org\/{rel}","templated":true}]}}