{"id":1285,"date":"2013-03-16T19:49:12","date_gmt":"2013-03-16T19:49:12","guid":{"rendered":"http:\/\/www.buscroatia.com\/de\/?page_id=1285"},"modified":"2013-12-21T14:10:13","modified_gmt":"2013-12-21T14:10:13","slug":"stadtbusse-rijeka","status":"publish","type":"page","link":"https:\/\/www.buscroatia.com\/de\/stadtbusse-rijeka\/","title":{"rendered":"Stadtbusse Rijeka"},"content":{"rendered":"<p>Der <b>\u00f6ffentliche Nahverkehr in der Stadt Rijeka<\/b> wird von der Firma KD Autotrolej betrieben. Vom Stadtzentrum aus verbinden 18 Buslinien (Nahverkehr) das gesamte Stadtgebiet miteinander. <b>Die wichtigsten Bushaltestellen in Rijeka f\u00fcr den \u00f6ffentlichen Busverkehr befinden sich am Jelacic-Platz und am Delta-Terminal<\/b>. Von hier aus fahren Busse in alle Stadtteile von Rijeka sowie zu den umliegenden Ortschaften, wie z.B. nach Kastav usw. Der <b>\u00f6ffentliche Verkehr ist aufgeteilt in 4 Zonen<\/b> und die Busse der Gesellschaft KD Autrolej sind gut erkennbar an ihrer orangenen Farbe.<\/p>\n<p><b><span style=\"text-decoration: underline;\">Preise und Fahrkartentarife f\u00fcr den \u00f6ffentlichen Nahverkehr in Rijeka<\/span><\/b><\/p>\n<p>Der \u00f6ffentliche Verkehr in Rijeka bietet Tickets f\u00fcr die einfache Fahrt, die Hin- und R\u00fcckfahrt sowie Tageskarten und Wochenkarten an.<\/p>\n<p>Die <b>Tickets f\u00fcr die einfache Fahrt k\u00f6nnen direkt beim Busfahrer gekauft werden.<\/b> Beachten Sie, dass die Tickets <b>nur bar bezahlt werden k\u00f6nnen<\/b>. Nach dem Kauf muss das Ticket in der Regel in dem daf\u00fcr vorgesehenen Apparat hinter dem Fahrer entwertet werden. Das Ticket ist f\u00fcr eine Fahrt und eine bestimmte Dauer g\u00fcltig und kann dabei zum <b>Umsteigen in mehrere Busse in Richtung des Fahrtzieles verwendet werden<\/b>. Die Frist f\u00fcr Bustickets f\u00fcr die erste Zone betr\u00e4gt 60 Minuten, f\u00fcr die zweite Zone 70 Minuten, f\u00fcr die Zone drei 90 Minuten und 130 Minuten f\u00fcr Zone vier.<br \/>\n<script type=\"text\/javascript\">\/\/ <![CDATA[\ngoogle_ad_client = \"\"; \/* Bus728-de *\/ google_ad_slot = \"7853926611\"; google_ad_width = 728; google_ad_height = 90;\n\/\/ ]]><\/script><br \/>\n<script type=\"text\/javascript\" src=\"https:\/\/pagead2.googlesyndication.com\/pagead\/show_ads.js\">\/\/ <![CDATA[\n\n\n\/\/ ]]><\/script><\/p>\n<p><b>Tickets f\u00fcr die Hin- und R\u00fcckfahrt<\/b> k\u00f6nnen Sie an den <b>Kiosken und in den Shops der KD Autotrolej kaufen<\/b>. Es gelten f\u00fcr diese Tickets die gleichen Bedingungen und Fristen, wie f\u00fcr Tickets, welche direkt im Bus gekauft werden.<\/p>\n<p><b>Tageskarte<\/b> \u2013 Dieses Ticket gilt ab der Zeit, in der Sie den Bus besteigen und ist <b>g\u00fcltig f\u00fcr 24 Stunden<\/b>. W\u00e4hrend dieser Zeit besitzt es G\u00fcltigkeit f\u00fcr eine unbegrenzte Anzahl von Fahrten innerhalb der Zone, f\u00fcr welche Sie es gekauft haben.<\/p>\n<p><b>Wochenkarte<\/b> \u2013 Dieses Ticket ist <b>7 Tage lang g\u00fcltig f\u00fcr eine unbegrenzte Anzahl von Fahrten<\/b> ab dem Zeitpunkt der ersten Nutzung. Es gilt nur f\u00fcr die Person, welche mit ihrem Vor- und Nachnamen auf dem Ticket schriftlich vermerkt ist und kann nicht auf andere Personen \u00fcbertragen werden.<\/p>\n<table width=\"720\" border=\"0\" cellspacing=\"2\" cellpadding=\"2\">\n<tbody>\n<tr>\n<td align=\"center\" width=\"240\">\n<p align=\"center\"><a href=\"https:\/\/www.buscroatia.com\/de\/ferienwohnungen\" target=\"_blank\"><img decoding=\"async\" style=\"margin: 0px 1px 1px;\" alt=\"\" src=\"https:\/\/www.buscroatia.com\/de\/wp-content\/uploads\/info\/Ferienwohnung.jpg\" \/><\/a><\/p>\n<p align=\"center\"><strong><span style=\"color: #000000; font-size: large;\">Rijeka<\/span><\/strong><\/p>\n<\/td>\n<td align=\"center\" width=\"240\">\n<p align=\"center\"><a href=\"https:\/\/www.buscroatia.com\/de\/hotel-rijeka\" target=\"_blank\"><img decoding=\"async\" style=\"margin: 0px 1px 1px;\" alt=\"\" src=\"https:\/\/www.buscroatia.com\/de\/wp-content\/uploads\/info\/Hotels.jpg\" \/><\/a><\/p>\n<p align=\"center\"><strong><span style=\"color: #000000; font-size: large;\"><strong>Rijeka<\/strong><\/span><\/strong><\/p>\n<\/td>\n<td align=\"center\" width=\"240\">\n<p align=\"center\"><a href=\"https:\/\/www.buscroatia.com\/de\/hostel-rijeka\" target=\"_blank\"><img decoding=\"async\" style=\"margin: 0px 1px 1px;\" alt=\"\" src=\"https:\/\/www.buscroatia.com\/de\/wp-content\/uploads\/info\/Herberge.jpg\" \/><\/a><\/p>\n<p align=\"center\"><strong><span style=\"color: #000000; font-size: large;\"><strong>Rijeka<\/strong><\/span><\/strong><\/p>\n<\/td>\n<\/tr>\n<\/tbody>\n<\/table>\n<p><b><span style=\"text-decoration: underline;\">Verkaufsorte f\u00fcr Tickets von KD Autotrolej<\/span><\/b><\/p>\n<ul>\n<li>Jelacic Platz \u2013 werktags von 6.30 bis 19.30 Uhr, samstags 7.30 bis 16.30 Uhr<\/li>\n<li>DELTA &#8211; werktags von 6.30 bis 19.30 Uhr, samstags 7.30 bis 16.30 Uhr<\/li>\n<li>Opatija \u2013 werktags von 9.00 Uhr bis 15.30 Uhr, samstags von 9 Uhr bis 15.30 Uhr<\/li>\n<\/ul>\n<p><span style=\"text-decoration: underline;\"><strong>Nachtverkehr der \u00f6ffentlichen Verkehrsmittel in Rijeka<\/strong><\/span><\/p>\n<p>Rijeka hat auch einen Nachtverkehr auf 3 Linien (<strong>eine<\/strong> <b>detaillierte Karte finden Sie hier<\/b>):<\/p>\n","protected":false},"excerpt":{"rendered":"<p>Der \u00f6ffentliche Nahverkehr in der Stadt Rijeka wird von der Firma KD Autotrolej betrieben. Vom Stadtzentrum aus verbinden 18 Buslinien (Nahverkehr) das gesamte Stadtgebiet miteinander. Die wichtigsten Bushaltestellen in Rijeka f\u00fcr den \u00f6ffentlichen Busverkehr befinden sich am Jelacic-Platz und am Delta-Terminal. Von hier aus fahren Busse in alle Stadtteile von Rijeka sowie zu den umliegenden [&hellip;]<\/p>\n","protected":false},"author":2,"featured_media":2349,"parent":0,"menu_order":0,"comment_status":"open","ping_status":"open","template":"","meta":[],"aioseo_notices":[],"_links":{"self":[{"href":"https:\/\/www.buscroatia.com\/de\/wp-json\/wp\/v2\/pages\/1285"}],"collection":[{"href":"https:\/\/www.buscroatia.com\/de\/wp-json\/wp\/v2\/pages"}],"about":[{"href":"https:\/\/www.buscroatia.com\/de\/wp-json\/wp\/v2\/types\/page"}],"author":[{"embeddable":true,"href":"https:\/\/www.buscroatia.com\/de\/wp-json\/wp\/v2\/users\/2"}],"replies":[{"embeddable":true,"href":"https:\/\/www.buscroatia.com\/de\/wp-json\/wp\/v2\/comments?post=1285"}],"version-history":[{"count":9,"href":"https:\/\/www.buscroatia.com\/de\/wp-json\/wp\/v2\/pages\/1285\/revisions"}],"predecessor-version":[{"id":2237,"href":"https:\/\/www.buscroatia.com\/de\/wp-json\/wp\/v2\/pages\/1285\/revisions\/2237"}],"wp:featuredmedia":[{"embeddable":true,"href":"https:\/\/www.buscroatia.com\/de\/wp-json\/wp\/v2\/media\/2349"}],"wp:attachment":[{"href":"https:\/\/www.buscroatia.com\/de\/wp-json\/wp\/v2\/media?parent=1285"}],"curies":[{"name":"wp","href":"https:\/\/api.w.org\/{rel}","templated":true}]}}