{"id":1258,"date":"2013-03-16T18:57:02","date_gmt":"2013-03-16T18:57:02","guid":{"rendered":"http:\/\/www.buscroatia.com\/de\/?page_id=1258"},"modified":"2013-12-24T12:54:45","modified_gmt":"2013-12-24T12:54:45","slug":"stadtbusse-dubrovnik","status":"publish","type":"page","link":"https:\/\/www.buscroatia.com\/de\/stadtbusse-dubrovnik\/","title":{"rendered":"Stadtbusse Dubrovnik"},"content":{"rendered":"<p><a href=\"https:\/\/www.buscroatia.com\/de\/wp-content\/uploads\/2013\/03\/Pile-Tor-Dubrovnik.jpg\" rel=\"lightbox[1258]\"><img decoding=\"async\" loading=\"lazy\" class=\"alignright size-medium wp-image-1251\" alt=\"Pile Tor Dubrovnik\" src=\"https:\/\/www.buscroatia.com\/de\/wp-content\/uploads\/2013\/03\/Pile-Tor-Dubrovnik-300x225.jpg\" width=\"300\" height=\"225\" srcset=\"https:\/\/www.buscroatia.com\/de\/wp-content\/uploads\/2013\/03\/Pile-Tor-Dubrovnik-300x225.jpg 300w, https:\/\/www.buscroatia.com\/de\/wp-content\/uploads\/2013\/03\/Pile-Tor-Dubrovnik.jpg 1024w\" sizes=\"(max-width: 300px) 100vw, 300px\" \/><\/a>Wenn Sie <b>w\u00e4hrend Ihren Aufenthaltes in Dubrovnik<\/b> nach eine <b>preiswerten und zuverl\u00e4ssigen Transportmittel<\/b>, dann sind die Stadtbusse die richtige L\u00f6sung. Der <b>\u00f6ffentliche Nahverkehr in Dubrovnik<\/b> wird von der Firma Libertas betrieben und es gibt 10 Buslinien, die s\u00e4mtliche Stadtteile von Dubrovnik miteinander verbinden. Vor allem das <b>Stadtzentrum ist mit den restlichen Vierteln von Dubrovnik sehr gut verbunden<\/b>. Die zentrale Haltestelle befindet sich in Pile unmittelbar neben dem Eingang zu den alten Stadtmauern.<\/p>\n<p><b>Nach Lapad und Babin Kuk<\/b>, wo sich die gr\u00f6\u00dfte Zahl der Hotels und privaten Unterk\u00fcnfte befindet, <b>verkehren die Buslinien 4 (Lapad) und 6 (Babin kuk)<\/b>, die von Pile alle 15 Minuten abfahren. <a href=\"https:\/\/www.buscroatia.com\/map-city-buses-dubrovnik\" target=\"_blank\">Hier<\/a> finden Sie eine \u00dcbersicht aller Stadtbusse und <a href=\"https:\/\/www.buscroatia.com\/timetable-city-buses-dubrovnik\" target=\"_blank\">hier<\/a> kann man die Abfahrtszeiten der Stadtbusse sehen.<\/p>\n<p><b><span style=\"text-decoration: underline;\">Bus-Tickets und Fahrpreise f\u00fcr die \u00f6ffentlichen Verkehrsmittel in Dubrovnik<\/span><\/b><\/p>\n<p>Die Tickets f\u00fcr die \u00f6ffentlichen Verkehrsmittel <b>kauft man entweder direkt beim Busfahrer oder an einem Kiosk der Gesellschaft Libertas<\/b>, die sich in den Stadtteilen Pile, Lapad, Gruz oder Mokosica befinden. Wenn Sie das <b>Ticket im Bus beim Fahrer kaufen betr\u00e4gt der Preis 15 kn<\/b>, kaufen Sie es jedoch am Kiosk, so betr\u00e4gt der Preis nur 12 kn. Das Ticket kann <b>nur bar bezahlt werden<\/b>. Es hat eine Geltungsdauer von 59 Minuten ab dem Abstempeln \/ Entwerten und kann i<b>n allen Richtungen verwendet werden<\/b>.<br \/>\n<script type=\"text\/javascript\">\/\/ <![CDATA[\ngoogle_ad_client = \"\";\n\/* Bus728-de *\/\ngoogle_ad_slot = \"7853926611\";\ngoogle_ad_width = 728;\ngoogle_ad_height = 90;\n\/\/ ]]><\/script><br \/>\n<script type=\"text\/javascript\" src=\"https:\/\/pagead2.googlesyndication.com\/pagead\/show_ads.js\">\/\/ <![CDATA[\n\n\/\/ ]]><\/script><\/p>\n<p><b>Anders als in anderen St\u00e4dten entlang der K\u00fcste<\/b>, k\u00f6nnen Sie in Dubrovnik das Ticket auch f\u00fcr eine R\u00fcckfahrt verwenden. Wenn Sie z.B. vom Stadtzentrum nach Babin Kuk und zur\u00fcck fahren, <b>gilt es in beide Richtungen bis zu einer Fahrzeit von insgesamt 59 Minuten <\/b>oder darunter. <b>In Dubrovnik gibt es auch Tageskarten<\/b>, die 24 Stunden g\u00fcltig sind ab der ersten Entwertung. Mit diesen Tageskarten gibt es keine Beschr\u00e4nkung bei der Zahl der Fahrten w\u00e4hrend dieser 24 Stunden. Der <b>Preis f\u00fcr die Tageskarte betr\u00e4gt 30 kn<\/b> und sie kann bei den oben erw\u00e4hnten Verkaufsstellen von Libertas gekauft werden. Kinder unter 6 Jahren in Begleitung eines Erwachsenen k\u00f6nnen den \u00f6ffentlichen Nahverkehr kostenlos nutzen.<\/p>\n<table width=\"720\" border=\"0\" cellspacing=\"2\" cellpadding=\"2\">\n<tbody>\n<tr>\n<td align=\"center\" width=\"240\">\n<p align=\"center\"><a href=\"https:\/\/www.buscroatia.com\/de\/fewo-dubrovnik\"><img decoding=\"async\" style=\"margin: 0px 1px 1px;\" alt=\"\" src=\"https:\/\/www.buscroatia.com\/de\/wp-content\/uploads\/info\/Ferienwohnung.jpg\" \/><\/a><\/p>\n<p align=\"center\"><strong><span style=\"color: #000000; font-size: large;\">Dubrovnik<\/span><\/strong><\/p>\n<\/td>\n<td align=\"center\" width=\"240\">\n<p align=\"center\"><a href=\"https:\/\/www.buscroatia.com\/de\/hotel-dubrovnik\" target=\"_blank\"><img decoding=\"async\" style=\"margin: 0px 1px 1px;\" alt=\"\" src=\"https:\/\/www.buscroatia.com\/de\/wp-content\/uploads\/info\/Hotels.jpg\" \/><\/a><\/p>\n<p align=\"center\"><strong><span style=\"color: #000000; font-size: large;\"><strong>Dubrovnik<\/strong><\/span><\/strong><\/p>\n<\/td>\n<td align=\"center\" width=\"240\">\n<p align=\"center\"><a href=\"https:\/\/www.buscroatia.com\/de\/hostel-dubrovnik\" target=\"_blank\"><img decoding=\"async\" style=\"margin: 0px 1px 1px;\" alt=\"\" src=\"https:\/\/www.buscroatia.com\/de\/wp-content\/uploads\/info\/Herberge.jpg\" \/><\/a><\/p>\n<p align=\"center\"><strong><span style=\"color: #000000; font-size: large;\"><strong>Dubrovnik<\/strong><\/span><\/strong><\/p>\n<\/td>\n<\/tr>\n<\/tbody>\n<\/table>\n<p><b><span style=\"text-decoration: underline;\">Weitere Tipps zu den \u00f6ffentlichen Verkehrsmitteln in Dubrovnik<\/span><\/b><\/p>\n<p>Wenn Sie in den Bus einsteigen, <b>zeigen Sie das Ticket dem Fahrer und entwerten Sie es in dem Ger\u00e4t<\/b>, das sich in der Regel hinter dem Fahrer befindet. Sie sollten auch wissen, dass es <b>sehr h\u00e4ufige Kontrollen gibt<\/b>, bei denen Sie Ihr Ticket einem Kontrolleur vorzeigen m\u00fcssen. Wenn Sie dabei kein Ticket besitzen oder es nicht ordnungsgem\u00e4\u00df entwertet ist, wird <b>sofort eine Geldstrafe in H\u00f6he von 100 kn f\u00e4llig<\/b>, die an Ort und Stelle zu bezahlen ist. Die \u00f6ffentlichen Verkehrsmittel in Dubrovnik verkehren von 5.00 Uhr bis 24.00 Uhr.<\/p>\n<p>Das Unternehmen Libertas hat auch eine <b>kostenlose Telefonnummer<\/b> &#8211; 0800 1910 \u2013 \u00fcber die Sie Auskunft erhalten k\u00f6nnen oder \u00fcber die Sie sich auch in Zusammenhang mit den \u00f6ffentlichen Verkehrsmitteln beschweren k\u00f6nnen.<\/p>\n\n\t\t<style type=\"text\/css\">\n\t\t\t#gallery-1 {\n\t\t\t\tmargin: auto;\n\t\t\t}\n\t\t\t#gallery-1 .gallery-item {\n\t\t\t\tfloat: left;\n\t\t\t\tmargin-top: 10px;\n\t\t\t\ttext-align: center;\n\t\t\t\twidth: 25%;\n\t\t\t}\n\t\t\t#gallery-1 img {\n\t\t\t\tborder: 2px solid #cfcfcf;\n\t\t\t}\n\t\t\t#gallery-1 .gallery-caption {\n\t\t\t\tmargin-left: 0;\n\t\t\t}\n\t\t\t\/* see gallery_shortcode() in wp-includes\/media.php *\/\n\t\t<\/style>\n\t\t<div id='gallery-1' class='gallery galleryid-1258 gallery-columns-4 gallery-size-thumbnail'><dl class='gallery-item'>\n\t\t\t<dt class='gallery-icon landscape'>\n\t\t\t\t<a href='https:\/\/www.buscroatia.com\/de\/dubrovnik-bruecke\/'><img width=\"150\" height=\"150\" src=\"https:\/\/www.buscroatia.com\/de\/wp-content\/uploads\/2013\/03\/Dubrovnik-Bruecke-150x150.jpg\" class=\"attachment-thumbnail size-thumbnail\" alt=\"Dubrovnik Bruecke\" decoding=\"async\" loading=\"lazy\" \/><\/a>\n\t\t\t<\/dt><\/dl><dl class='gallery-item'>\n\t\t\t<dt class='gallery-icon landscape'>\n\t\t\t\t<a href='https:\/\/www.buscroatia.com\/de\/die-mauer-in-dubrovnik\/'><img width=\"150\" height=\"150\" src=\"https:\/\/www.buscroatia.com\/de\/wp-content\/uploads\/2013\/03\/Die-mauer-in-Dubrovnik-150x150.jpg\" class=\"attachment-thumbnail size-thumbnail\" alt=\"Die mauer in Dubrovnik\" decoding=\"async\" loading=\"lazy\" \/><\/a>\n\t\t\t<\/dt><\/dl><dl class='gallery-item'>\n\t\t\t<dt class='gallery-icon landscape'>\n\t\t\t\t<a href='https:\/\/www.buscroatia.com\/de\/hotel-hilton-dubrovnik\/'><img width=\"150\" height=\"150\" src=\"https:\/\/www.buscroatia.com\/de\/wp-content\/uploads\/2013\/03\/Hotel-Hilton-Dubrovnik-150x150.jpg\" class=\"attachment-thumbnail size-thumbnail\" alt=\"Hotel Hilton Dubrovnik\" decoding=\"async\" loading=\"lazy\" \/><\/a>\n\t\t\t<\/dt><\/dl><dl class='gallery-item'>\n\t\t\t<dt class='gallery-icon landscape'>\n\t\t\t\t<a href='https:\/\/www.buscroatia.com\/de\/katedrale-dubrovnik\/'><img width=\"150\" height=\"150\" src=\"https:\/\/www.buscroatia.com\/de\/wp-content\/uploads\/2013\/03\/Katedrale-Dubrovnik-150x150.jpg\" class=\"attachment-thumbnail size-thumbnail\" alt=\"Katedrale Dubrovnik\" decoding=\"async\" loading=\"lazy\" \/><\/a>\n\t\t\t<\/dt><\/dl><br style=\"clear: both\" \/><dl class='gallery-item'>\n\t\t\t<dt class='gallery-icon landscape'>\n\t\t\t\t<a href='https:\/\/www.buscroatia.com\/de\/dubrovnik-festung\/'><img width=\"150\" height=\"150\" src=\"https:\/\/www.buscroatia.com\/de\/wp-content\/uploads\/2013\/03\/Dubrovnik-Festung-150x150.jpg\" class=\"attachment-thumbnail size-thumbnail\" alt=\"Dubrovnik Festung\" decoding=\"async\" loading=\"lazy\" \/><\/a>\n\t\t\t<\/dt><\/dl><dl class='gallery-item'>\n\t\t\t<dt class='gallery-icon landscape'>\n\t\t\t\t<a href='https:\/\/www.buscroatia.com\/de\/marina-dubrovnik-2\/'><img width=\"150\" height=\"150\" src=\"https:\/\/www.buscroatia.com\/de\/wp-content\/uploads\/2013\/03\/Marina-Dubrovnik1-150x150.jpg\" class=\"attachment-thumbnail size-thumbnail\" alt=\"Marina Dubrovnik\" decoding=\"async\" loading=\"lazy\" \/><\/a>\n\t\t\t<\/dt><\/dl><dl class='gallery-item'>\n\t\t\t<dt class='gallery-icon landscape'>\n\t\t\t\t<a href='https:\/\/www.buscroatia.com\/de\/alstadt-dubrovnik\/'><img width=\"150\" height=\"150\" src=\"https:\/\/www.buscroatia.com\/de\/wp-content\/uploads\/2013\/03\/Alstadt-Dubrovnik-150x150.jpg\" class=\"attachment-thumbnail size-thumbnail\" alt=\"Altstadt Dubrovnik\" decoding=\"async\" loading=\"lazy\" \/><\/a>\n\t\t\t<\/dt><\/dl><dl class='gallery-item'>\n\t\t\t<dt class='gallery-icon landscape'>\n\t\t\t\t<a href='https:\/\/www.buscroatia.com\/de\/hochzeit-dubrovnik\/'><img width=\"150\" height=\"150\" src=\"https:\/\/www.buscroatia.com\/de\/wp-content\/uploads\/2013\/03\/Hochzeit-Dubrovnik-150x150.jpg\" class=\"attachment-thumbnail size-thumbnail\" alt=\"Hochzeit Dubrovnik\" decoding=\"async\" loading=\"lazy\" \/><\/a>\n\t\t\t<\/dt><\/dl><br style=\"clear: both\" \/>\n\t\t<\/div>\n\n<p><b><span style=\"text-decoration: underline;\">Nahverkehr Dubrovnik<\/span><\/b><\/p>\n<p>Der \u00f6ffentliche Verkehr verbindet das Zentrum von Dubrovnik auch mit den Vorst\u00e4dten. Am beliebtesten ist dabei die <b>Verbindung nach Cavtat<\/b>, wohin die Buslinie 10 in einem Abstand von jeweils 45 bis 60 Minuten verkehrt. Abfahrt ist in Gruz in Dubrovnik.<\/p>\n<p>Die <b>Fahrt nach Cavtat dauert 25 Minuten<\/b> und der Fahrpreis betr\u00e4gt 25 kn. Dubrovnik ist dar\u00fcber hinaus mit den Vororten Slano, Ston, Molunat, Plat und Srebreno verbunden. Die <b>Fahrpl\u00e4ne f\u00fcr diese Busverbindungen finden Sie<\/b> <a href=\"https:\/\/www.buscroatia.com\/timetable-local-buses-dubrovnik\" target=\"_blank\">hier<\/a> und <a href=\"https:\/\/www.buscroatia.com\/map-suburban-buses-dubrovnik\" target=\"_blank\">hier<\/a> sehen Sie eine Karte der Fahrtrouten von Dubrovnik aus.<\/p>\n","protected":false},"excerpt":{"rendered":"<p>Wenn Sie w\u00e4hrend Ihren Aufenthaltes in Dubrovnik nach eine preiswerten und zuverl\u00e4ssigen Transportmittel, dann sind die Stadtbusse die richtige L\u00f6sung. Der \u00f6ffentliche Nahverkehr in Dubrovnik wird von der Firma Libertas betrieben und es gibt 10 Buslinien, die s\u00e4mtliche Stadtteile von Dubrovnik miteinander verbinden. Vor allem das Stadtzentrum ist mit den restlichen Vierteln von Dubrovnik sehr [&hellip;]<\/p>\n","protected":false},"author":2,"featured_media":1251,"parent":0,"menu_order":0,"comment_status":"open","ping_status":"open","template":"","meta":[],"aioseo_notices":[],"_links":{"self":[{"href":"https:\/\/www.buscroatia.com\/de\/wp-json\/wp\/v2\/pages\/1258"}],"collection":[{"href":"https:\/\/www.buscroatia.com\/de\/wp-json\/wp\/v2\/pages"}],"about":[{"href":"https:\/\/www.buscroatia.com\/de\/wp-json\/wp\/v2\/types\/page"}],"author":[{"embeddable":true,"href":"https:\/\/www.buscroatia.com\/de\/wp-json\/wp\/v2\/users\/2"}],"replies":[{"embeddable":true,"href":"https:\/\/www.buscroatia.com\/de\/wp-json\/wp\/v2\/comments?post=1258"}],"version-history":[{"count":9,"href":"https:\/\/www.buscroatia.com\/de\/wp-json\/wp\/v2\/pages\/1258\/revisions"}],"predecessor-version":[{"id":1954,"href":"https:\/\/www.buscroatia.com\/de\/wp-json\/wp\/v2\/pages\/1258\/revisions\/1954"}],"wp:featuredmedia":[{"embeddable":true,"href":"https:\/\/www.buscroatia.com\/de\/wp-json\/wp\/v2\/media\/1251"}],"wp:attachment":[{"href":"https:\/\/www.buscroatia.com\/de\/wp-json\/wp\/v2\/media?parent=1258"}],"curies":[{"name":"wp","href":"https:\/\/api.w.org\/{rel}","templated":true}]}}