{"id":12,"date":"2012-01-05T13:14:37","date_gmt":"2012-01-05T13:14:37","guid":{"rendered":"http:\/\/www.buscroatia.com\/de\/?page_id=12"},"modified":"2024-05-07T10:48:39","modified_gmt":"2024-05-07T10:48:39","slug":"busbahnhof-dubrovnik","status":"publish","type":"page","link":"https:\/\/www.buscroatia.com\/de\/busbahnhof-dubrovnik\/","title":{"rendered":"Busbahnhof Dubrovnik"},"content":{"rendered":"\n<figure class=\"wp-block-image size-full\"><a href=\"https:\/\/www.buscroatia.com\/de\/wp-content\/uploads\/2024\/05\/Busbahnhof-Dubrovnik.jpeg\" rel=\"lightbox[12]\"><img decoding=\"async\" loading=\"lazy\" width=\"1024\" height=\"768\" src=\"https:\/\/www.buscroatia.com\/de\/wp-content\/uploads\/2024\/05\/Busbahnhof-Dubrovnik.jpeg\" alt=\"Busbahnhof Dubrovnik\" class=\"wp-image-178964\" srcset=\"https:\/\/www.buscroatia.com\/de\/wp-content\/uploads\/2024\/05\/Busbahnhof-Dubrovnik.jpeg 1024w, https:\/\/www.buscroatia.com\/de\/wp-content\/uploads\/2024\/05\/Busbahnhof-Dubrovnik-300x225.jpeg 300w, https:\/\/www.buscroatia.com\/de\/wp-content\/uploads\/2024\/05\/Busbahnhof-Dubrovnik-768x576.jpeg 768w\" sizes=\"(max-width: 1024px) 100vw, 1024px\" \/><\/a><figcaption class=\"wp-element-caption\">Busbahnhof Dubrovnik<\/figcaption><\/figure>\n\n\n\n<p>Der Busbahnhof Dubrovnik befindet sich in Gruz und ist 3 km von der Altstadt entfernt, dem Zentrum von Dubrovnik. Der k\u00fcrzlich erbaute Busbahnhof liegt in der N\u00e4he des Hafens. Neben internationalen Linien gibt es t\u00e4glich Intercity-Buslinien zwischen Dubrovnik und allen gro\u00dfen St\u00e4dten in Kroatien.<\/p>\n\n\n\n<h3>Wie kommt man vom Busbahnhof Dubrovnik in die Altstadt?<\/h3>\n\n\n\n<p>Vom Busbahnhof aus erreichen Sie die Altstadt und andere Teile von Dubrovnik leicht mit den Stadtbuslinien.<\/p>\n\n\n\n<ul>\n<li><strong>Bus Nr. 1, 1a, 1b, 3<\/strong> fahren zum Pile-Tor (Eingang zur Altstadt).<\/li>\n\n\n\n<li><strong>Bus Nr. 7<\/strong> f\u00e4hrt in die Stadtteile Lapad und Babin Kuk.<\/li>\n\n\n\n<li><strong>Bus Nr. 8<\/strong> f\u00e4hrt in die Stadtteile Plo\u010de und Sveti Jakov.<\/li>\n<\/ul>\n\n\n\n<p>Wenn Sie nicht mit dem Bus zur Altstadt oder zu Ihrer Unterkunft fahren m\u00f6chten, k\u00f6nnen Sie auch ein Taxi, Uber oder Bolt w\u00e4hlen. Der regul\u00e4re Preis sollte etwa 12 Euro betragen.<\/p>\n\n\n\n<h3>Dienstleistungen am Busbahnhof Dubrovnik<\/h3>\n\n\n\n<p>Neben den Informations- und Verkaufsdiensten bietet der Busbahnhof Dubrovnik eine Gep\u00e4ckaufbewahrung (stundenweise bezahlt), einen kleinen beheizten\/gek\u00fchlten Wartesaal, kostenpflichtige Toiletten, kostenloses WLAN, einen Taxistand und einen Zeitungskiosk im Vorderbereich. In der N\u00e4he des Busbahnhofs finden Sie eine der Informationsstellen des Dubrovniker Fremdenverkehrsamtes.<\/p>\n\n\n\n<h3>Beliebteste Busstrecken vom Busbahnhof Dubrovnik<\/h3>\n\n\n\n<p>Von Dubrovnik aus k\u00f6nnen Sie die meisten Ziele innerhalb Kroatiens erreichen, zus\u00e4tzlich gibt es internationale Verbindungen, unter anderem nach Montenegro, Bosnien und Deutschland. Wenn Sie Ziele n\u00f6rdlich von Split ansteuern, haben Sie in den meisten F\u00e4llen mehr Reisem\u00f6glichkeiten, wenn Sie einen Bus von Dubrovnik nach Split nehmen und dann von Split zu Ihrem Endziel weiterreisen. Die beliebtesten Ziele ab Dubrovnik:<\/p>\n\n\n\n<figure class=\"wp-block-table\"><table><tbody><tr><td><span style=\"color: #0000ff; text-decoration: underline;\">Intercity busse<\/span><\/td><td><span style=\"color: #0000ff; text-decoration: underline;\">Regionale busverbindungen<\/span><\/td><td><span style=\"text-decoration: underline;\"><span style=\"color: #0000ff; text-decoration: underline;\">Internationale buslinien<\/span><\/span><\/td><\/tr><tr><td><a title=\"Bus Dubrovnik Zagreb\" href=\"https:\/\/www.buscroatia.com\/de\/bus-dubrovnik-zagreb\/\" target=\"_blank\" rel=\"noopener\">Dubrovnik &#8211; Zagreb<\/a><\/td><td><a title=\"Bus Dubrovnik Flughafen\" href=\"https:\/\/www.buscroatia.com\/de\/bus-dubrovnik-flughafen\/\" target=\"_blank\" rel=\"noopener\">Dubrovnik &#8211; Flughafen<\/a><\/td><td><a title=\"Von Dubrovnik nach Mostar\" href=\"https:\/\/www.buscroatia.com\/de\/bus-dubrovnik-mostar\/\" target=\"_blank\" rel=\"noopener\">Dubrovnik &#8211; Mostar<\/a><\/td><\/tr><tr><td><a title=\"Bus Dubrovnik Split\" href=\"https:\/\/www.buscroatia.com\/de\/bus-dubrovnik-split\/\" target=\"_blank\" rel=\"noopener\">Dubrovnik &#8211; Split<\/a><\/td><td><a title=\"Bus Dubrovnik Cavtat\" href=\"https:\/\/www.buscroatia.com\/de\/bus-dubrovnik-cavtat\/\" target=\"_blank\" rel=\"noopener\">Dubrovnik &#8211; Cavtat<\/a><\/td><td><a title=\"Bus von Dubrovnik nach Medjugorje\" href=\"https:\/\/www.buscroatia.com\/de\/bus-dubrovnik-medjugorje\/\">Dubrovnik- Medjogorje<\/a><\/td><\/tr><tr><td><a title=\"Bus Dubrovnik Zadar\" href=\"https:\/\/www.buscroatia.com\/de\/bus-dubrovnik-zadar\/\" target=\"_blank\" rel=\"noopener\">Dubrovnik &#8211; Zadar<\/a><\/td><td><a title=\"Bus Dubrovnik Brela\" href=\"https:\/\/www.buscroatia.com\/de\/bus-dubrovnik-brela\/\" target=\"_blank\" rel=\"noopener\">Dubrovnik &#8211; Brela<\/a><\/td><td><a title=\"Bus Dubrovnik Sarajevo\" href=\"https:\/\/www.buscroatia.com\/de\/bus-dubrovnik-sarajevo\/\" target=\"_blank\" rel=\"noopener\">Dubrovnik &#8211; Sarajevo<\/a><\/td><\/tr><tr><td><a title=\"Bus Dubrovnik Plitvicer seen\" href=\"https:\/\/www.buscroatia.com\/de\/bus-dubrovnik-plitvicer-seen\/\" target=\"_blank\" rel=\"noopener\">Dubrovnik &#8211; Plitvicer Seen<\/a><\/td><td>&nbsp;<a title=\"Stadtbusse Dubrovnik\" href=\"https:\/\/www.buscroatia.com\/de\/stadtbusse-dubrovnik\/\">Stadtbusse Dubrovnik<\/a><\/td><td><a title=\"Bus Dubrovnik Budva\" href=\"https:\/\/www.buscroatia.com\/de\/bus-dubrovnik-budva\/\">Dubrovnik &#8211; Budva<\/a><\/td><\/tr><tr><td><a title=\"Bus Dubrovnik Korcula\" href=\"https:\/\/www.buscroatia.com\/de\/bus-dubrovnik-korcula\/\">Dubrovnik &#8211; Korcula<\/a><\/td><td>&nbsp;<\/td><td><a title=\"Bus Dubrovnik Podgorica\" href=\"https:\/\/www.buscroatia.com\/de\/bus-dubrovnik-podgorica\/\">Dubrovnik &#8211; Podgorica<\/a><\/td><\/tr><tr><td><a title=\"Bus Dubrovnik Makarska\" href=\"https:\/\/www.buscroatia.com\/de\/bus-dubrovnik-makarska\/\">Dubrovnik &#8211; Makarska<\/a><\/td><td>&nbsp;<\/td><td>&nbsp;<\/td><\/tr><tr><td>&nbsp;<\/td><td>&nbsp;<\/td><td>&nbsp;<\/td><\/tr><\/tbody><\/table><\/figure>\n\n\n\n<h2>Video Busbahnhof Dubrovnik<\/h2>\n\n\n\n<div style=\"position: relative; overflow: hidden; padding-top: 56.25%; width: 100%;\">\n    <iframe src=\"https:\/\/www.youtube.com\/embed\/abywp_wTq9Q?si=VSJdLSCqbrUx2Awa\" title=\"YouTube video player\" frameborder=\"0\" style=\"position: absolute; top: 0; left: 0; width: 100%; height: 100%;\" allow=\"accelerometer; autoplay; clipboard-write; encrypted-media; gyroscope; picture-in-picture; web-share\" allowfullscreen=\"\"><\/iframe><\/div>\n\n\n\n<h2>FAQ &#8211; Busbahnhof Dubrovnik<\/h2>\n\n\n\n<h3>Wo befindet sich der Busbahnhof Dubrovnik?<\/h3>\n\n\n\n<p>Der Fernbusbahnhof von Dubrovnik befindet sich 3 km von der Altstadt entfernt im Stadtteil Gruz, nahe dem <a href=\"https:\/\/getbyferry.com\/de\/hafen\/dubrovnik\">F\u00e4hrhafen<\/a>. Die Adresse ist Obala pape Ivana Pavla II 44 A, 20000 Dubrovnik.<\/p>\n\n\n\n<h3>Gibt es eine Busverbindung zum Flughafen vom Busbahnhof?<\/h3>\n\n\n\n<p>Ja, es gibt einen Flughafenshuttle, der vom Busbahnhof Dubrovnik abf\u00e4hrt und unterwegs an der Haltestelle Grawe und bei der Seilbahnstation \u00fcber der Altstadt h\u00e4lt.<\/p>\n\n\n\n<h3>Gibt es eine Gep\u00e4ckaufbewahrung am Busbahnhof Dubrovnik?<\/h3>\n\n\n\n<p>Ja, es gibt eine Gep\u00e4ckaufbewahrung, jedoch ist aufgrund der Preisstruktur diese nur f\u00fcr die Aufbewahrung von Gep\u00e4ck f\u00fcr einige Stunden geeignet. Wenn Sie eine langfristigere Aufbewahrung ben\u00f6tigen (1 Tag oder mehr), gibt es g\u00fcnstigere Optionen in der N\u00e4he der Altstadt.<\/p>\n\n\n\n<h3>F\u00e4hrt der Bus nach Cavtat vom Busbahnhof ab?<\/h3>\n\n\n\n<p>Ja, der Bus nach Cavtat und andere kleinere St\u00e4dte in der N\u00e4he von Dubrovnik f\u00e4hrt vom Busbahnhof ab.<\/p>\n\n\n\n<h3>Ist der F\u00e4hrhafen nahe am Busbahnhof Dubrovnik?<\/h3>\n\n\n\n<p>Ja, der F\u00e4hrhafen von Dubrovnik und der Busbahnhof sind ziemlich nah beieinander (600 Meter oder 10 Minuten zu Fu\u00df).<\/p>\n\n\n\n<h3>Wie komme ich vom Busbahnhof zur Altstadt in Dubrovnik?<\/h3>\n\n\n\n<p>Bus Nr. 1, 1a, 1b, 3 fahren vor dem Busbahnhof ab und bringen Sie zum Pile-Tor, dem Eingang zur Altstadt. Alternativ stehen immer Taxis vor dem Busbahnhof bereit.<\/p>\n\n\n\n<h2>Adresse des Busbahnhof Dubrovnik:<\/h2>\n\n\n\n<p>Die Adresse des Busbahnhofs lautet: Obala pape Ivana Pavla II 44 A, 20000 Dubrovnik.<\/p>\n\n\n\n<h3>Telefonnummer:<\/h3>\n\n\n\n<p>+385 (0)60 305-070 (Premiumnummer)<\/p>\n\n\n\n<h2>Standort Busbahnhof: &#8211; Karte Busbahnhof Dubrovnik<\/h2>\n\n\n\n<p><iframe loading=\"lazy\" src=\"https:\/\/maps.google.co.uk\/maps\/ms?msid=208501521610253693382.0004b7eec1d90431054dc&amp;msa=0&amp;ie=UTF8&amp;t=h&amp;ll=42.663882,18.081919&amp;spn=0.00355,0.006427&amp;z=17&amp;output=embed\" width=\"700\" height=\"450\" frameborder=\"0\" marginwidth=\"0\" marginheight=\"0\" scrolling=\"no\"><br><small>View <a style=\"color: #0000ff; text-align: left;\" href=\"https:\/\/maps.google.co.uk\/maps\/ms?msid=208501521610253693382.0004b7eec1d90431054dc&amp;msa=0&amp;ie=UTF8&amp;t=h&amp;ll=42.663882,18.081919&amp;spn=0.00355,0.006427&amp;z=17&amp;source=embed\">Bus Station Dubrovnik<\/a> in a larger map<\/small><\/p>\n","protected":false},"excerpt":{"rendered":"<p>Der Busbahnhof Dubrovnik befindet sich in Gruz und ist 3 km von der Altstadt entfernt, dem Zentrum von Dubrovnik. Der k\u00fcrzlich erbaute Busbahnhof liegt in der N\u00e4he des Hafens. Neben internationalen Linien gibt es t\u00e4glich Intercity-Buslinien zwischen Dubrovnik und allen gro\u00dfen St\u00e4dten in Kroatien. Wie kommt man vom Busbahnhof Dubrovnik in die Altstadt? Vom Busbahnhof [&hellip;]<\/p>\n","protected":false},"author":1,"featured_media":1253,"parent":0,"menu_order":0,"comment_status":"open","ping_status":"open","template":"pages-templates\/bus-station.php","meta":[],"aioseo_notices":[],"_links":{"self":[{"href":"https:\/\/www.buscroatia.com\/de\/wp-json\/wp\/v2\/pages\/12"}],"collection":[{"href":"https:\/\/www.buscroatia.com\/de\/wp-json\/wp\/v2\/pages"}],"about":[{"href":"https:\/\/www.buscroatia.com\/de\/wp-json\/wp\/v2\/types\/page"}],"author":[{"embeddable":true,"href":"https:\/\/www.buscroatia.com\/de\/wp-json\/wp\/v2\/users\/1"}],"replies":[{"embeddable":true,"href":"https:\/\/www.buscroatia.com\/de\/wp-json\/wp\/v2\/comments?post=12"}],"version-history":[{"count":29,"href":"https:\/\/www.buscroatia.com\/de\/wp-json\/wp\/v2\/pages\/12\/revisions"}],"predecessor-version":[{"id":178976,"href":"https:\/\/www.buscroatia.com\/de\/wp-json\/wp\/v2\/pages\/12\/revisions\/178976"}],"wp:featuredmedia":[{"embeddable":true,"href":"https:\/\/www.buscroatia.com\/de\/wp-json\/wp\/v2\/media\/1253"}],"wp:attachment":[{"href":"https:\/\/www.buscroatia.com\/de\/wp-json\/wp\/v2\/media?parent=12"}],"curies":[{"name":"wp","href":"https:\/\/api.w.org\/{rel}","templated":true}]}}